{"id":3337,"date":"2020-01-17T16:29:22","date_gmt":"2020-01-17T15:29:22","guid":{"rendered":"https:\/\/adrianb9.sg-host.com\/?post_type=product&#038;p=3337"},"modified":"2024-04-16T14:57:35","modified_gmt":"2024-04-16T12:57:35","slug":"spray-protectie-modulo","status":"publish","type":"product","link":"https:\/\/ateliermodulo.fr\/ro\/produs\/spray-protectie-modulo\/","title":{"rendered":"Spray protectie MODULO"},"content":{"rendered":"<p>Spray-ul de protec\u021bie Modulo este un produs oleofug \u0219i hidrofug. Spray-ul de protectie MODULO a fost special formulat pentru gama MODULO \u0219i va proteja produsele de stropirea cu ap\u0103. O sticl\u0103 de spray va proteja, \u00een medie, 9 m2. Spray-ul este gata de utilizare \u0219i trebuie s\u0103 fie aplicat pe \u00eentreaga suprafa\u021b\u0103 a pl\u0103cilor, dup\u0103 instalare, dup\u0103 ce pl\u0103cile \u0219i rosturile sunt complet uscate.<\/p>\n","protected":false},"excerpt":{"rendered":"<p>Spray-ul de protec\u021bie Modulo este un produs oleofug \u0219i hidrofug. Spray-ul de protectie MODULO a fost special formulat pentru gama MODULO \u0219i va proteja produsele de stropirea cu ap\u0103. O sticl\u0103 de spray va proteja, \u00een medie, 9 m2. Spray-ul este gata de utilizare \u0219i trebuie s\u0103 fie aplicat pe \u00eentreaga suprafa\u021b\u0103 a pl\u0103cilor, dup\u0103 [&hellip;]<\/p>\n","protected":false},"featured_media":19829,"template":"","meta":[],"product_brand":[],"product_cat":[161,1307],"product_tag":[765],"class_list":{"0":"post-3337","1":"product","2":"type-product","3":"status-publish","4":"has-post-thumbnail","6":"product_cat-exterior-interior","7":"product_cat-solutii-de-protectie","8":"product_tag-accesorii","10":"first","11":"instock","12":"shipping-taxable","13":"product-type-simple"},"yoast_head":"<title>Spray protectie MODULO | AtelierModulo<\/title>\n<meta name=\"robots\" content=\"index, follow, max-snippet:-1, max-image-preview:large, max-video-preview:-1\" \/>\n<link rel=\"canonical\" href=\"https:\/\/ateliermodulo.fr\/ro\/produs\/spray-protectie-modulo\/\" \/>\n<meta property=\"og:locale\" content=\"ro_RO\" \/>\n<meta property=\"og:type\" content=\"article\" \/>\n<meta property=\"og:title\" content=\"Spray protectie MODULO | AtelierModulo\" \/>\n<meta property=\"og:description\" content=\"Spray-ul de protec\u021bie Modulo este un produs oleofug \u0219i hidrofug. Spray-ul de protectie MODULO a fost special formulat pentru gama MODULO \u0219i va proteja produsele de stropirea cu ap\u0103. O sticl\u0103 de spray va proteja, \u00een medie, 9 m2. Spray-ul este gata de utilizare \u0219i trebuie s\u0103 fie aplicat pe \u00eentreaga suprafa\u021b\u0103 a pl\u0103cilor, dup\u0103 [&hellip;]\" \/>\n<meta property=\"og:url\" content=\"https:\/\/ateliermodulo.fr\/ro\/produs\/spray-protectie-modulo\/\" \/>\n<meta property=\"og:site_name\" content=\"AtelierModulo\" \/>\n<meta property=\"article:publisher\" content=\"https:\/\/www.facebook.com\/modulostones\/\" \/>\n<meta property=\"article:modified_time\" content=\"2024-04-16T12:57:35+00:00\" \/>\n<meta property=\"og:image\" content=\"https:\/\/ateliermodulo.fr\/wp-content\/uploads\/MODULO-Spray-Protector-front-v24.2.jpg\" \/>\n\t<meta property=\"og:image:width\" content=\"2000\" \/>\n\t<meta property=\"og:image:height\" content=\"2000\" \/>\n\t<meta property=\"og:image:type\" content=\"image\/jpeg\" \/>\n<meta name=\"twitter:card\" content=\"summary_large_image\" \/>","yoast_head_json":{"title":"Spray protectie MODULO | AtelierModulo","robots":{"index":"index","follow":"follow","max-snippet":"max-snippet:-1","max-image-preview":"max-image-preview:large","max-video-preview":"max-video-preview:-1"},"canonical":"https:\/\/ateliermodulo.fr\/ro\/produs\/spray-protectie-modulo\/","og_locale":"ro_RO","og_type":"article","og_title":"Spray protectie MODULO | AtelierModulo","og_description":"Spray-ul de protec\u021bie Modulo este un produs oleofug \u0219i hidrofug. Spray-ul de protectie MODULO a fost special formulat pentru gama MODULO \u0219i va proteja produsele de stropirea cu ap\u0103. O sticl\u0103 de spray va proteja, \u00een medie, 9 m2. Spray-ul este gata de utilizare \u0219i trebuie s\u0103 fie aplicat pe \u00eentreaga suprafa\u021b\u0103 a pl\u0103cilor, dup\u0103 [&hellip;]","og_url":"https:\/\/ateliermodulo.fr\/ro\/produs\/spray-protectie-modulo\/","og_site_name":"AtelierModulo","article_publisher":"https:\/\/www.facebook.com\/modulostones\/","article_modified_time":"2024-04-16T12:57:35+00:00","og_image":[{"width":2000,"height":2000,"url":"https:\/\/ateliermodulo.fr\/wp-content\/uploads\/MODULO-Spray-Protector-front-v24.2.jpg","type":"image\/jpeg"}],"twitter_card":"summary_large_image","schema":{"@context":"https:\/\/schema.org","@graph":[{"@type":"WebPage","@id":"https:\/\/ateliermodulo.fr\/ro\/produs\/spray-protectie-modulo\/","url":"https:\/\/ateliermodulo.fr\/ro\/produs\/spray-protectie-modulo\/","name":"Spray protectie MODULO | AtelierModulo","isPartOf":{"@id":"https:\/\/ateliermodulo.fr\/ro\/#website"},"primaryImageOfPage":{"@id":"https:\/\/ateliermodulo.fr\/ro\/produs\/spray-protectie-modulo\/#primaryimage"},"image":{"@id":"https:\/\/ateliermodulo.fr\/ro\/produs\/spray-protectie-modulo\/#primaryimage"},"thumbnailUrl":"https:\/\/ateliermodulo.fr\/wp-content\/uploads\/MODULO-Spray-Protector-front-v24.2.jpg","datePublished":"2020-01-17T15:29:22+00:00","dateModified":"2024-04-16T12:57:35+00:00","breadcrumb":{"@id":"https:\/\/ateliermodulo.fr\/ro\/produs\/spray-protectie-modulo\/#breadcrumb"},"inLanguage":"ro-RO","potentialAction":[{"@type":"ReadAction","target":["https:\/\/ateliermodulo.fr\/ro\/produs\/spray-protectie-modulo\/"]}]},{"@type":"ImageObject","inLanguage":"ro-RO","@id":"https:\/\/ateliermodulo.fr\/ro\/produs\/spray-protectie-modulo\/#primaryimage","url":"https:\/\/ateliermodulo.fr\/wp-content\/uploads\/MODULO-Spray-Protector-front-v24.2.jpg","contentUrl":"https:\/\/ateliermodulo.fr\/wp-content\/uploads\/MODULO-Spray-Protector-front-v24.2.jpg","width":2000,"height":2000},{"@type":"BreadcrumbList","@id":"https:\/\/ateliermodulo.fr\/ro\/produs\/spray-protectie-modulo\/#breadcrumb","itemListElement":[{"@type":"ListItem","position":1,"name":"Home","item":"https:\/\/ateliermodulo.fr\/ro\/"},{"@type":"ListItem","position":2,"name":"Produse","item":"https:\/\/ateliermodulo.fr\/products\/"},{"@type":"ListItem","position":3,"name":"Spray protectie MODULO"}]},{"@type":"WebSite","@id":"https:\/\/ateliermodulo.fr\/ro\/#website","url":"https:\/\/ateliermodulo.fr\/ro\/","name":"AtelierModulo","description":"Since the 1980\u2019s, frequently copied, never surpassed","publisher":{"@id":"https:\/\/ateliermodulo.fr\/ro\/#organization"},"potentialAction":[{"@type":"SearchAction","target":{"@type":"EntryPoint","urlTemplate":"https:\/\/ateliermodulo.fr\/ro\/?s={search_term_string}"},"query-input":{"@type":"PropertyValueSpecification","valueRequired":true,"valueName":"search_term_string"}}],"inLanguage":"ro-RO"},{"@type":"Organization","@id":"https:\/\/ateliermodulo.fr\/ro\/#organization","name":"Modulo Decorative Solutions","url":"https:\/\/ateliermodulo.fr\/ro\/","logo":{"@type":"ImageObject","inLanguage":"ro-RO","@id":"https:\/\/ateliermodulo.fr\/ro\/#\/schema\/logo\/image\/","url":"https:\/\/ateliermodulo.fr\/wp-content\/uploads\/MODULO-Logo-Color-1000x245-1.png","contentUrl":"https:\/\/ateliermodulo.fr\/wp-content\/uploads\/MODULO-Logo-Color-1000x245-1.png","width":1000,"height":245,"caption":"Modulo Decorative Solutions"},"image":{"@id":"https:\/\/ateliermodulo.fr\/ro\/#\/schema\/logo\/image\/"},"sameAs":["https:\/\/www.facebook.com\/modulostones\/"]}]}},"_links":{"self":[{"href":"https:\/\/ateliermodulo.fr\/ro\/wp-json\/wp\/v2\/product\/3337","targetHints":{"allow":["GET"]}}],"collection":[{"href":"https:\/\/ateliermodulo.fr\/ro\/wp-json\/wp\/v2\/product"}],"about":[{"href":"https:\/\/ateliermodulo.fr\/ro\/wp-json\/wp\/v2\/types\/product"}],"wp:featuredmedia":[{"embeddable":true,"href":"https:\/\/ateliermodulo.fr\/ro\/wp-json\/wp\/v2\/media\/19829"}],"wp:attachment":[{"href":"https:\/\/ateliermodulo.fr\/ro\/wp-json\/wp\/v2\/media?parent=3337"}],"wp:term":[{"taxonomy":"product_brand","embeddable":true,"href":"https:\/\/ateliermodulo.fr\/ro\/wp-json\/wp\/v2\/product_brand?post=3337"},{"taxonomy":"product_cat","embeddable":true,"href":"https:\/\/ateliermodulo.fr\/ro\/wp-json\/wp\/v2\/product_cat?post=3337"},{"taxonomy":"product_tag","embeddable":true,"href":"https:\/\/ateliermodulo.fr\/ro\/wp-json\/wp\/v2\/product_tag?post=3337"}],"curies":[{"name":"wp","href":"https:\/\/api.w.org\/{rel}","templated":true}]}}