{"id":3325,"date":"2020-01-17T16:19:31","date_gmt":"2020-01-17T15:19:31","guid":{"rendered":"https:\/\/adrianb9.sg-host.com\/?post_type=product&#038;p=3325"},"modified":"2025-09-19T08:44:35","modified_gmt":"2025-09-19T05:44:35","slug":"chit-modulo-old-fashioned","status":"publish","type":"product","link":"https:\/\/ateliermodulo.fr\/ro\/produs\/chit-modulo-old-fashioned\/","title":{"rendered":"Chit MODULO Old Fashioned"},"content":{"rendered":"<p>Chitul pentru rosturi MODULO cu aspect antic a fost proiectat pentru a recrea perfect aspectul de mortar \u00eenvechit, supus intemperiilor, \u00een care pietricelele sunt vizibile. Chitul pentru rosturi MODULO cu aspect antic e finisarea perfect\u0103 pentru a da unui perete aspectul robust \u0219i atemporal al unui zid antic de piatr\u0103. Consumul este de aproximativ 5 kg\/m\u00b2. Chitul pentru rosturi MODULO cu aspect antic este disponibil sub form\u0103 de praf, \u00eentr-o g\u0103leat\u0103 gata pentru a fi amestecat cu ap\u0103. Prin urmare, este posibil s\u0103 se amestece numai cantit\u0103\u021bile necesare pentru proiect.<\/p>\n","protected":false},"excerpt":{"rendered":"<p>Chitul pentru rosturi MODULO cu aspect antic a fost proiectat pentru a recrea perfect aspectul de mortar \u00eenvechit, supus intemperiilor, \u00een care pietricelele sunt vizibile. Chitul pentru rosturi MODULO cu aspect antic e finisarea perfect\u0103 pentru a da unui perete aspectul robust \u0219i atemporal al unui zid antic de piatr\u0103. Consumul este de aproximativ 5 [&hellip;]<\/p>\n","protected":false},"featured_media":19823,"template":"","meta":[],"product_brand":[],"product_cat":[1306,161,1314],"product_tag":[765],"class_list":{"0":"post-3325","1":"product","2":"type-product","3":"status-publish","4":"has-post-thumbnail","6":"product_cat-chit-de-rost","7":"product_cat-exterior-interior","8":"product_cat-in-productie","9":"product_tag-accesorii","11":"first","12":"instock","13":"shipping-taxable","14":"product-type-simple"},"yoast_head":"<title>Chit MODULO Old Fashioned | AtelierModulo<\/title>\n<meta name=\"robots\" content=\"index, follow, max-snippet:-1, max-image-preview:large, max-video-preview:-1\" \/>\n<link rel=\"canonical\" href=\"https:\/\/ateliermodulo.fr\/ro\/produs\/chit-modulo-old-fashioned\/\" \/>\n<meta property=\"og:locale\" content=\"ro_RO\" \/>\n<meta property=\"og:type\" content=\"article\" \/>\n<meta property=\"og:title\" content=\"Chit MODULO Old Fashioned | AtelierModulo\" \/>\n<meta property=\"og:description\" content=\"Chitul pentru rosturi MODULO cu aspect antic a fost proiectat pentru a recrea perfect aspectul de mortar \u00eenvechit, supus intemperiilor, \u00een care pietricelele sunt vizibile. Chitul pentru rosturi MODULO cu aspect antic e finisarea perfect\u0103 pentru a da unui perete aspectul robust \u0219i atemporal al unui zid antic de piatr\u0103. Consumul este de aproximativ 5 [&hellip;]\" \/>\n<meta property=\"og:url\" content=\"https:\/\/ateliermodulo.fr\/ro\/produs\/chit-modulo-old-fashioned\/\" \/>\n<meta property=\"og:site_name\" content=\"AtelierModulo\" \/>\n<meta property=\"article:publisher\" content=\"https:\/\/www.facebook.com\/modulostones\/\" \/>\n<meta property=\"article:modified_time\" content=\"2025-09-19T05:44:35+00:00\" \/>\n<meta property=\"og:image\" content=\"https:\/\/ateliermodulo.fr\/wp-content\/uploads\/Parmur-a-lAncienne-15kg-2000x2000-1.jpg\" \/>\n\t<meta property=\"og:image:width\" content=\"2000\" \/>\n\t<meta property=\"og:image:height\" content=\"2000\" \/>\n\t<meta property=\"og:image:type\" content=\"image\/jpeg\" \/>\n<meta name=\"twitter:card\" content=\"summary_large_image\" \/>\n<meta name=\"twitter:label1\" content=\"Timp estimat pentru citire\" \/>\n\t<meta name=\"twitter:data1\" content=\"1 minut\" \/>","yoast_head_json":{"title":"Chit MODULO Old Fashioned | AtelierModulo","robots":{"index":"index","follow":"follow","max-snippet":"max-snippet:-1","max-image-preview":"max-image-preview:large","max-video-preview":"max-video-preview:-1"},"canonical":"https:\/\/ateliermodulo.fr\/ro\/produs\/chit-modulo-old-fashioned\/","og_locale":"ro_RO","og_type":"article","og_title":"Chit MODULO Old Fashioned | AtelierModulo","og_description":"Chitul pentru rosturi MODULO cu aspect antic a fost proiectat pentru a recrea perfect aspectul de mortar \u00eenvechit, supus intemperiilor, \u00een care pietricelele sunt vizibile. Chitul pentru rosturi MODULO cu aspect antic e finisarea perfect\u0103 pentru a da unui perete aspectul robust \u0219i atemporal al unui zid antic de piatr\u0103. Consumul este de aproximativ 5 [&hellip;]","og_url":"https:\/\/ateliermodulo.fr\/ro\/produs\/chit-modulo-old-fashioned\/","og_site_name":"AtelierModulo","article_publisher":"https:\/\/www.facebook.com\/modulostones\/","article_modified_time":"2025-09-19T05:44:35+00:00","og_image":[{"width":2000,"height":2000,"url":"https:\/\/ateliermodulo.fr\/wp-content\/uploads\/Parmur-a-lAncienne-15kg-2000x2000-1.jpg","type":"image\/jpeg"}],"twitter_card":"summary_large_image","twitter_misc":{"Timp estimat pentru citire":"1 minut"},"schema":{"@context":"https:\/\/schema.org","@graph":[{"@type":"WebPage","@id":"https:\/\/ateliermodulo.fr\/ro\/produs\/chit-modulo-old-fashioned\/","url":"https:\/\/ateliermodulo.fr\/ro\/produs\/chit-modulo-old-fashioned\/","name":"Chit MODULO Old Fashioned | AtelierModulo","isPartOf":{"@id":"https:\/\/ateliermodulo.fr\/ro\/#website"},"primaryImageOfPage":{"@id":"https:\/\/ateliermodulo.fr\/ro\/produs\/chit-modulo-old-fashioned\/#primaryimage"},"image":{"@id":"https:\/\/ateliermodulo.fr\/ro\/produs\/chit-modulo-old-fashioned\/#primaryimage"},"thumbnailUrl":"https:\/\/ateliermodulo.fr\/wp-content\/uploads\/Parmur-a-lAncienne-15kg-2000x2000-1.jpg","datePublished":"2020-01-17T15:19:31+00:00","dateModified":"2025-09-19T05:44:35+00:00","breadcrumb":{"@id":"https:\/\/ateliermodulo.fr\/ro\/produs\/chit-modulo-old-fashioned\/#breadcrumb"},"inLanguage":"ro-RO","potentialAction":[{"@type":"ReadAction","target":["https:\/\/ateliermodulo.fr\/ro\/produs\/chit-modulo-old-fashioned\/"]}]},{"@type":"ImageObject","inLanguage":"ro-RO","@id":"https:\/\/ateliermodulo.fr\/ro\/produs\/chit-modulo-old-fashioned\/#primaryimage","url":"https:\/\/ateliermodulo.fr\/wp-content\/uploads\/Parmur-a-lAncienne-15kg-2000x2000-1.jpg","contentUrl":"https:\/\/ateliermodulo.fr\/wp-content\/uploads\/Parmur-a-lAncienne-15kg-2000x2000-1.jpg","width":2000,"height":2000},{"@type":"BreadcrumbList","@id":"https:\/\/ateliermodulo.fr\/ro\/produs\/chit-modulo-old-fashioned\/#breadcrumb","itemListElement":[{"@type":"ListItem","position":1,"name":"Home","item":"https:\/\/ateliermodulo.fr\/ro\/"},{"@type":"ListItem","position":2,"name":"Produse","item":"https:\/\/ateliermodulo.fr\/products\/"},{"@type":"ListItem","position":3,"name":"Chit MODULO Old Fashioned"}]},{"@type":"WebSite","@id":"https:\/\/ateliermodulo.fr\/ro\/#website","url":"https:\/\/ateliermodulo.fr\/ro\/","name":"AtelierModulo","description":"Since the 1980\u2019s, frequently copied, never surpassed","publisher":{"@id":"https:\/\/ateliermodulo.fr\/ro\/#organization"},"potentialAction":[{"@type":"SearchAction","target":{"@type":"EntryPoint","urlTemplate":"https:\/\/ateliermodulo.fr\/ro\/?s={search_term_string}"},"query-input":{"@type":"PropertyValueSpecification","valueRequired":true,"valueName":"search_term_string"}}],"inLanguage":"ro-RO"},{"@type":"Organization","@id":"https:\/\/ateliermodulo.fr\/ro\/#organization","name":"Modulo Decorative Solutions","url":"https:\/\/ateliermodulo.fr\/ro\/","logo":{"@type":"ImageObject","inLanguage":"ro-RO","@id":"https:\/\/ateliermodulo.fr\/ro\/#\/schema\/logo\/image\/","url":"https:\/\/ateliermodulo.fr\/wp-content\/uploads\/MODULO-Logo-Color-1000x245-1.png","contentUrl":"https:\/\/ateliermodulo.fr\/wp-content\/uploads\/MODULO-Logo-Color-1000x245-1.png","width":1000,"height":245,"caption":"Modulo Decorative Solutions"},"image":{"@id":"https:\/\/ateliermodulo.fr\/ro\/#\/schema\/logo\/image\/"},"sameAs":["https:\/\/www.facebook.com\/modulostones\/"]}]}},"_links":{"self":[{"href":"https:\/\/ateliermodulo.fr\/ro\/wp-json\/wp\/v2\/product\/3325","targetHints":{"allow":["GET"]}}],"collection":[{"href":"https:\/\/ateliermodulo.fr\/ro\/wp-json\/wp\/v2\/product"}],"about":[{"href":"https:\/\/ateliermodulo.fr\/ro\/wp-json\/wp\/v2\/types\/product"}],"wp:featuredmedia":[{"embeddable":true,"href":"https:\/\/ateliermodulo.fr\/ro\/wp-json\/wp\/v2\/media\/19823"}],"wp:attachment":[{"href":"https:\/\/ateliermodulo.fr\/ro\/wp-json\/wp\/v2\/media?parent=3325"}],"wp:term":[{"taxonomy":"product_brand","embeddable":true,"href":"https:\/\/ateliermodulo.fr\/ro\/wp-json\/wp\/v2\/product_brand?post=3325"},{"taxonomy":"product_cat","embeddable":true,"href":"https:\/\/ateliermodulo.fr\/ro\/wp-json\/wp\/v2\/product_cat?post=3325"},{"taxonomy":"product_tag","embeddable":true,"href":"https:\/\/ateliermodulo.fr\/ro\/wp-json\/wp\/v2\/product_tag?post=3325"}],"curies":[{"name":"wp","href":"https:\/\/api.w.org\/{rel}","templated":true}]}}