{"id":19966,"date":"2024-05-08T07:58:38","date_gmt":"2024-05-08T05:58:38","guid":{"rendered":"https:\/\/ateliermodulo.fr\/?post_type=product&#038;p=19966"},"modified":"2025-09-10T09:53:11","modified_gmt":"2025-09-10T06:53:11","slug":"haze","status":"publish","type":"product","link":"https:\/\/ateliermodulo.fr\/ro\/produs\/haze\/","title":{"rendered":"HAZE"},"content":{"rendered":"<p>Plonjeaz\u0103 \u00een lumea Haze, unde precizia \u00eent\u00e2lne\u0219te sofisticarea. Textura artistic conceput\u0103 se juxtapune cu suprafe\u021bele netede, imaculate, cre\u00e2nd o atmosfer\u0103 care captiveaz\u0103 \u0219i calmeaz\u0103. Corpurile de iluminat luminoase \u00een cascad\u0103 ilumineaz\u0103 spa\u021biul, eviden\u021biind complexitatea \u0219i me\u0219te\u0219ugul orientat spre detalii al mediului. Haze, cu elegan\u021ba sa, fiecare margine, col\u021b \u0219i suprafa\u021b\u0103 sunt m\u0103rturii ale unei filozofii de design care apreciaz\u0103 at\u00e2t forma, c\u00e2t \u0219i func\u021bionalitatea. Scufund\u0103-te \u00eentr-o experien\u021b\u0103 unde m\u0103iestria arhitectural\u0103 este \u00een prim plan, preg\u0103tind scena pentru o elegan\u021b\u0103 atemporal\u0103.<\/p>\n","protected":false},"excerpt":{"rendered":"<p>Plonjeaz\u0103 \u00een lumea Haze, unde precizia \u00eent\u00e2lne\u0219te sofisticarea. Textura artistic conceput\u0103 se juxtapune cu suprafe\u021bele netede, imaculate, cre\u00e2nd o atmosfer\u0103 care captiveaz\u0103 \u0219i calmeaz\u0103. Corpurile de iluminat luminoase \u00een cascad\u0103 ilumineaz\u0103 spa\u021biul, eviden\u021biind complexitatea \u0219i me\u0219te\u0219ugul orientat spre detalii al mediului. Haze, cu elegan\u021ba sa, fiecare margine, col\u021b \u0219i suprafa\u021b\u0103 sunt m\u0103rturii ale unei filozofii [&hellip;]<\/p>\n","protected":false},"featured_media":19967,"template":"","meta":[],"product_brand":[],"product_cat":[156,1314,1298],"product_tag":[668],"class_list":{"0":"post-19966","1":"product","2":"type-product","3":"status-publish","4":"has-post-thumbnail","6":"product_cat-doar-interior","7":"product_cat-in-productie","8":"product_cat-piatra-decorativa","9":"product_tag-3d","10":"pa_color-alb","11":"pa_coverage-per-box-0p48-m2","12":"pa_installation-fara-chit-de-rost","13":"pa_m-classification-necombustibil","14":"pa_material-ipsos-compozit","15":"pa_reaction-to-fire-clasa-a1","16":"pa_shape-patrat","18":"first","19":"instock","20":"shipping-taxable","21":"product-type-simple"},"yoast_head":"<title>HAZE | AtelierModulo<\/title>\n<meta name=\"robots\" content=\"index, follow, max-snippet:-1, max-image-preview:large, max-video-preview:-1\" \/>\n<link rel=\"canonical\" href=\"https:\/\/ateliermodulo.fr\/ro\/produs\/haze\/\" \/>\n<meta property=\"og:locale\" content=\"ro_RO\" \/>\n<meta property=\"og:type\" content=\"article\" \/>\n<meta property=\"og:title\" content=\"HAZE | AtelierModulo\" \/>\n<meta property=\"og:description\" content=\"Plonjeaz\u0103 \u00een lumea Haze, unde precizia \u00eent\u00e2lne\u0219te sofisticarea. Textura artistic conceput\u0103 se juxtapune cu suprafe\u021bele netede, imaculate, cre\u00e2nd o atmosfer\u0103 care captiveaz\u0103 \u0219i calmeaz\u0103. Corpurile de iluminat luminoase \u00een cascad\u0103 ilumineaz\u0103 spa\u021biul, eviden\u021biind complexitatea \u0219i me\u0219te\u0219ugul orientat spre detalii al mediului. Haze, cu elegan\u021ba sa, fiecare margine, col\u021b \u0219i suprafa\u021b\u0103 sunt m\u0103rturii ale unei filozofii [&hellip;]\" \/>\n<meta property=\"og:url\" content=\"https:\/\/ateliermodulo.fr\/ro\/produs\/haze\/\" \/>\n<meta property=\"og:site_name\" content=\"AtelierModulo\" \/>\n<meta property=\"article:publisher\" content=\"https:\/\/www.facebook.com\/modulostones\/\" \/>\n<meta property=\"article:modified_time\" content=\"2025-09-10T06:53:11+00:00\" \/>\n<meta property=\"og:image\" content=\"https:\/\/ateliermodulo.fr\/wp-content\/uploads\/Dune-Ambiance-1-2000x2000-1.jpg\" \/>\n\t<meta property=\"og:image:width\" content=\"2000\" \/>\n\t<meta property=\"og:image:height\" content=\"2000\" \/>\n\t<meta property=\"og:image:type\" content=\"image\/jpeg\" \/>\n<meta name=\"twitter:card\" content=\"summary_large_image\" \/>\n<meta name=\"twitter:label1\" content=\"Timp estimat pentru citire\" \/>\n\t<meta name=\"twitter:data1\" content=\"1 minut\" \/>","yoast_head_json":{"title":"HAZE | AtelierModulo","robots":{"index":"index","follow":"follow","max-snippet":"max-snippet:-1","max-image-preview":"max-image-preview:large","max-video-preview":"max-video-preview:-1"},"canonical":"https:\/\/ateliermodulo.fr\/ro\/produs\/haze\/","og_locale":"ro_RO","og_type":"article","og_title":"HAZE | AtelierModulo","og_description":"Plonjeaz\u0103 \u00een lumea Haze, unde precizia \u00eent\u00e2lne\u0219te sofisticarea. Textura artistic conceput\u0103 se juxtapune cu suprafe\u021bele netede, imaculate, cre\u00e2nd o atmosfer\u0103 care captiveaz\u0103 \u0219i calmeaz\u0103. Corpurile de iluminat luminoase \u00een cascad\u0103 ilumineaz\u0103 spa\u021biul, eviden\u021biind complexitatea \u0219i me\u0219te\u0219ugul orientat spre detalii al mediului. Haze, cu elegan\u021ba sa, fiecare margine, col\u021b \u0219i suprafa\u021b\u0103 sunt m\u0103rturii ale unei filozofii [&hellip;]","og_url":"https:\/\/ateliermodulo.fr\/ro\/produs\/haze\/","og_site_name":"AtelierModulo","article_publisher":"https:\/\/www.facebook.com\/modulostones\/","article_modified_time":"2025-09-10T06:53:11+00:00","og_image":[{"width":2000,"height":2000,"url":"https:\/\/ateliermodulo.fr\/wp-content\/uploads\/Dune-Ambiance-1-2000x2000-1.jpg","type":"image\/jpeg"}],"twitter_card":"summary_large_image","twitter_misc":{"Timp estimat pentru citire":"1 minut"},"schema":{"@context":"https:\/\/schema.org","@graph":[{"@type":"WebPage","@id":"https:\/\/ateliermodulo.fr\/ro\/produs\/haze\/","url":"https:\/\/ateliermodulo.fr\/ro\/produs\/haze\/","name":"HAZE | AtelierModulo","isPartOf":{"@id":"https:\/\/ateliermodulo.fr\/ro\/#website"},"primaryImageOfPage":{"@id":"https:\/\/ateliermodulo.fr\/ro\/produs\/haze\/#primaryimage"},"image":{"@id":"https:\/\/ateliermodulo.fr\/ro\/produs\/haze\/#primaryimage"},"thumbnailUrl":"https:\/\/ateliermodulo.fr\/wp-content\/uploads\/Dune-Ambiance-1-2000x2000-1.jpg","datePublished":"2024-05-08T05:58:38+00:00","dateModified":"2025-09-10T06:53:11+00:00","breadcrumb":{"@id":"https:\/\/ateliermodulo.fr\/ro\/produs\/haze\/#breadcrumb"},"inLanguage":"ro-RO","potentialAction":[{"@type":"ReadAction","target":["https:\/\/ateliermodulo.fr\/ro\/produs\/haze\/"]}]},{"@type":"ImageObject","inLanguage":"ro-RO","@id":"https:\/\/ateliermodulo.fr\/ro\/produs\/haze\/#primaryimage","url":"https:\/\/ateliermodulo.fr\/wp-content\/uploads\/Dune-Ambiance-1-2000x2000-1.jpg","contentUrl":"https:\/\/ateliermodulo.fr\/wp-content\/uploads\/Dune-Ambiance-1-2000x2000-1.jpg","width":2000,"height":2000},{"@type":"BreadcrumbList","@id":"https:\/\/ateliermodulo.fr\/ro\/produs\/haze\/#breadcrumb","itemListElement":[{"@type":"ListItem","position":1,"name":"Home","item":"https:\/\/ateliermodulo.fr\/ro\/"},{"@type":"ListItem","position":2,"name":"Produse","item":"https:\/\/ateliermodulo.fr\/products\/"},{"@type":"ListItem","position":3,"name":"HAZE"}]},{"@type":"WebSite","@id":"https:\/\/ateliermodulo.fr\/ro\/#website","url":"https:\/\/ateliermodulo.fr\/ro\/","name":"AtelierModulo","description":"Since the 1980\u2019s, frequently copied, never surpassed","publisher":{"@id":"https:\/\/ateliermodulo.fr\/ro\/#organization"},"potentialAction":[{"@type":"SearchAction","target":{"@type":"EntryPoint","urlTemplate":"https:\/\/ateliermodulo.fr\/ro\/?s={search_term_string}"},"query-input":{"@type":"PropertyValueSpecification","valueRequired":true,"valueName":"search_term_string"}}],"inLanguage":"ro-RO"},{"@type":"Organization","@id":"https:\/\/ateliermodulo.fr\/ro\/#organization","name":"Modulo Decorative Solutions","url":"https:\/\/ateliermodulo.fr\/ro\/","logo":{"@type":"ImageObject","inLanguage":"ro-RO","@id":"https:\/\/ateliermodulo.fr\/ro\/#\/schema\/logo\/image\/","url":"https:\/\/ateliermodulo.fr\/wp-content\/uploads\/MODULO-Logo-Color-1000x245-1.png","contentUrl":"https:\/\/ateliermodulo.fr\/wp-content\/uploads\/MODULO-Logo-Color-1000x245-1.png","width":1000,"height":245,"caption":"Modulo Decorative Solutions"},"image":{"@id":"https:\/\/ateliermodulo.fr\/ro\/#\/schema\/logo\/image\/"},"sameAs":["https:\/\/www.facebook.com\/modulostones\/"]}]}},"_links":{"self":[{"href":"https:\/\/ateliermodulo.fr\/ro\/wp-json\/wp\/v2\/product\/19966","targetHints":{"allow":["GET"]}}],"collection":[{"href":"https:\/\/ateliermodulo.fr\/ro\/wp-json\/wp\/v2\/product"}],"about":[{"href":"https:\/\/ateliermodulo.fr\/ro\/wp-json\/wp\/v2\/types\/product"}],"wp:featuredmedia":[{"embeddable":true,"href":"https:\/\/ateliermodulo.fr\/ro\/wp-json\/wp\/v2\/media\/19967"}],"wp:attachment":[{"href":"https:\/\/ateliermodulo.fr\/ro\/wp-json\/wp\/v2\/media?parent=19966"}],"wp:term":[{"taxonomy":"product_brand","embeddable":true,"href":"https:\/\/ateliermodulo.fr\/ro\/wp-json\/wp\/v2\/product_brand?post=19966"},{"taxonomy":"product_cat","embeddable":true,"href":"https:\/\/ateliermodulo.fr\/ro\/wp-json\/wp\/v2\/product_cat?post=19966"},{"taxonomy":"product_tag","embeddable":true,"href":"https:\/\/ateliermodulo.fr\/ro\/wp-json\/wp\/v2\/product_tag?post=19966"}],"curies":[{"name":"wp","href":"https:\/\/api.w.org\/{rel}","templated":true}]}}