{"id":19793,"date":"2024-04-16T13:26:00","date_gmt":"2024-04-16T11:26:00","guid":{"rendered":"https:\/\/ateliermodulo.fr\/product\/vivora-ying\/"},"modified":"2024-08-05T14:45:12","modified_gmt":"2024-08-05T12:45:12","slug":"vivora","status":"publish","type":"product","link":"https:\/\/ateliermodulo.fr\/ro\/produs\/vivora\/","title":{"rendered":"VIVORA"},"content":{"rendered":"<p>\u00cempregna\u021bi-v\u0103 \u00een alura radiant\u0103 a colec\u021biei Vivora. O simfonie de modele geometrice, aceast\u0103 colec\u021bie \u00eembin\u0103 poligoane multifacete pentru a crea un joc fascinant de lumin\u0103 \u0219i umbr\u0103. Designul meticulos transform\u0103 spa\u021biile \u00een sanctuare impresionante ale artei moderne. Cu Vivora, fiecare col\u021b devine o explorare a texturii, ad\u00e2ncimii \u0219i dimensiunii.<\/p>\n","protected":false},"excerpt":{"rendered":"<p>\u00cempregna\u021bi-v\u0103 \u00een alura radiant\u0103 a colec\u021biei Vivora. O simfonie de modele geometrice, aceast\u0103 colec\u021bie \u00eembin\u0103 poligoane multifacete pentru a crea un joc fascinant de lumin\u0103 \u0219i umbr\u0103. Designul meticulos transform\u0103 spa\u021biile \u00een sanctuare impresionante ale artei moderne. Cu Vivora, fiecare col\u021b devine o explorare a texturii, ad\u00e2ncimii \u0219i dimensiunii.<\/p>\n","protected":false},"featured_media":19792,"template":"","meta":[],"product_brand":[],"product_cat":[156,1314,1298],"product_tag":[668],"class_list":{"0":"post-19793","1":"product","2":"type-product","3":"status-publish","4":"has-post-thumbnail","6":"product_cat-doar-interior","7":"product_cat-in-productie","8":"product_cat-piatra-decorativa","9":"product_tag-3d","10":"pa_color-alb","11":"pa_coverage-per-box-0p57-m2","12":"pa_installation-fara-chit-de-rost","13":"pa_m-classification-necombustibil","14":"pa_material-ipsos-compozit","15":"pa_reaction-to-fire-clasa-a1","16":"pa_shape-hexagon","18":"first","19":"instock","20":"shipping-taxable","21":"product-type-simple"},"yoast_head":"<title>VIVORA | AtelierModulo<\/title>\n<meta name=\"robots\" content=\"index, follow, max-snippet:-1, max-image-preview:large, max-video-preview:-1\" \/>\n<link rel=\"canonical\" href=\"https:\/\/ateliermodulo.fr\/ro\/produs\/vivora\/\" \/>\n<meta property=\"og:locale\" content=\"ro_RO\" \/>\n<meta property=\"og:type\" content=\"article\" \/>\n<meta property=\"og:title\" content=\"VIVORA | AtelierModulo\" \/>\n<meta property=\"og:description\" content=\"\u00cempregna\u021bi-v\u0103 \u00een alura radiant\u0103 a colec\u021biei Vivora. O simfonie de modele geometrice, aceast\u0103 colec\u021bie \u00eembin\u0103 poligoane multifacete pentru a crea un joc fascinant de lumin\u0103 \u0219i umbr\u0103. Designul meticulos transform\u0103 spa\u021biile \u00een sanctuare impresionante ale artei moderne. Cu Vivora, fiecare col\u021b devine o explorare a texturii, ad\u00e2ncimii \u0219i dimensiunii.\" \/>\n<meta property=\"og:url\" content=\"https:\/\/ateliermodulo.fr\/ro\/produs\/vivora\/\" \/>\n<meta property=\"og:site_name\" content=\"AtelierModulo\" \/>\n<meta property=\"article:publisher\" content=\"https:\/\/www.facebook.com\/modulostones\/\" \/>\n<meta property=\"article:modified_time\" content=\"2024-08-05T12:45:12+00:00\" \/>\n<meta property=\"og:image\" content=\"https:\/\/ateliermodulo.fr\/wp-content\/uploads\/Vivora-Ambiance-1-2000x2000-1.jpg\" \/>\n\t<meta property=\"og:image:width\" content=\"2000\" \/>\n\t<meta property=\"og:image:height\" content=\"2000\" \/>\n\t<meta property=\"og:image:type\" content=\"image\/jpeg\" \/>\n<meta name=\"twitter:card\" content=\"summary_large_image\" \/>\n<meta name=\"twitter:label1\" content=\"Timp estimat pentru citire\" \/>\n\t<meta name=\"twitter:data1\" content=\"1 minut\" \/>","yoast_head_json":{"title":"VIVORA | AtelierModulo","robots":{"index":"index","follow":"follow","max-snippet":"max-snippet:-1","max-image-preview":"max-image-preview:large","max-video-preview":"max-video-preview:-1"},"canonical":"https:\/\/ateliermodulo.fr\/ro\/produs\/vivora\/","og_locale":"ro_RO","og_type":"article","og_title":"VIVORA | AtelierModulo","og_description":"\u00cempregna\u021bi-v\u0103 \u00een alura radiant\u0103 a colec\u021biei Vivora. O simfonie de modele geometrice, aceast\u0103 colec\u021bie \u00eembin\u0103 poligoane multifacete pentru a crea un joc fascinant de lumin\u0103 \u0219i umbr\u0103. Designul meticulos transform\u0103 spa\u021biile \u00een sanctuare impresionante ale artei moderne. Cu Vivora, fiecare col\u021b devine o explorare a texturii, ad\u00e2ncimii \u0219i dimensiunii.","og_url":"https:\/\/ateliermodulo.fr\/ro\/produs\/vivora\/","og_site_name":"AtelierModulo","article_publisher":"https:\/\/www.facebook.com\/modulostones\/","article_modified_time":"2024-08-05T12:45:12+00:00","og_image":[{"width":2000,"height":2000,"url":"https:\/\/ateliermodulo.fr\/wp-content\/uploads\/Vivora-Ambiance-1-2000x2000-1.jpg","type":"image\/jpeg"}],"twitter_card":"summary_large_image","twitter_misc":{"Timp estimat pentru citire":"1 minut"},"schema":{"@context":"https:\/\/schema.org","@graph":[{"@type":"WebPage","@id":"https:\/\/ateliermodulo.fr\/ro\/produs\/vivora\/","url":"https:\/\/ateliermodulo.fr\/ro\/produs\/vivora\/","name":"VIVORA | AtelierModulo","isPartOf":{"@id":"https:\/\/ateliermodulo.fr\/ro\/#website"},"primaryImageOfPage":{"@id":"https:\/\/ateliermodulo.fr\/ro\/produs\/vivora\/#primaryimage"},"image":{"@id":"https:\/\/ateliermodulo.fr\/ro\/produs\/vivora\/#primaryimage"},"thumbnailUrl":"https:\/\/ateliermodulo.fr\/wp-content\/uploads\/Vivora-Ambiance-1-2000x2000-1.jpg","datePublished":"2024-04-16T11:26:00+00:00","dateModified":"2024-08-05T12:45:12+00:00","breadcrumb":{"@id":"https:\/\/ateliermodulo.fr\/ro\/produs\/vivora\/#breadcrumb"},"inLanguage":"ro-RO","potentialAction":[{"@type":"ReadAction","target":["https:\/\/ateliermodulo.fr\/ro\/produs\/vivora\/"]}]},{"@type":"ImageObject","inLanguage":"ro-RO","@id":"https:\/\/ateliermodulo.fr\/ro\/produs\/vivora\/#primaryimage","url":"https:\/\/ateliermodulo.fr\/wp-content\/uploads\/Vivora-Ambiance-1-2000x2000-1.jpg","contentUrl":"https:\/\/ateliermodulo.fr\/wp-content\/uploads\/Vivora-Ambiance-1-2000x2000-1.jpg","width":2000,"height":2000},{"@type":"BreadcrumbList","@id":"https:\/\/ateliermodulo.fr\/ro\/produs\/vivora\/#breadcrumb","itemListElement":[{"@type":"ListItem","position":1,"name":"Home","item":"https:\/\/ateliermodulo.fr\/ro\/"},{"@type":"ListItem","position":2,"name":"Produse","item":"https:\/\/ateliermodulo.fr\/products\/"},{"@type":"ListItem","position":3,"name":"VIVORA"}]},{"@type":"WebSite","@id":"https:\/\/ateliermodulo.fr\/ro\/#website","url":"https:\/\/ateliermodulo.fr\/ro\/","name":"AtelierModulo","description":"Since the 1980\u2019s, frequently copied, never surpassed","publisher":{"@id":"https:\/\/ateliermodulo.fr\/ro\/#organization"},"potentialAction":[{"@type":"SearchAction","target":{"@type":"EntryPoint","urlTemplate":"https:\/\/ateliermodulo.fr\/ro\/?s={search_term_string}"},"query-input":{"@type":"PropertyValueSpecification","valueRequired":true,"valueName":"search_term_string"}}],"inLanguage":"ro-RO"},{"@type":"Organization","@id":"https:\/\/ateliermodulo.fr\/ro\/#organization","name":"Modulo Decorative Solutions","url":"https:\/\/ateliermodulo.fr\/ro\/","logo":{"@type":"ImageObject","inLanguage":"ro-RO","@id":"https:\/\/ateliermodulo.fr\/ro\/#\/schema\/logo\/image\/","url":"https:\/\/ateliermodulo.fr\/wp-content\/uploads\/MODULO-Logo-Color-1000x245-1.png","contentUrl":"https:\/\/ateliermodulo.fr\/wp-content\/uploads\/MODULO-Logo-Color-1000x245-1.png","width":1000,"height":245,"caption":"Modulo Decorative Solutions"},"image":{"@id":"https:\/\/ateliermodulo.fr\/ro\/#\/schema\/logo\/image\/"},"sameAs":["https:\/\/www.facebook.com\/modulostones\/"]}]}},"_links":{"self":[{"href":"https:\/\/ateliermodulo.fr\/ro\/wp-json\/wp\/v2\/product\/19793","targetHints":{"allow":["GET"]}}],"collection":[{"href":"https:\/\/ateliermodulo.fr\/ro\/wp-json\/wp\/v2\/product"}],"about":[{"href":"https:\/\/ateliermodulo.fr\/ro\/wp-json\/wp\/v2\/types\/product"}],"wp:featuredmedia":[{"embeddable":true,"href":"https:\/\/ateliermodulo.fr\/ro\/wp-json\/wp\/v2\/media\/19792"}],"wp:attachment":[{"href":"https:\/\/ateliermodulo.fr\/ro\/wp-json\/wp\/v2\/media?parent=19793"}],"wp:term":[{"taxonomy":"product_brand","embeddable":true,"href":"https:\/\/ateliermodulo.fr\/ro\/wp-json\/wp\/v2\/product_brand?post=19793"},{"taxonomy":"product_cat","embeddable":true,"href":"https:\/\/ateliermodulo.fr\/ro\/wp-json\/wp\/v2\/product_cat?post=19793"},{"taxonomy":"product_tag","embeddable":true,"href":"https:\/\/ateliermodulo.fr\/ro\/wp-json\/wp\/v2\/product_tag?post=19793"}],"curies":[{"name":"wp","href":"https:\/\/api.w.org\/{rel}","templated":true}]}}