{"id":19693,"date":"2024-03-20T12:49:34","date_gmt":"2024-03-20T11:49:34","guid":{"rendered":"https:\/\/ateliermodulo.fr\/product\/navaro\/"},"modified":"2024-08-05T12:47:26","modified_gmt":"2024-08-05T10:47:26","slug":"navaro","status":"publish","type":"product","link":"https:\/\/ateliermodulo.fr\/ro\/produs\/navaro\/","title":{"rendered":"NAVARO"},"content":{"rendered":"<p>Navaro eman\u0103 viteza unei suli\u021be, transform\u00e2ndu-\u021bi interiorul cu o estetic\u0103 modern\u0103 \u0219i dinamic\u0103. Fiecare pies\u0103, o minune geometric\u0103 cu linii precise, se \u00eembin\u0103 perfect, cre\u00e2nd o simfonie elegant\u0103 a designului.<\/p>\n","protected":false},"excerpt":{"rendered":"<p>Navaro eman\u0103 viteza unei suli\u021be, transform\u00e2ndu-\u021bi interiorul cu o estetic\u0103 modern\u0103 \u0219i dinamic\u0103. Fiecare pies\u0103, o minune geometric\u0103 cu linii precise, se \u00eembin\u0103 perfect, cre\u00e2nd o simfonie elegant\u0103 a designului.<\/p>\n","protected":false},"featured_media":19688,"template":"","meta":[],"product_brand":[],"product_cat":[156,1314,1298],"product_tag":[668],"class_list":{"0":"post-19693","1":"product","2":"type-product","3":"status-publish","4":"has-post-thumbnail","6":"product_cat-doar-interior","7":"product_cat-in-productie","8":"product_cat-piatra-decorativa","9":"product_tag-3d","10":"pa_color-alb","11":"pa_installation-fara-chit-de-rost","12":"pa_m-classification-necombustibil","13":"pa_material-ipsos-compozit","14":"pa_reaction-to-fire-clasa-a1","15":"pa_shape-romb-taiat","17":"first","18":"instock","19":"shipping-taxable","20":"product-type-simple"},"yoast_head":"<title>NAVARO | AtelierModulo<\/title>\n<meta name=\"robots\" content=\"index, follow, max-snippet:-1, max-image-preview:large, max-video-preview:-1\" \/>\n<link rel=\"canonical\" href=\"https:\/\/ateliermodulo.fr\/ro\/produs\/navaro\/\" \/>\n<meta property=\"og:locale\" content=\"ro_RO\" \/>\n<meta property=\"og:type\" content=\"article\" \/>\n<meta property=\"og:title\" content=\"NAVARO | AtelierModulo\" \/>\n<meta property=\"og:description\" content=\"Navaro eman\u0103 viteza unei suli\u021be, transform\u00e2ndu-\u021bi interiorul cu o estetic\u0103 modern\u0103 \u0219i dinamic\u0103. Fiecare pies\u0103, o minune geometric\u0103 cu linii precise, se \u00eembin\u0103 perfect, cre\u00e2nd o simfonie elegant\u0103 a designului.\" \/>\n<meta property=\"og:url\" content=\"https:\/\/ateliermodulo.fr\/ro\/produs\/navaro\/\" \/>\n<meta property=\"og:site_name\" content=\"AtelierModulo\" \/>\n<meta property=\"article:publisher\" content=\"https:\/\/www.facebook.com\/modulostones\/\" \/>\n<meta property=\"article:modified_time\" content=\"2024-08-05T10:47:26+00:00\" \/>\n<meta property=\"og:image\" content=\"https:\/\/ateliermodulo.fr\/wp-content\/uploads\/Navaro-Ambiance-1-1200x1200-1.jpg\" \/>\n\t<meta property=\"og:image:width\" content=\"1200\" \/>\n\t<meta property=\"og:image:height\" content=\"1200\" \/>\n\t<meta property=\"og:image:type\" content=\"image\/jpeg\" \/>\n<meta name=\"twitter:card\" content=\"summary_large_image\" \/>","yoast_head_json":{"title":"NAVARO | AtelierModulo","robots":{"index":"index","follow":"follow","max-snippet":"max-snippet:-1","max-image-preview":"max-image-preview:large","max-video-preview":"max-video-preview:-1"},"canonical":"https:\/\/ateliermodulo.fr\/ro\/produs\/navaro\/","og_locale":"ro_RO","og_type":"article","og_title":"NAVARO | AtelierModulo","og_description":"Navaro eman\u0103 viteza unei suli\u021be, transform\u00e2ndu-\u021bi interiorul cu o estetic\u0103 modern\u0103 \u0219i dinamic\u0103. Fiecare pies\u0103, o minune geometric\u0103 cu linii precise, se \u00eembin\u0103 perfect, cre\u00e2nd o simfonie elegant\u0103 a designului.","og_url":"https:\/\/ateliermodulo.fr\/ro\/produs\/navaro\/","og_site_name":"AtelierModulo","article_publisher":"https:\/\/www.facebook.com\/modulostones\/","article_modified_time":"2024-08-05T10:47:26+00:00","og_image":[{"width":1200,"height":1200,"url":"https:\/\/ateliermodulo.fr\/wp-content\/uploads\/Navaro-Ambiance-1-1200x1200-1.jpg","type":"image\/jpeg"}],"twitter_card":"summary_large_image","schema":{"@context":"https:\/\/schema.org","@graph":[{"@type":"WebPage","@id":"https:\/\/ateliermodulo.fr\/ro\/produs\/navaro\/","url":"https:\/\/ateliermodulo.fr\/ro\/produs\/navaro\/","name":"NAVARO | AtelierModulo","isPartOf":{"@id":"https:\/\/ateliermodulo.fr\/ro\/#website"},"primaryImageOfPage":{"@id":"https:\/\/ateliermodulo.fr\/ro\/produs\/navaro\/#primaryimage"},"image":{"@id":"https:\/\/ateliermodulo.fr\/ro\/produs\/navaro\/#primaryimage"},"thumbnailUrl":"https:\/\/ateliermodulo.fr\/wp-content\/uploads\/Navaro-Ambiance-1-1200x1200-1.jpg","datePublished":"2024-03-20T11:49:34+00:00","dateModified":"2024-08-05T10:47:26+00:00","breadcrumb":{"@id":"https:\/\/ateliermodulo.fr\/ro\/produs\/navaro\/#breadcrumb"},"inLanguage":"ro-RO","potentialAction":[{"@type":"ReadAction","target":["https:\/\/ateliermodulo.fr\/ro\/produs\/navaro\/"]}]},{"@type":"ImageObject","inLanguage":"ro-RO","@id":"https:\/\/ateliermodulo.fr\/ro\/produs\/navaro\/#primaryimage","url":"https:\/\/ateliermodulo.fr\/wp-content\/uploads\/Navaro-Ambiance-1-1200x1200-1.jpg","contentUrl":"https:\/\/ateliermodulo.fr\/wp-content\/uploads\/Navaro-Ambiance-1-1200x1200-1.jpg","width":1200,"height":1200,"caption":"Navaro"},{"@type":"BreadcrumbList","@id":"https:\/\/ateliermodulo.fr\/ro\/produs\/navaro\/#breadcrumb","itemListElement":[{"@type":"ListItem","position":1,"name":"Home","item":"https:\/\/ateliermodulo.fr\/ro\/"},{"@type":"ListItem","position":2,"name":"Produse","item":"https:\/\/ateliermodulo.fr\/products\/"},{"@type":"ListItem","position":3,"name":"NAVARO"}]},{"@type":"WebSite","@id":"https:\/\/ateliermodulo.fr\/ro\/#website","url":"https:\/\/ateliermodulo.fr\/ro\/","name":"AtelierModulo","description":"Since the 1980\u2019s, frequently copied, never surpassed","publisher":{"@id":"https:\/\/ateliermodulo.fr\/ro\/#organization"},"potentialAction":[{"@type":"SearchAction","target":{"@type":"EntryPoint","urlTemplate":"https:\/\/ateliermodulo.fr\/ro\/?s={search_term_string}"},"query-input":{"@type":"PropertyValueSpecification","valueRequired":true,"valueName":"search_term_string"}}],"inLanguage":"ro-RO"},{"@type":"Organization","@id":"https:\/\/ateliermodulo.fr\/ro\/#organization","name":"Modulo Decorative Solutions","url":"https:\/\/ateliermodulo.fr\/ro\/","logo":{"@type":"ImageObject","inLanguage":"ro-RO","@id":"https:\/\/ateliermodulo.fr\/ro\/#\/schema\/logo\/image\/","url":"https:\/\/ateliermodulo.fr\/wp-content\/uploads\/MODULO-Logo-Color-1000x245-1.png","contentUrl":"https:\/\/ateliermodulo.fr\/wp-content\/uploads\/MODULO-Logo-Color-1000x245-1.png","width":1000,"height":245,"caption":"Modulo Decorative Solutions"},"image":{"@id":"https:\/\/ateliermodulo.fr\/ro\/#\/schema\/logo\/image\/"},"sameAs":["https:\/\/www.facebook.com\/modulostones\/"]}]}},"_links":{"self":[{"href":"https:\/\/ateliermodulo.fr\/ro\/wp-json\/wp\/v2\/product\/19693","targetHints":{"allow":["GET"]}}],"collection":[{"href":"https:\/\/ateliermodulo.fr\/ro\/wp-json\/wp\/v2\/product"}],"about":[{"href":"https:\/\/ateliermodulo.fr\/ro\/wp-json\/wp\/v2\/types\/product"}],"wp:featuredmedia":[{"embeddable":true,"href":"https:\/\/ateliermodulo.fr\/ro\/wp-json\/wp\/v2\/media\/19688"}],"wp:attachment":[{"href":"https:\/\/ateliermodulo.fr\/ro\/wp-json\/wp\/v2\/media?parent=19693"}],"wp:term":[{"taxonomy":"product_brand","embeddable":true,"href":"https:\/\/ateliermodulo.fr\/ro\/wp-json\/wp\/v2\/product_brand?post=19693"},{"taxonomy":"product_cat","embeddable":true,"href":"https:\/\/ateliermodulo.fr\/ro\/wp-json\/wp\/v2\/product_cat?post=19693"},{"taxonomy":"product_tag","embeddable":true,"href":"https:\/\/ateliermodulo.fr\/ro\/wp-json\/wp\/v2\/product_tag?post=19693"}],"curies":[{"name":"wp","href":"https:\/\/api.w.org\/{rel}","templated":true}]}}