{"id":19684,"date":"2024-03-20T09:44:44","date_gmt":"2024-03-20T08:44:44","guid":{"rendered":"https:\/\/ateliermodulo.fr\/product\/skyfall\/"},"modified":"2024-07-03T13:50:12","modified_gmt":"2024-07-03T11:50:12","slug":"skyfall","status":"publish","type":"product","link":"https:\/\/ateliermodulo.fr\/ro\/produs\/skyfall\/","title":{"rendered":"SKYFALL"},"content":{"rendered":"<p>Explora\u021bi domeniul designului sofisticat cu Skyfall. Inspir\u00e2ndu-se din fa\u021betele hipnotizante ale diamantelor, aceste elemente sunt create pentru a oferi combina\u021bii nelimitate, asigur\u00e2nd c\u0103 fiecare design se simte at\u00e2t exclusiv, c\u00e2t \u0219i personal. Fie c\u0103 v\u0103 imagina\u021bi o pies\u0103 central\u0103 contemporan\u0103 sau un fundal discret, Skyfall promite o experien\u021b\u0103 transformativ\u0103, f\u0103c\u00e2nd ca fiecare spa\u021biu s\u0103 fie unic al dvs.<\/p>\n","protected":false},"excerpt":{"rendered":"<p>Explora\u021bi domeniul designului sofisticat cu Skyfall. Inspir\u00e2ndu-se din fa\u021betele hipnotizante ale diamantelor, aceste elemente sunt create pentru a oferi combina\u021bii nelimitate, asigur\u00e2nd c\u0103 fiecare design se simte at\u00e2t exclusiv, c\u00e2t \u0219i personal. Fie c\u0103 v\u0103 imagina\u021bi o pies\u0103 central\u0103 contemporan\u0103 sau un fundal discret, Skyfall promite o experien\u021b\u0103 transformativ\u0103, f\u0103c\u00e2nd ca fiecare spa\u021biu s\u0103 fie [&hellip;]<\/p>\n","protected":false},"featured_media":19674,"template":"","meta":[],"product_brand":[],"product_cat":[156,1314,1298],"product_tag":[668],"class_list":{"0":"post-19684","1":"product","2":"type-product","3":"status-publish","4":"has-post-thumbnail","6":"product_cat-doar-interior","7":"product_cat-in-productie","8":"product_cat-piatra-decorativa","9":"product_tag-3d","10":"pa_color-alb","11":"pa_coverage-per-box-0p36-m2","12":"pa_installation-fara-chit-de-rost","13":"pa_installation-stil-liber","14":"pa_m-classification-necombustibil","15":"pa_material-ipsos-compozit","16":"pa_reaction-to-fire-clasa-a1","17":"pa_shape-sageata","19":"first","20":"instock","21":"shipping-taxable","22":"product-type-simple"},"yoast_head":"<title>SKYFALL | AtelierModulo<\/title>\n<meta name=\"robots\" content=\"index, follow, max-snippet:-1, max-image-preview:large, max-video-preview:-1\" \/>\n<link rel=\"canonical\" href=\"https:\/\/ateliermodulo.fr\/ro\/produs\/skyfall\/\" \/>\n<meta property=\"og:locale\" content=\"ro_RO\" \/>\n<meta property=\"og:type\" content=\"article\" \/>\n<meta property=\"og:title\" content=\"SKYFALL | AtelierModulo\" \/>\n<meta property=\"og:description\" content=\"Explora\u021bi domeniul designului sofisticat cu Skyfall. Inspir\u00e2ndu-se din fa\u021betele hipnotizante ale diamantelor, aceste elemente sunt create pentru a oferi combina\u021bii nelimitate, asigur\u00e2nd c\u0103 fiecare design se simte at\u00e2t exclusiv, c\u00e2t \u0219i personal. Fie c\u0103 v\u0103 imagina\u021bi o pies\u0103 central\u0103 contemporan\u0103 sau un fundal discret, Skyfall promite o experien\u021b\u0103 transformativ\u0103, f\u0103c\u00e2nd ca fiecare spa\u021biu s\u0103 fie [&hellip;]\" \/>\n<meta property=\"og:url\" content=\"https:\/\/ateliermodulo.fr\/ro\/produs\/skyfall\/\" \/>\n<meta property=\"og:site_name\" content=\"AtelierModulo\" \/>\n<meta property=\"article:publisher\" content=\"https:\/\/www.facebook.com\/modulostones\/\" \/>\n<meta property=\"article:modified_time\" content=\"2024-07-03T11:50:12+00:00\" \/>\n<meta property=\"og:image\" content=\"https:\/\/ateliermodulo.fr\/wp-content\/uploads\/Skyfall-white.jpg\" \/>\n\t<meta property=\"og:image:width\" content=\"1200\" \/>\n\t<meta property=\"og:image:height\" content=\"1200\" \/>\n\t<meta property=\"og:image:type\" content=\"image\/jpeg\" \/>\n<meta name=\"twitter:card\" content=\"summary_large_image\" \/>","yoast_head_json":{"title":"SKYFALL | AtelierModulo","robots":{"index":"index","follow":"follow","max-snippet":"max-snippet:-1","max-image-preview":"max-image-preview:large","max-video-preview":"max-video-preview:-1"},"canonical":"https:\/\/ateliermodulo.fr\/ro\/produs\/skyfall\/","og_locale":"ro_RO","og_type":"article","og_title":"SKYFALL | AtelierModulo","og_description":"Explora\u021bi domeniul designului sofisticat cu Skyfall. Inspir\u00e2ndu-se din fa\u021betele hipnotizante ale diamantelor, aceste elemente sunt create pentru a oferi combina\u021bii nelimitate, asigur\u00e2nd c\u0103 fiecare design se simte at\u00e2t exclusiv, c\u00e2t \u0219i personal. Fie c\u0103 v\u0103 imagina\u021bi o pies\u0103 central\u0103 contemporan\u0103 sau un fundal discret, Skyfall promite o experien\u021b\u0103 transformativ\u0103, f\u0103c\u00e2nd ca fiecare spa\u021biu s\u0103 fie [&hellip;]","og_url":"https:\/\/ateliermodulo.fr\/ro\/produs\/skyfall\/","og_site_name":"AtelierModulo","article_publisher":"https:\/\/www.facebook.com\/modulostones\/","article_modified_time":"2024-07-03T11:50:12+00:00","og_image":[{"width":1200,"height":1200,"url":"https:\/\/ateliermodulo.fr\/wp-content\/uploads\/Skyfall-white.jpg","type":"image\/jpeg"}],"twitter_card":"summary_large_image","schema":{"@context":"https:\/\/schema.org","@graph":[{"@type":"WebPage","@id":"https:\/\/ateliermodulo.fr\/ro\/produs\/skyfall\/","url":"https:\/\/ateliermodulo.fr\/ro\/produs\/skyfall\/","name":"SKYFALL | AtelierModulo","isPartOf":{"@id":"https:\/\/ateliermodulo.fr\/ro\/#website"},"primaryImageOfPage":{"@id":"https:\/\/ateliermodulo.fr\/ro\/produs\/skyfall\/#primaryimage"},"image":{"@id":"https:\/\/ateliermodulo.fr\/ro\/produs\/skyfall\/#primaryimage"},"thumbnailUrl":"https:\/\/ateliermodulo.fr\/wp-content\/uploads\/Skyfall-white.jpg","datePublished":"2024-03-20T08:44:44+00:00","dateModified":"2024-07-03T11:50:12+00:00","breadcrumb":{"@id":"https:\/\/ateliermodulo.fr\/ro\/produs\/skyfall\/#breadcrumb"},"inLanguage":"ro-RO","potentialAction":[{"@type":"ReadAction","target":["https:\/\/ateliermodulo.fr\/ro\/produs\/skyfall\/"]}]},{"@type":"ImageObject","inLanguage":"ro-RO","@id":"https:\/\/ateliermodulo.fr\/ro\/produs\/skyfall\/#primaryimage","url":"https:\/\/ateliermodulo.fr\/wp-content\/uploads\/Skyfall-white.jpg","contentUrl":"https:\/\/ateliermodulo.fr\/wp-content\/uploads\/Skyfall-white.jpg","width":1200,"height":1200,"caption":"Skyfall"},{"@type":"BreadcrumbList","@id":"https:\/\/ateliermodulo.fr\/ro\/produs\/skyfall\/#breadcrumb","itemListElement":[{"@type":"ListItem","position":1,"name":"Home","item":"https:\/\/ateliermodulo.fr\/ro\/"},{"@type":"ListItem","position":2,"name":"Produse","item":"https:\/\/ateliermodulo.fr\/products\/"},{"@type":"ListItem","position":3,"name":"SKYFALL"}]},{"@type":"WebSite","@id":"https:\/\/ateliermodulo.fr\/ro\/#website","url":"https:\/\/ateliermodulo.fr\/ro\/","name":"AtelierModulo","description":"Since the 1980\u2019s, frequently copied, never surpassed","publisher":{"@id":"https:\/\/ateliermodulo.fr\/ro\/#organization"},"potentialAction":[{"@type":"SearchAction","target":{"@type":"EntryPoint","urlTemplate":"https:\/\/ateliermodulo.fr\/ro\/?s={search_term_string}"},"query-input":{"@type":"PropertyValueSpecification","valueRequired":true,"valueName":"search_term_string"}}],"inLanguage":"ro-RO"},{"@type":"Organization","@id":"https:\/\/ateliermodulo.fr\/ro\/#organization","name":"Modulo Decorative Solutions","url":"https:\/\/ateliermodulo.fr\/ro\/","logo":{"@type":"ImageObject","inLanguage":"ro-RO","@id":"https:\/\/ateliermodulo.fr\/ro\/#\/schema\/logo\/image\/","url":"https:\/\/ateliermodulo.fr\/wp-content\/uploads\/MODULO-Logo-Color-1000x245-1.png","contentUrl":"https:\/\/ateliermodulo.fr\/wp-content\/uploads\/MODULO-Logo-Color-1000x245-1.png","width":1000,"height":245,"caption":"Modulo Decorative Solutions"},"image":{"@id":"https:\/\/ateliermodulo.fr\/ro\/#\/schema\/logo\/image\/"},"sameAs":["https:\/\/www.facebook.com\/modulostones\/"]}]}},"_links":{"self":[{"href":"https:\/\/ateliermodulo.fr\/ro\/wp-json\/wp\/v2\/product\/19684","targetHints":{"allow":["GET"]}}],"collection":[{"href":"https:\/\/ateliermodulo.fr\/ro\/wp-json\/wp\/v2\/product"}],"about":[{"href":"https:\/\/ateliermodulo.fr\/ro\/wp-json\/wp\/v2\/types\/product"}],"wp:featuredmedia":[{"embeddable":true,"href":"https:\/\/ateliermodulo.fr\/ro\/wp-json\/wp\/v2\/media\/19674"}],"wp:attachment":[{"href":"https:\/\/ateliermodulo.fr\/ro\/wp-json\/wp\/v2\/media?parent=19684"}],"wp:term":[{"taxonomy":"product_brand","embeddable":true,"href":"https:\/\/ateliermodulo.fr\/ro\/wp-json\/wp\/v2\/product_brand?post=19684"},{"taxonomy":"product_cat","embeddable":true,"href":"https:\/\/ateliermodulo.fr\/ro\/wp-json\/wp\/v2\/product_cat?post=19684"},{"taxonomy":"product_tag","embeddable":true,"href":"https:\/\/ateliermodulo.fr\/ro\/wp-json\/wp\/v2\/product_tag?post=19684"}],"curies":[{"name":"wp","href":"https:\/\/api.w.org\/{rel}","templated":true}]}}