{"id":19057,"date":"2023-11-24T13:22:59","date_gmt":"2023-11-24T12:22:59","guid":{"rendered":"https:\/\/ateliermodulo.fr\/product\/woodie-s-reclaimed-wood\/"},"modified":"2024-07-10T09:45:43","modified_gmt":"2024-07-10T07:45:43","slug":"woodie-s-reclaimed-wood","status":"publish","type":"product","link":"https:\/\/ateliermodulo.fr\/ro\/produs\/woodie-s-reclaimed-wood\/","title":{"rendered":"Woodie S. Reclaimed Wood"},"content":{"rendered":"<p>Farmecul distinctiv al panourilor Woodie Reclaimed Wood transform\u0103 orice spa\u021biu \u00eentr-o oaz\u0103 elegant\u0103 plin\u0103 de caracter. Nuan\u021bele neutre de bej se \u00eembin\u0103 cu u\u0219urin\u021b\u0103 cu diverse stiluri de design interior \u0219i exterior, elimin\u00e2nd necesitatea de decor suplimentar. Suprafa\u021ba sa puternic texturat\u0103 ofer\u0103 o prezen\u021b\u0103 captivant\u0103, transform\u00e2ndu-l \u00eentr-un element estetic remarcabil.<\/p>\n","protected":false},"excerpt":{"rendered":"<p>Farmecul distinctiv al panourilor Woodie Reclaimed Wood transform\u0103 orice spa\u021biu \u00eentr-o oaz\u0103 elegant\u0103 plin\u0103 de caracter. Nuan\u021bele neutre de bej se \u00eembin\u0103 cu u\u0219urin\u021b\u0103 cu diverse stiluri de design interior \u0219i exterior, elimin\u00e2nd necesitatea de decor suplimentar. Suprafa\u021ba sa puternic texturat\u0103 ofer\u0103 o prezen\u021b\u0103 captivant\u0103, transform\u00e2ndu-l \u00eentr-un element estetic remarcabil.<\/p>\n","protected":false},"featured_media":19043,"template":"","meta":[],"product_brand":[],"product_cat":[1316,161,1298],"product_tag":[174],"class_list":{"0":"post-19057","1":"product","2":"type-product","3":"status-publish","4":"has-post-thumbnail","6":"product_cat-delistat","7":"product_cat-exterior-interior","8":"product_cat-piatra-decorativa","9":"product_tag-lemn","10":"pa_color-bej","11":"pa_color-maro","12":"pa_color-multicolor","13":"pa_coverage-per-box-0p764-m2","14":"pa_installation-fara-chit-de-rost","15":"pa_m-classification-necombustibil","16":"pa_material-ciment","17":"pa_reaction-to-fire-clasa-a1","18":"pa_shape-dreptunghiular","20":"first","21":"instock","22":"shipping-taxable","23":"product-type-simple"},"yoast_head":"<title>Woodie S. Reclaimed Wood | AtelierModulo<\/title>\n<meta name=\"robots\" content=\"index, follow, max-snippet:-1, max-image-preview:large, max-video-preview:-1\" \/>\n<link rel=\"canonical\" href=\"https:\/\/ateliermodulo.fr\/ro\/produs\/woodie-s-reclaimed-wood\/\" \/>\n<meta property=\"og:locale\" content=\"ro_RO\" \/>\n<meta property=\"og:type\" content=\"article\" \/>\n<meta property=\"og:title\" content=\"Woodie S. Reclaimed Wood | AtelierModulo\" \/>\n<meta property=\"og:description\" content=\"Farmecul distinctiv al panourilor Woodie Reclaimed Wood transform\u0103 orice spa\u021biu \u00eentr-o oaz\u0103 elegant\u0103 plin\u0103 de caracter. Nuan\u021bele neutre de bej se \u00eembin\u0103 cu u\u0219urin\u021b\u0103 cu diverse stiluri de design interior \u0219i exterior, elimin\u00e2nd necesitatea de decor suplimentar. Suprafa\u021ba sa puternic texturat\u0103 ofer\u0103 o prezen\u021b\u0103 captivant\u0103, transform\u00e2ndu-l \u00eentr-un element estetic remarcabil.\" \/>\n<meta property=\"og:url\" content=\"https:\/\/ateliermodulo.fr\/ro\/produs\/woodie-s-reclaimed-wood\/\" \/>\n<meta property=\"og:site_name\" content=\"AtelierModulo\" \/>\n<meta property=\"article:publisher\" content=\"https:\/\/www.facebook.com\/modulostones\/\" \/>\n<meta property=\"article:modified_time\" content=\"2024-07-10T07:45:43+00:00\" \/>\n<meta property=\"og:image\" content=\"https:\/\/ateliermodulo.fr\/wp-content\/uploads\/Woodie-Reclaimed-Wood-Ambiance-1-1200x1200-1.jpg\" \/>\n\t<meta property=\"og:image:width\" content=\"1200\" \/>\n\t<meta property=\"og:image:height\" content=\"1200\" \/>\n\t<meta property=\"og:image:type\" content=\"image\/jpeg\" \/>\n<meta name=\"twitter:card\" content=\"summary_large_image\" \/>","yoast_head_json":{"title":"Woodie S. Reclaimed Wood | AtelierModulo","robots":{"index":"index","follow":"follow","max-snippet":"max-snippet:-1","max-image-preview":"max-image-preview:large","max-video-preview":"max-video-preview:-1"},"canonical":"https:\/\/ateliermodulo.fr\/ro\/produs\/woodie-s-reclaimed-wood\/","og_locale":"ro_RO","og_type":"article","og_title":"Woodie S. Reclaimed Wood | AtelierModulo","og_description":"Farmecul distinctiv al panourilor Woodie Reclaimed Wood transform\u0103 orice spa\u021biu \u00eentr-o oaz\u0103 elegant\u0103 plin\u0103 de caracter. Nuan\u021bele neutre de bej se \u00eembin\u0103 cu u\u0219urin\u021b\u0103 cu diverse stiluri de design interior \u0219i exterior, elimin\u00e2nd necesitatea de decor suplimentar. Suprafa\u021ba sa puternic texturat\u0103 ofer\u0103 o prezen\u021b\u0103 captivant\u0103, transform\u00e2ndu-l \u00eentr-un element estetic remarcabil.","og_url":"https:\/\/ateliermodulo.fr\/ro\/produs\/woodie-s-reclaimed-wood\/","og_site_name":"AtelierModulo","article_publisher":"https:\/\/www.facebook.com\/modulostones\/","article_modified_time":"2024-07-10T07:45:43+00:00","og_image":[{"width":1200,"height":1200,"url":"https:\/\/ateliermodulo.fr\/wp-content\/uploads\/Woodie-Reclaimed-Wood-Ambiance-1-1200x1200-1.jpg","type":"image\/jpeg"}],"twitter_card":"summary_large_image","schema":{"@context":"https:\/\/schema.org","@graph":[{"@type":"WebPage","@id":"https:\/\/ateliermodulo.fr\/ro\/produs\/woodie-s-reclaimed-wood\/","url":"https:\/\/ateliermodulo.fr\/ro\/produs\/woodie-s-reclaimed-wood\/","name":"Woodie S. Reclaimed Wood | AtelierModulo","isPartOf":{"@id":"https:\/\/ateliermodulo.fr\/ro\/#website"},"primaryImageOfPage":{"@id":"https:\/\/ateliermodulo.fr\/ro\/produs\/woodie-s-reclaimed-wood\/#primaryimage"},"image":{"@id":"https:\/\/ateliermodulo.fr\/ro\/produs\/woodie-s-reclaimed-wood\/#primaryimage"},"thumbnailUrl":"https:\/\/ateliermodulo.fr\/wp-content\/uploads\/Woodie-Reclaimed-Wood-Ambiance-1-1200x1200-1.jpg","datePublished":"2023-11-24T12:22:59+00:00","dateModified":"2024-07-10T07:45:43+00:00","breadcrumb":{"@id":"https:\/\/ateliermodulo.fr\/ro\/produs\/woodie-s-reclaimed-wood\/#breadcrumb"},"inLanguage":"ro-RO","potentialAction":[{"@type":"ReadAction","target":["https:\/\/ateliermodulo.fr\/ro\/produs\/woodie-s-reclaimed-wood\/"]}]},{"@type":"ImageObject","inLanguage":"ro-RO","@id":"https:\/\/ateliermodulo.fr\/ro\/produs\/woodie-s-reclaimed-wood\/#primaryimage","url":"https:\/\/ateliermodulo.fr\/wp-content\/uploads\/Woodie-Reclaimed-Wood-Ambiance-1-1200x1200-1.jpg","contentUrl":"https:\/\/ateliermodulo.fr\/wp-content\/uploads\/Woodie-Reclaimed-Wood-Ambiance-1-1200x1200-1.jpg","width":1200,"height":1200,"caption":"Woodie Reclaimed Wood"},{"@type":"BreadcrumbList","@id":"https:\/\/ateliermodulo.fr\/ro\/produs\/woodie-s-reclaimed-wood\/#breadcrumb","itemListElement":[{"@type":"ListItem","position":1,"name":"Home","item":"https:\/\/ateliermodulo.fr\/ro\/"},{"@type":"ListItem","position":2,"name":"Produse","item":"https:\/\/ateliermodulo.fr\/products\/"},{"@type":"ListItem","position":3,"name":"Woodie S. Reclaimed Wood"}]},{"@type":"WebSite","@id":"https:\/\/ateliermodulo.fr\/ro\/#website","url":"https:\/\/ateliermodulo.fr\/ro\/","name":"AtelierModulo","description":"Since the 1980\u2019s, frequently copied, never surpassed","publisher":{"@id":"https:\/\/ateliermodulo.fr\/ro\/#organization"},"potentialAction":[{"@type":"SearchAction","target":{"@type":"EntryPoint","urlTemplate":"https:\/\/ateliermodulo.fr\/ro\/?s={search_term_string}"},"query-input":{"@type":"PropertyValueSpecification","valueRequired":true,"valueName":"search_term_string"}}],"inLanguage":"ro-RO"},{"@type":"Organization","@id":"https:\/\/ateliermodulo.fr\/ro\/#organization","name":"Modulo Decorative Solutions","url":"https:\/\/ateliermodulo.fr\/ro\/","logo":{"@type":"ImageObject","inLanguage":"ro-RO","@id":"https:\/\/ateliermodulo.fr\/ro\/#\/schema\/logo\/image\/","url":"https:\/\/ateliermodulo.fr\/wp-content\/uploads\/MODULO-Logo-Color-1000x245-1.png","contentUrl":"https:\/\/ateliermodulo.fr\/wp-content\/uploads\/MODULO-Logo-Color-1000x245-1.png","width":1000,"height":245,"caption":"Modulo Decorative Solutions"},"image":{"@id":"https:\/\/ateliermodulo.fr\/ro\/#\/schema\/logo\/image\/"},"sameAs":["https:\/\/www.facebook.com\/modulostones\/"]}]}},"_links":{"self":[{"href":"https:\/\/ateliermodulo.fr\/ro\/wp-json\/wp\/v2\/product\/19057","targetHints":{"allow":["GET"]}}],"collection":[{"href":"https:\/\/ateliermodulo.fr\/ro\/wp-json\/wp\/v2\/product"}],"about":[{"href":"https:\/\/ateliermodulo.fr\/ro\/wp-json\/wp\/v2\/types\/product"}],"wp:featuredmedia":[{"embeddable":true,"href":"https:\/\/ateliermodulo.fr\/ro\/wp-json\/wp\/v2\/media\/19043"}],"wp:attachment":[{"href":"https:\/\/ateliermodulo.fr\/ro\/wp-json\/wp\/v2\/media?parent=19057"}],"wp:term":[{"taxonomy":"product_brand","embeddable":true,"href":"https:\/\/ateliermodulo.fr\/ro\/wp-json\/wp\/v2\/product_brand?post=19057"},{"taxonomy":"product_cat","embeddable":true,"href":"https:\/\/ateliermodulo.fr\/ro\/wp-json\/wp\/v2\/product_cat?post=19057"},{"taxonomy":"product_tag","embeddable":true,"href":"https:\/\/ateliermodulo.fr\/ro\/wp-json\/wp\/v2\/product_tag?post=19057"}],"curies":[{"name":"wp","href":"https:\/\/api.w.org\/{rel}","templated":true}]}}