{"id":19032,"date":"2023-11-24T10:37:36","date_gmt":"2023-11-24T09:37:36","guid":{"rendered":"https:\/\/ateliermodulo.fr\/product\/woodie-s-old-barn\/"},"modified":"2024-07-10T09:47:45","modified_gmt":"2024-07-10T07:47:45","slug":"woodie-s-old-barn","status":"publish","type":"product","link":"https:\/\/ateliermodulo.fr\/ro\/produs\/woodie-s-old-barn\/","title":{"rendered":"Woodie S. Old Barn"},"content":{"rendered":"<p>\u00cembog\u0103\u021be\u0219te-\u021bi spa\u021biul cu esen\u021ba farmecului atemporal al lui Woodie Old Barn. Prin tehnologia avansat\u0103 de imprimare, Woodie \u00eencapsuleaz\u0103 farmecul nostalgic al lemnului clasic de hambar. Eleveaz\u0103 at\u00e2t interior, c\u00e2t \u0219i exterior, cu c\u0103ldura \u0219i caracterul bogat al lui Woodie Old Barn, acolo unde trecutul \u00eent\u00e2lne\u0219te prezentul \u00eentr-o armonie perfect\u0103.<\/p>\n","protected":false},"excerpt":{"rendered":"<p>\u00cembog\u0103\u021be\u0219te-\u021bi spa\u021biul cu esen\u021ba farmecului atemporal al lui Woodie Old Barn. Prin tehnologia avansat\u0103 de imprimare, Woodie \u00eencapsuleaz\u0103 farmecul nostalgic al lemnului clasic de hambar. Eleveaz\u0103 at\u00e2t interior, c\u00e2t \u0219i exterior, cu c\u0103ldura \u0219i caracterul bogat al lui Woodie Old Barn, acolo unde trecutul \u00eent\u00e2lne\u0219te prezentul \u00eentr-o armonie perfect\u0103.<\/p>\n","protected":false},"featured_media":19023,"template":"","meta":[],"product_brand":[],"product_cat":[1316,161,1298],"product_tag":[174],"class_list":{"0":"post-19032","1":"product","2":"type-product","3":"status-publish","4":"has-post-thumbnail","6":"product_cat-delistat","7":"product_cat-exterior-interior","8":"product_cat-piatra-decorativa","9":"product_tag-lemn","10":"pa_color-albastru","11":"pa_color-gri","12":"pa_color-maro","13":"pa_color-multicolor","14":"pa_color-rosu","15":"pa_coverage-per-box-0p764-m2","16":"pa_installation-fara-chit-de-rost","17":"pa_m-classification-necombustibil","18":"pa_material-ciment","19":"pa_reaction-to-fire-clasa-a1","20":"pa_shape-dreptunghiular","22":"first","23":"instock","24":"shipping-taxable","25":"product-type-simple"},"yoast_head":"<title>Woodie S. Old Barn | AtelierModulo<\/title>\n<meta name=\"robots\" content=\"index, follow, max-snippet:-1, max-image-preview:large, max-video-preview:-1\" \/>\n<link rel=\"canonical\" href=\"https:\/\/ateliermodulo.fr\/ro\/produs\/woodie-s-old-barn\/\" \/>\n<meta property=\"og:locale\" content=\"ro_RO\" \/>\n<meta property=\"og:type\" content=\"article\" \/>\n<meta property=\"og:title\" content=\"Woodie S. Old Barn | AtelierModulo\" \/>\n<meta property=\"og:description\" content=\"\u00cembog\u0103\u021be\u0219te-\u021bi spa\u021biul cu esen\u021ba farmecului atemporal al lui Woodie Old Barn. Prin tehnologia avansat\u0103 de imprimare, Woodie \u00eencapsuleaz\u0103 farmecul nostalgic al lemnului clasic de hambar. Eleveaz\u0103 at\u00e2t interior, c\u00e2t \u0219i exterior, cu c\u0103ldura \u0219i caracterul bogat al lui Woodie Old Barn, acolo unde trecutul \u00eent\u00e2lne\u0219te prezentul \u00eentr-o armonie perfect\u0103.\" \/>\n<meta property=\"og:url\" content=\"https:\/\/ateliermodulo.fr\/ro\/produs\/woodie-s-old-barn\/\" \/>\n<meta property=\"og:site_name\" content=\"AtelierModulo\" \/>\n<meta property=\"article:publisher\" content=\"https:\/\/www.facebook.com\/modulostones\/\" \/>\n<meta property=\"article:modified_time\" content=\"2024-07-10T07:47:45+00:00\" \/>\n<meta property=\"og:image\" content=\"https:\/\/ateliermodulo.fr\/wp-content\/uploads\/woodie-old-barn-ambiance-1-1200x1200-1.jpg\" \/>\n\t<meta property=\"og:image:width\" content=\"1200\" \/>\n\t<meta property=\"og:image:height\" content=\"1200\" \/>\n\t<meta property=\"og:image:type\" content=\"image\/jpeg\" \/>\n<meta name=\"twitter:card\" content=\"summary_large_image\" \/>","yoast_head_json":{"title":"Woodie S. Old Barn | AtelierModulo","robots":{"index":"index","follow":"follow","max-snippet":"max-snippet:-1","max-image-preview":"max-image-preview:large","max-video-preview":"max-video-preview:-1"},"canonical":"https:\/\/ateliermodulo.fr\/ro\/produs\/woodie-s-old-barn\/","og_locale":"ro_RO","og_type":"article","og_title":"Woodie S. Old Barn | AtelierModulo","og_description":"\u00cembog\u0103\u021be\u0219te-\u021bi spa\u021biul cu esen\u021ba farmecului atemporal al lui Woodie Old Barn. Prin tehnologia avansat\u0103 de imprimare, Woodie \u00eencapsuleaz\u0103 farmecul nostalgic al lemnului clasic de hambar. Eleveaz\u0103 at\u00e2t interior, c\u00e2t \u0219i exterior, cu c\u0103ldura \u0219i caracterul bogat al lui Woodie Old Barn, acolo unde trecutul \u00eent\u00e2lne\u0219te prezentul \u00eentr-o armonie perfect\u0103.","og_url":"https:\/\/ateliermodulo.fr\/ro\/produs\/woodie-s-old-barn\/","og_site_name":"AtelierModulo","article_publisher":"https:\/\/www.facebook.com\/modulostones\/","article_modified_time":"2024-07-10T07:47:45+00:00","og_image":[{"width":1200,"height":1200,"url":"https:\/\/ateliermodulo.fr\/wp-content\/uploads\/woodie-old-barn-ambiance-1-1200x1200-1.jpg","type":"image\/jpeg"}],"twitter_card":"summary_large_image","schema":{"@context":"https:\/\/schema.org","@graph":[{"@type":"WebPage","@id":"https:\/\/ateliermodulo.fr\/ro\/produs\/woodie-s-old-barn\/","url":"https:\/\/ateliermodulo.fr\/ro\/produs\/woodie-s-old-barn\/","name":"Woodie S. Old Barn | AtelierModulo","isPartOf":{"@id":"https:\/\/ateliermodulo.fr\/ro\/#website"},"primaryImageOfPage":{"@id":"https:\/\/ateliermodulo.fr\/ro\/produs\/woodie-s-old-barn\/#primaryimage"},"image":{"@id":"https:\/\/ateliermodulo.fr\/ro\/produs\/woodie-s-old-barn\/#primaryimage"},"thumbnailUrl":"https:\/\/ateliermodulo.fr\/wp-content\/uploads\/woodie-old-barn-ambiance-1-1200x1200-1.jpg","datePublished":"2023-11-24T09:37:36+00:00","dateModified":"2024-07-10T07:47:45+00:00","breadcrumb":{"@id":"https:\/\/ateliermodulo.fr\/ro\/produs\/woodie-s-old-barn\/#breadcrumb"},"inLanguage":"ro-RO","potentialAction":[{"@type":"ReadAction","target":["https:\/\/ateliermodulo.fr\/ro\/produs\/woodie-s-old-barn\/"]}]},{"@type":"ImageObject","inLanguage":"ro-RO","@id":"https:\/\/ateliermodulo.fr\/ro\/produs\/woodie-s-old-barn\/#primaryimage","url":"https:\/\/ateliermodulo.fr\/wp-content\/uploads\/woodie-old-barn-ambiance-1-1200x1200-1.jpg","contentUrl":"https:\/\/ateliermodulo.fr\/wp-content\/uploads\/woodie-old-barn-ambiance-1-1200x1200-1.jpg","width":1200,"height":1200,"caption":"Woodie Old Barn"},{"@type":"BreadcrumbList","@id":"https:\/\/ateliermodulo.fr\/ro\/produs\/woodie-s-old-barn\/#breadcrumb","itemListElement":[{"@type":"ListItem","position":1,"name":"Home","item":"https:\/\/ateliermodulo.fr\/ro\/"},{"@type":"ListItem","position":2,"name":"Produse","item":"https:\/\/ateliermodulo.fr\/products\/"},{"@type":"ListItem","position":3,"name":"Woodie S. Old Barn"}]},{"@type":"WebSite","@id":"https:\/\/ateliermodulo.fr\/ro\/#website","url":"https:\/\/ateliermodulo.fr\/ro\/","name":"AtelierModulo","description":"Since the 1980\u2019s, frequently copied, never surpassed","publisher":{"@id":"https:\/\/ateliermodulo.fr\/ro\/#organization"},"potentialAction":[{"@type":"SearchAction","target":{"@type":"EntryPoint","urlTemplate":"https:\/\/ateliermodulo.fr\/ro\/?s={search_term_string}"},"query-input":{"@type":"PropertyValueSpecification","valueRequired":true,"valueName":"search_term_string"}}],"inLanguage":"ro-RO"},{"@type":"Organization","@id":"https:\/\/ateliermodulo.fr\/ro\/#organization","name":"Modulo Decorative Solutions","url":"https:\/\/ateliermodulo.fr\/ro\/","logo":{"@type":"ImageObject","inLanguage":"ro-RO","@id":"https:\/\/ateliermodulo.fr\/ro\/#\/schema\/logo\/image\/","url":"https:\/\/ateliermodulo.fr\/wp-content\/uploads\/MODULO-Logo-Color-1000x245-1.png","contentUrl":"https:\/\/ateliermodulo.fr\/wp-content\/uploads\/MODULO-Logo-Color-1000x245-1.png","width":1000,"height":245,"caption":"Modulo Decorative Solutions"},"image":{"@id":"https:\/\/ateliermodulo.fr\/ro\/#\/schema\/logo\/image\/"},"sameAs":["https:\/\/www.facebook.com\/modulostones\/"]}]}},"_links":{"self":[{"href":"https:\/\/ateliermodulo.fr\/ro\/wp-json\/wp\/v2\/product\/19032","targetHints":{"allow":["GET"]}}],"collection":[{"href":"https:\/\/ateliermodulo.fr\/ro\/wp-json\/wp\/v2\/product"}],"about":[{"href":"https:\/\/ateliermodulo.fr\/ro\/wp-json\/wp\/v2\/types\/product"}],"wp:featuredmedia":[{"embeddable":true,"href":"https:\/\/ateliermodulo.fr\/ro\/wp-json\/wp\/v2\/media\/19023"}],"wp:attachment":[{"href":"https:\/\/ateliermodulo.fr\/ro\/wp-json\/wp\/v2\/media?parent=19032"}],"wp:term":[{"taxonomy":"product_brand","embeddable":true,"href":"https:\/\/ateliermodulo.fr\/ro\/wp-json\/wp\/v2\/product_brand?post=19032"},{"taxonomy":"product_cat","embeddable":true,"href":"https:\/\/ateliermodulo.fr\/ro\/wp-json\/wp\/v2\/product_cat?post=19032"},{"taxonomy":"product_tag","embeddable":true,"href":"https:\/\/ateliermodulo.fr\/ro\/wp-json\/wp\/v2\/product_tag?post=19032"}],"curies":[{"name":"wp","href":"https:\/\/api.w.org\/{rel}","templated":true}]}}