{"id":18960,"date":"2023-11-20T17:01:57","date_gmt":"2023-11-20T16:01:57","guid":{"rendered":"https:\/\/ateliermodulo.fr\/product\/vella-rene\/"},"modified":"2024-07-08T10:26:13","modified_gmt":"2024-07-08T08:26:13","slug":"vella-rene","status":"publish","type":"product","link":"https:\/\/ateliermodulo.fr\/ro\/produs\/vella-rene\/","title":{"rendered":"Vella Rene"},"content":{"rendered":"<p>Nuan\u021ba de teracot\u0103 clasic\u0103 a c\u0103r\u0103mizii Vella Rene, ornat\u0103 cu atingeri delicate de alb, promite s\u0103 aib\u0103 un impact durabil \u00een fiecare proiect. O alegere atemporal\u0103, aceast\u0103 c\u0103r\u0103mid\u0103 \u00eembun\u0103t\u0103\u021be\u0219te at\u00e2t design-urile moderne, c\u00e2t \u0219i cele vintage, \u00eembr\u0103\u021bi\u0219\u00e2nd versatilitatea \u0219i sofisticarea.<\/p>\n","protected":false},"excerpt":{"rendered":"<p>Nuan\u021ba de teracot\u0103 clasic\u0103 a c\u0103r\u0103mizii Vella Rene, ornat\u0103 cu atingeri delicate de alb, promite s\u0103 aib\u0103 un impact durabil \u00een fiecare proiect. O alegere atemporal\u0103, aceast\u0103 c\u0103r\u0103mid\u0103 \u00eembun\u0103t\u0103\u021be\u0219te at\u00e2t design-urile moderne, c\u00e2t \u0219i cele vintage, \u00eembr\u0103\u021bi\u0219\u00e2nd versatilitatea \u0219i sofisticarea.<\/p>\n","protected":false},"featured_media":19479,"template":"","meta":[],"product_brand":[],"product_cat":[1297,161,1314],"product_tag":[178],"class_list":{"0":"post-18960","1":"product","2":"type-product","3":"status-publish","4":"has-post-thumbnail","6":"product_cat-caramida-aparenta","7":"product_cat-exterior-interior","8":"product_cat-in-productie","9":"product_tag-caramida","10":"pa_color-alb","11":"pa_color-multicolor","12":"pa_color-rosu","13":"pa_color-somon","14":"pa_coverage-per-box-1-m2","15":"pa_installation-cu-chit-de-rost","16":"pa_m-classification-necombustibil","17":"pa_material-ciment","18":"pa_reaction-to-fire-clasa-a1","19":"pa_shape-dreptunghi-rotunjit","21":"first","22":"instock","23":"shipping-taxable","24":"product-type-simple"},"yoast_head":"<title>Vella Rene | AtelierModulo<\/title>\n<meta name=\"robots\" content=\"index, follow, max-snippet:-1, max-image-preview:large, max-video-preview:-1\" \/>\n<link rel=\"canonical\" href=\"https:\/\/ateliermodulo.fr\/ro\/produs\/vella-rene\/\" \/>\n<meta property=\"og:locale\" content=\"ro_RO\" \/>\n<meta property=\"og:type\" content=\"article\" \/>\n<meta property=\"og:title\" content=\"Vella Rene | AtelierModulo\" \/>\n<meta property=\"og:description\" content=\"Nuan\u021ba de teracot\u0103 clasic\u0103 a c\u0103r\u0103mizii Vella Rene, ornat\u0103 cu atingeri delicate de alb, promite s\u0103 aib\u0103 un impact durabil \u00een fiecare proiect. O alegere atemporal\u0103, aceast\u0103 c\u0103r\u0103mid\u0103 \u00eembun\u0103t\u0103\u021be\u0219te at\u00e2t design-urile moderne, c\u00e2t \u0219i cele vintage, \u00eembr\u0103\u021bi\u0219\u00e2nd versatilitatea \u0219i sofisticarea.\" \/>\n<meta property=\"og:url\" content=\"https:\/\/ateliermodulo.fr\/ro\/produs\/vella-rene\/\" \/>\n<meta property=\"og:site_name\" content=\"AtelierModulo\" \/>\n<meta property=\"article:publisher\" content=\"https:\/\/www.facebook.com\/modulostones\/\" \/>\n<meta property=\"article:modified_time\" content=\"2024-07-08T08:26:13+00:00\" \/>\n<meta property=\"og:image\" content=\"https:\/\/ateliermodulo.fr\/wp-content\/uploads\/Vella-Rene-ambiance-1200x1200-1.jpg\" \/>\n\t<meta property=\"og:image:width\" content=\"1200\" \/>\n\t<meta property=\"og:image:height\" content=\"1200\" \/>\n\t<meta property=\"og:image:type\" content=\"image\/jpeg\" \/>\n<meta name=\"twitter:card\" content=\"summary_large_image\" \/>","yoast_head_json":{"title":"Vella Rene | AtelierModulo","robots":{"index":"index","follow":"follow","max-snippet":"max-snippet:-1","max-image-preview":"max-image-preview:large","max-video-preview":"max-video-preview:-1"},"canonical":"https:\/\/ateliermodulo.fr\/ro\/produs\/vella-rene\/","og_locale":"ro_RO","og_type":"article","og_title":"Vella Rene | AtelierModulo","og_description":"Nuan\u021ba de teracot\u0103 clasic\u0103 a c\u0103r\u0103mizii Vella Rene, ornat\u0103 cu atingeri delicate de alb, promite s\u0103 aib\u0103 un impact durabil \u00een fiecare proiect. O alegere atemporal\u0103, aceast\u0103 c\u0103r\u0103mid\u0103 \u00eembun\u0103t\u0103\u021be\u0219te at\u00e2t design-urile moderne, c\u00e2t \u0219i cele vintage, \u00eembr\u0103\u021bi\u0219\u00e2nd versatilitatea \u0219i sofisticarea.","og_url":"https:\/\/ateliermodulo.fr\/ro\/produs\/vella-rene\/","og_site_name":"AtelierModulo","article_publisher":"https:\/\/www.facebook.com\/modulostones\/","article_modified_time":"2024-07-08T08:26:13+00:00","og_image":[{"width":1200,"height":1200,"url":"https:\/\/ateliermodulo.fr\/wp-content\/uploads\/Vella-Rene-ambiance-1200x1200-1.jpg","type":"image\/jpeg"}],"twitter_card":"summary_large_image","schema":{"@context":"https:\/\/schema.org","@graph":[{"@type":"WebPage","@id":"https:\/\/ateliermodulo.fr\/ro\/produs\/vella-rene\/","url":"https:\/\/ateliermodulo.fr\/ro\/produs\/vella-rene\/","name":"Vella Rene | AtelierModulo","isPartOf":{"@id":"https:\/\/ateliermodulo.fr\/ro\/#website"},"primaryImageOfPage":{"@id":"https:\/\/ateliermodulo.fr\/ro\/produs\/vella-rene\/#primaryimage"},"image":{"@id":"https:\/\/ateliermodulo.fr\/ro\/produs\/vella-rene\/#primaryimage"},"thumbnailUrl":"https:\/\/ateliermodulo.fr\/wp-content\/uploads\/Vella-Rene-ambiance-1200x1200-1.jpg","datePublished":"2023-11-20T16:01:57+00:00","dateModified":"2024-07-08T08:26:13+00:00","breadcrumb":{"@id":"https:\/\/ateliermodulo.fr\/ro\/produs\/vella-rene\/#breadcrumb"},"inLanguage":"ro-RO","potentialAction":[{"@type":"ReadAction","target":["https:\/\/ateliermodulo.fr\/ro\/produs\/vella-rene\/"]}]},{"@type":"ImageObject","inLanguage":"ro-RO","@id":"https:\/\/ateliermodulo.fr\/ro\/produs\/vella-rene\/#primaryimage","url":"https:\/\/ateliermodulo.fr\/wp-content\/uploads\/Vella-Rene-ambiance-1200x1200-1.jpg","contentUrl":"https:\/\/ateliermodulo.fr\/wp-content\/uploads\/Vella-Rene-ambiance-1200x1200-1.jpg","width":1200,"height":1200,"caption":"Vella Rene"},{"@type":"BreadcrumbList","@id":"https:\/\/ateliermodulo.fr\/ro\/produs\/vella-rene\/#breadcrumb","itemListElement":[{"@type":"ListItem","position":1,"name":"Home","item":"https:\/\/ateliermodulo.fr\/ro\/"},{"@type":"ListItem","position":2,"name":"Produse","item":"https:\/\/ateliermodulo.fr\/products\/"},{"@type":"ListItem","position":3,"name":"Vella Rene"}]},{"@type":"WebSite","@id":"https:\/\/ateliermodulo.fr\/ro\/#website","url":"https:\/\/ateliermodulo.fr\/ro\/","name":"AtelierModulo","description":"Since the 1980\u2019s, frequently copied, never surpassed","publisher":{"@id":"https:\/\/ateliermodulo.fr\/ro\/#organization"},"potentialAction":[{"@type":"SearchAction","target":{"@type":"EntryPoint","urlTemplate":"https:\/\/ateliermodulo.fr\/ro\/?s={search_term_string}"},"query-input":{"@type":"PropertyValueSpecification","valueRequired":true,"valueName":"search_term_string"}}],"inLanguage":"ro-RO"},{"@type":"Organization","@id":"https:\/\/ateliermodulo.fr\/ro\/#organization","name":"Modulo Decorative Solutions","url":"https:\/\/ateliermodulo.fr\/ro\/","logo":{"@type":"ImageObject","inLanguage":"ro-RO","@id":"https:\/\/ateliermodulo.fr\/ro\/#\/schema\/logo\/image\/","url":"https:\/\/ateliermodulo.fr\/wp-content\/uploads\/MODULO-Logo-Color-1000x245-1.png","contentUrl":"https:\/\/ateliermodulo.fr\/wp-content\/uploads\/MODULO-Logo-Color-1000x245-1.png","width":1000,"height":245,"caption":"Modulo Decorative Solutions"},"image":{"@id":"https:\/\/ateliermodulo.fr\/ro\/#\/schema\/logo\/image\/"},"sameAs":["https:\/\/www.facebook.com\/modulostones\/"]}]}},"_links":{"self":[{"href":"https:\/\/ateliermodulo.fr\/ro\/wp-json\/wp\/v2\/product\/18960","targetHints":{"allow":["GET"]}}],"collection":[{"href":"https:\/\/ateliermodulo.fr\/ro\/wp-json\/wp\/v2\/product"}],"about":[{"href":"https:\/\/ateliermodulo.fr\/ro\/wp-json\/wp\/v2\/types\/product"}],"wp:featuredmedia":[{"embeddable":true,"href":"https:\/\/ateliermodulo.fr\/ro\/wp-json\/wp\/v2\/media\/19479"}],"wp:attachment":[{"href":"https:\/\/ateliermodulo.fr\/ro\/wp-json\/wp\/v2\/media?parent=18960"}],"wp:term":[{"taxonomy":"product_brand","embeddable":true,"href":"https:\/\/ateliermodulo.fr\/ro\/wp-json\/wp\/v2\/product_brand?post=18960"},{"taxonomy":"product_cat","embeddable":true,"href":"https:\/\/ateliermodulo.fr\/ro\/wp-json\/wp\/v2\/product_cat?post=18960"},{"taxonomy":"product_tag","embeddable":true,"href":"https:\/\/ateliermodulo.fr\/ro\/wp-json\/wp\/v2\/product_tag?post=18960"}],"curies":[{"name":"wp","href":"https:\/\/api.w.org\/{rel}","templated":true}]}}