{"id":18926,"date":"2023-11-20T15:18:10","date_gmt":"2023-11-20T14:18:10","guid":{"rendered":"https:\/\/ateliermodulo.fr\/product\/toscane\/"},"modified":"2023-11-22T11:33:55","modified_gmt":"2023-11-22T10:33:55","slug":"toscane","status":"publish","type":"product","link":"https:\/\/ateliermodulo.fr\/ro\/produs\/toscane\/","title":{"rendered":"Toscane"},"content":{"rendered":"<p>Invoc\u00e2nd spiritul peisajelor ondulate din Toscana \u0219i bogata mo\u0219tenire artistic\u0103 a provinciei, c\u0103r\u0103mida noastr\u0103 Toscane este o capodoper\u0103 \u00een sine. Imit\u00e2nd paletele p\u0103m\u00e2nte\u0219ti ale renumitei zone rurale italiene, fiecare c\u0103r\u0103mid\u0103 replic\u0103 nuan\u021bele calde ale acoperi\u0219urilor de teracot\u0103 \u0219i ale vilelor \u00eensorite. Perfect\u0103 at\u00e2t pentru spa\u021bii interioare, c\u00e2t \u0219i exterioare, Toscane transform\u0103 orice decor \u00eentr-un sanctuar al farmecului lumii vechi \u0219i al rusticului rafinat. L\u0103sa\u021bi spa\u021biile dumneavoastr\u0103 s\u0103 repete alura atemporal\u0103 a peisajelor toscane, unde tradi\u021bia \u00eent\u00e2lne\u0219te sofisticarea \u00een fiecare col\u021b.<\/p>\n","protected":false},"excerpt":{"rendered":"<p>Invoc\u00e2nd spiritul peisajelor ondulate din Toscana \u0219i bogata mo\u0219tenire artistic\u0103 a provinciei, c\u0103r\u0103mida noastr\u0103 Toscane este o capodoper\u0103 \u00een sine. Imit\u00e2nd paletele p\u0103m\u00e2nte\u0219ti ale renumitei zone rurale italiene, fiecare c\u0103r\u0103mid\u0103 replic\u0103 nuan\u021bele calde ale acoperi\u0219urilor de teracot\u0103 \u0219i ale vilelor \u00eensorite. Perfect\u0103 at\u00e2t pentru spa\u021bii interioare, c\u00e2t \u0219i exterioare, Toscane transform\u0103 orice decor \u00eentr-un sanctuar [&hellip;]<\/p>\n","protected":false},"featured_media":18917,"template":"","meta":[],"product_brand":[],"product_cat":[1297,1316,161],"product_tag":[178],"class_list":{"0":"post-18926","1":"product","2":"type-product","3":"status-publish","4":"has-post-thumbnail","6":"product_cat-caramida-aparenta","7":"product_cat-delistat","8":"product_cat-exterior-interior","9":"product_tag-caramida","10":"pa_color-caramiziu","11":"pa_color-gri","12":"pa_color-rosu","13":"pa_coverage-per-box-0p50-m2","14":"pa_installation-cu-chit-de-rost","15":"pa_m-classification-necombustibil","16":"pa_material-ciment","17":"pa_reaction-to-fire-clasa-a1","18":"pa_shape-dreptunghi-rotunjit","20":"first","21":"instock","22":"shipping-taxable","23":"product-type-simple"},"yoast_head":"<title>Toscane | AtelierModulo<\/title>\n<meta name=\"robots\" content=\"index, follow, max-snippet:-1, max-image-preview:large, max-video-preview:-1\" \/>\n<link rel=\"canonical\" href=\"https:\/\/ateliermodulo.fr\/ro\/produs\/toscane\/\" \/>\n<meta property=\"og:locale\" content=\"ro_RO\" \/>\n<meta property=\"og:type\" content=\"article\" \/>\n<meta property=\"og:title\" content=\"Toscane | AtelierModulo\" \/>\n<meta property=\"og:description\" content=\"Invoc\u00e2nd spiritul peisajelor ondulate din Toscana \u0219i bogata mo\u0219tenire artistic\u0103 a provinciei, c\u0103r\u0103mida noastr\u0103 Toscane este o capodoper\u0103 \u00een sine. Imit\u00e2nd paletele p\u0103m\u00e2nte\u0219ti ale renumitei zone rurale italiene, fiecare c\u0103r\u0103mid\u0103 replic\u0103 nuan\u021bele calde ale acoperi\u0219urilor de teracot\u0103 \u0219i ale vilelor \u00eensorite. Perfect\u0103 at\u00e2t pentru spa\u021bii interioare, c\u00e2t \u0219i exterioare, Toscane transform\u0103 orice decor \u00eentr-un sanctuar [&hellip;]\" \/>\n<meta property=\"og:url\" content=\"https:\/\/ateliermodulo.fr\/ro\/produs\/toscane\/\" \/>\n<meta property=\"og:site_name\" content=\"AtelierModulo\" \/>\n<meta property=\"article:publisher\" content=\"https:\/\/www.facebook.com\/modulostones\/\" \/>\n<meta property=\"article:modified_time\" content=\"2023-11-22T10:33:55+00:00\" \/>\n<meta property=\"og:image\" content=\"https:\/\/ateliermodulo.fr\/wp-content\/uploads\/Toscane-Ambiance-1-1200x1200-1.jpg\" \/>\n\t<meta property=\"og:image:width\" content=\"1200\" \/>\n\t<meta property=\"og:image:height\" content=\"1200\" \/>\n\t<meta property=\"og:image:type\" content=\"image\/jpeg\" \/>\n<meta name=\"twitter:card\" content=\"summary_large_image\" \/>\n<meta name=\"twitter:label1\" content=\"Timp estimat pentru citire\" \/>\n\t<meta name=\"twitter:data1\" content=\"1 minut\" \/>","yoast_head_json":{"title":"Toscane | AtelierModulo","robots":{"index":"index","follow":"follow","max-snippet":"max-snippet:-1","max-image-preview":"max-image-preview:large","max-video-preview":"max-video-preview:-1"},"canonical":"https:\/\/ateliermodulo.fr\/ro\/produs\/toscane\/","og_locale":"ro_RO","og_type":"article","og_title":"Toscane | AtelierModulo","og_description":"Invoc\u00e2nd spiritul peisajelor ondulate din Toscana \u0219i bogata mo\u0219tenire artistic\u0103 a provinciei, c\u0103r\u0103mida noastr\u0103 Toscane este o capodoper\u0103 \u00een sine. Imit\u00e2nd paletele p\u0103m\u00e2nte\u0219ti ale renumitei zone rurale italiene, fiecare c\u0103r\u0103mid\u0103 replic\u0103 nuan\u021bele calde ale acoperi\u0219urilor de teracot\u0103 \u0219i ale vilelor \u00eensorite. Perfect\u0103 at\u00e2t pentru spa\u021bii interioare, c\u00e2t \u0219i exterioare, Toscane transform\u0103 orice decor \u00eentr-un sanctuar [&hellip;]","og_url":"https:\/\/ateliermodulo.fr\/ro\/produs\/toscane\/","og_site_name":"AtelierModulo","article_publisher":"https:\/\/www.facebook.com\/modulostones\/","article_modified_time":"2023-11-22T10:33:55+00:00","og_image":[{"width":1200,"height":1200,"url":"https:\/\/ateliermodulo.fr\/wp-content\/uploads\/Toscane-Ambiance-1-1200x1200-1.jpg","type":"image\/jpeg"}],"twitter_card":"summary_large_image","twitter_misc":{"Timp estimat pentru citire":"1 minut"},"schema":{"@context":"https:\/\/schema.org","@graph":[{"@type":"WebPage","@id":"https:\/\/ateliermodulo.fr\/ro\/produs\/toscane\/","url":"https:\/\/ateliermodulo.fr\/ro\/produs\/toscane\/","name":"Toscane | AtelierModulo","isPartOf":{"@id":"https:\/\/ateliermodulo.fr\/ro\/#website"},"primaryImageOfPage":{"@id":"https:\/\/ateliermodulo.fr\/ro\/produs\/toscane\/#primaryimage"},"image":{"@id":"https:\/\/ateliermodulo.fr\/ro\/produs\/toscane\/#primaryimage"},"thumbnailUrl":"https:\/\/ateliermodulo.fr\/wp-content\/uploads\/Toscane-Ambiance-1-1200x1200-1.jpg","datePublished":"2023-11-20T14:18:10+00:00","dateModified":"2023-11-22T10:33:55+00:00","breadcrumb":{"@id":"https:\/\/ateliermodulo.fr\/ro\/produs\/toscane\/#breadcrumb"},"inLanguage":"ro-RO","potentialAction":[{"@type":"ReadAction","target":["https:\/\/ateliermodulo.fr\/ro\/produs\/toscane\/"]}]},{"@type":"ImageObject","inLanguage":"ro-RO","@id":"https:\/\/ateliermodulo.fr\/ro\/produs\/toscane\/#primaryimage","url":"https:\/\/ateliermodulo.fr\/wp-content\/uploads\/Toscane-Ambiance-1-1200x1200-1.jpg","contentUrl":"https:\/\/ateliermodulo.fr\/wp-content\/uploads\/Toscane-Ambiance-1-1200x1200-1.jpg","width":1200,"height":1200,"caption":"Toscane"},{"@type":"BreadcrumbList","@id":"https:\/\/ateliermodulo.fr\/ro\/produs\/toscane\/#breadcrumb","itemListElement":[{"@type":"ListItem","position":1,"name":"Home","item":"https:\/\/ateliermodulo.fr\/ro\/"},{"@type":"ListItem","position":2,"name":"Produse","item":"https:\/\/ateliermodulo.fr\/products\/"},{"@type":"ListItem","position":3,"name":"Toscane"}]},{"@type":"WebSite","@id":"https:\/\/ateliermodulo.fr\/ro\/#website","url":"https:\/\/ateliermodulo.fr\/ro\/","name":"AtelierModulo","description":"Since the 1980\u2019s, frequently copied, never surpassed","publisher":{"@id":"https:\/\/ateliermodulo.fr\/ro\/#organization"},"potentialAction":[{"@type":"SearchAction","target":{"@type":"EntryPoint","urlTemplate":"https:\/\/ateliermodulo.fr\/ro\/?s={search_term_string}"},"query-input":{"@type":"PropertyValueSpecification","valueRequired":true,"valueName":"search_term_string"}}],"inLanguage":"ro-RO"},{"@type":"Organization","@id":"https:\/\/ateliermodulo.fr\/ro\/#organization","name":"Modulo Decorative Solutions","url":"https:\/\/ateliermodulo.fr\/ro\/","logo":{"@type":"ImageObject","inLanguage":"ro-RO","@id":"https:\/\/ateliermodulo.fr\/ro\/#\/schema\/logo\/image\/","url":"https:\/\/ateliermodulo.fr\/wp-content\/uploads\/MODULO-Logo-Color-1000x245-1.png","contentUrl":"https:\/\/ateliermodulo.fr\/wp-content\/uploads\/MODULO-Logo-Color-1000x245-1.png","width":1000,"height":245,"caption":"Modulo Decorative Solutions"},"image":{"@id":"https:\/\/ateliermodulo.fr\/ro\/#\/schema\/logo\/image\/"},"sameAs":["https:\/\/www.facebook.com\/modulostones\/"]}]}},"_links":{"self":[{"href":"https:\/\/ateliermodulo.fr\/ro\/wp-json\/wp\/v2\/product\/18926","targetHints":{"allow":["GET"]}}],"collection":[{"href":"https:\/\/ateliermodulo.fr\/ro\/wp-json\/wp\/v2\/product"}],"about":[{"href":"https:\/\/ateliermodulo.fr\/ro\/wp-json\/wp\/v2\/types\/product"}],"wp:featuredmedia":[{"embeddable":true,"href":"https:\/\/ateliermodulo.fr\/ro\/wp-json\/wp\/v2\/media\/18917"}],"wp:attachment":[{"href":"https:\/\/ateliermodulo.fr\/ro\/wp-json\/wp\/v2\/media?parent=18926"}],"wp:term":[{"taxonomy":"product_brand","embeddable":true,"href":"https:\/\/ateliermodulo.fr\/ro\/wp-json\/wp\/v2\/product_brand?post=18926"},{"taxonomy":"product_cat","embeddable":true,"href":"https:\/\/ateliermodulo.fr\/ro\/wp-json\/wp\/v2\/product_cat?post=18926"},{"taxonomy":"product_tag","embeddable":true,"href":"https:\/\/ateliermodulo.fr\/ro\/wp-json\/wp\/v2\/product_tag?post=18926"}],"curies":[{"name":"wp","href":"https:\/\/api.w.org\/{rel}","templated":true}]}}