{"id":18850,"date":"2023-11-17T14:43:47","date_gmt":"2023-11-17T13:43:47","guid":{"rendered":"https:\/\/ateliermodulo.fr\/product\/ringo-duo\/"},"modified":"2024-07-08T09:20:58","modified_gmt":"2024-07-08T07:20:58","slug":"ringo-duo","status":"publish","type":"product","link":"https:\/\/ateliermodulo.fr\/ro\/produs\/ringo-duo\/","title":{"rendered":"Ringo Duo"},"content":{"rendered":"<p>\u00centr-un dans de vin ro\u0219u \u0219i gri, c\u0103r\u0103mida Ringo Duo dezv\u0103luie tangoul perfect al nuan\u021belor. L\u0103sa\u021bi design-urile voastre s\u0103 \u00eembr\u0103\u021bi\u0219eze ritmul captivant al acestei c\u0103r\u0103mizi duale, \u00een care elegan\u021ba \u0219i contrastul se \u00eempletesc \u00eentr-o armonie perfect\u0103.<\/p>\n","protected":false},"excerpt":{"rendered":"<p>\u00centr-un dans de vin ro\u0219u \u0219i gri, c\u0103r\u0103mida Ringo Duo dezv\u0103luie tangoul perfect al nuan\u021belor. L\u0103sa\u021bi design-urile voastre s\u0103 \u00eembr\u0103\u021bi\u0219eze ritmul captivant al acestei c\u0103r\u0103mizi duale, \u00een care elegan\u021ba \u0219i contrastul se \u00eempletesc \u00eentr-o armonie perfect\u0103.<\/p>\n","protected":false},"featured_media":18841,"template":"","meta":[],"product_brand":[],"product_cat":[1297,161,1314],"product_tag":[178],"class_list":{"0":"post-18850","1":"product","2":"type-product","3":"status-publish","4":"has-post-thumbnail","6":"product_cat-caramida-aparenta","7":"product_cat-exterior-interior","8":"product_cat-in-productie","9":"product_tag-caramida","10":"pa_color-gri","11":"pa_color-multicolor","12":"pa_color-rosu","13":"pa_coverage-per-box-0p60-m2","14":"pa_installation-cu-chit-de-rost","15":"pa_m-classification-necombustibil","16":"pa_material-ciment","17":"pa_reaction-to-fire-clasa-a1","18":"pa_shape-dreptunghi-rotunjit","20":"first","21":"instock","22":"shipping-taxable","23":"product-type-simple"},"yoast_head":"<title>Ringo Duo | AtelierModulo<\/title>\n<meta name=\"robots\" content=\"index, follow, max-snippet:-1, max-image-preview:large, max-video-preview:-1\" \/>\n<link rel=\"canonical\" href=\"https:\/\/ateliermodulo.fr\/ro\/produs\/ringo-duo\/\" \/>\n<meta property=\"og:locale\" content=\"ro_RO\" \/>\n<meta property=\"og:type\" content=\"article\" \/>\n<meta property=\"og:title\" content=\"Ringo Duo | AtelierModulo\" \/>\n<meta property=\"og:description\" content=\"\u00centr-un dans de vin ro\u0219u \u0219i gri, c\u0103r\u0103mida Ringo Duo dezv\u0103luie tangoul perfect al nuan\u021belor. L\u0103sa\u021bi design-urile voastre s\u0103 \u00eembr\u0103\u021bi\u0219eze ritmul captivant al acestei c\u0103r\u0103mizi duale, \u00een care elegan\u021ba \u0219i contrastul se \u00eempletesc \u00eentr-o armonie perfect\u0103.\" \/>\n<meta property=\"og:url\" content=\"https:\/\/ateliermodulo.fr\/ro\/produs\/ringo-duo\/\" \/>\n<meta property=\"og:site_name\" content=\"AtelierModulo\" \/>\n<meta property=\"article:publisher\" content=\"https:\/\/www.facebook.com\/modulostones\/\" \/>\n<meta property=\"article:modified_time\" content=\"2024-07-08T07:20:58+00:00\" \/>\n<meta property=\"og:image\" content=\"https:\/\/ateliermodulo.fr\/wp-content\/uploads\/Ringo-Duo-Ambiance-1200x1200-1.jpg\" \/>\n\t<meta property=\"og:image:width\" content=\"1200\" \/>\n\t<meta property=\"og:image:height\" content=\"1200\" \/>\n\t<meta property=\"og:image:type\" content=\"image\/jpeg\" \/>\n<meta name=\"twitter:card\" content=\"summary_large_image\" \/>","yoast_head_json":{"title":"Ringo Duo | AtelierModulo","robots":{"index":"index","follow":"follow","max-snippet":"max-snippet:-1","max-image-preview":"max-image-preview:large","max-video-preview":"max-video-preview:-1"},"canonical":"https:\/\/ateliermodulo.fr\/ro\/produs\/ringo-duo\/","og_locale":"ro_RO","og_type":"article","og_title":"Ringo Duo | AtelierModulo","og_description":"\u00centr-un dans de vin ro\u0219u \u0219i gri, c\u0103r\u0103mida Ringo Duo dezv\u0103luie tangoul perfect al nuan\u021belor. L\u0103sa\u021bi design-urile voastre s\u0103 \u00eembr\u0103\u021bi\u0219eze ritmul captivant al acestei c\u0103r\u0103mizi duale, \u00een care elegan\u021ba \u0219i contrastul se \u00eempletesc \u00eentr-o armonie perfect\u0103.","og_url":"https:\/\/ateliermodulo.fr\/ro\/produs\/ringo-duo\/","og_site_name":"AtelierModulo","article_publisher":"https:\/\/www.facebook.com\/modulostones\/","article_modified_time":"2024-07-08T07:20:58+00:00","og_image":[{"width":1200,"height":1200,"url":"https:\/\/ateliermodulo.fr\/wp-content\/uploads\/Ringo-Duo-Ambiance-1200x1200-1.jpg","type":"image\/jpeg"}],"twitter_card":"summary_large_image","schema":{"@context":"https:\/\/schema.org","@graph":[{"@type":"WebPage","@id":"https:\/\/ateliermodulo.fr\/ro\/produs\/ringo-duo\/","url":"https:\/\/ateliermodulo.fr\/ro\/produs\/ringo-duo\/","name":"Ringo Duo | AtelierModulo","isPartOf":{"@id":"https:\/\/ateliermodulo.fr\/ro\/#website"},"primaryImageOfPage":{"@id":"https:\/\/ateliermodulo.fr\/ro\/produs\/ringo-duo\/#primaryimage"},"image":{"@id":"https:\/\/ateliermodulo.fr\/ro\/produs\/ringo-duo\/#primaryimage"},"thumbnailUrl":"https:\/\/ateliermodulo.fr\/wp-content\/uploads\/Ringo-Duo-Ambiance-1200x1200-1.jpg","datePublished":"2023-11-17T13:43:47+00:00","dateModified":"2024-07-08T07:20:58+00:00","breadcrumb":{"@id":"https:\/\/ateliermodulo.fr\/ro\/produs\/ringo-duo\/#breadcrumb"},"inLanguage":"ro-RO","potentialAction":[{"@type":"ReadAction","target":["https:\/\/ateliermodulo.fr\/ro\/produs\/ringo-duo\/"]}]},{"@type":"ImageObject","inLanguage":"ro-RO","@id":"https:\/\/ateliermodulo.fr\/ro\/produs\/ringo-duo\/#primaryimage","url":"https:\/\/ateliermodulo.fr\/wp-content\/uploads\/Ringo-Duo-Ambiance-1200x1200-1.jpg","contentUrl":"https:\/\/ateliermodulo.fr\/wp-content\/uploads\/Ringo-Duo-Ambiance-1200x1200-1.jpg","width":1200,"height":1200,"caption":"Ringo Duo"},{"@type":"BreadcrumbList","@id":"https:\/\/ateliermodulo.fr\/ro\/produs\/ringo-duo\/#breadcrumb","itemListElement":[{"@type":"ListItem","position":1,"name":"Home","item":"https:\/\/ateliermodulo.fr\/ro\/"},{"@type":"ListItem","position":2,"name":"Produse","item":"https:\/\/ateliermodulo.fr\/products\/"},{"@type":"ListItem","position":3,"name":"Ringo Duo"}]},{"@type":"WebSite","@id":"https:\/\/ateliermodulo.fr\/ro\/#website","url":"https:\/\/ateliermodulo.fr\/ro\/","name":"AtelierModulo","description":"Since the 1980\u2019s, frequently copied, never surpassed","publisher":{"@id":"https:\/\/ateliermodulo.fr\/ro\/#organization"},"potentialAction":[{"@type":"SearchAction","target":{"@type":"EntryPoint","urlTemplate":"https:\/\/ateliermodulo.fr\/ro\/?s={search_term_string}"},"query-input":{"@type":"PropertyValueSpecification","valueRequired":true,"valueName":"search_term_string"}}],"inLanguage":"ro-RO"},{"@type":"Organization","@id":"https:\/\/ateliermodulo.fr\/ro\/#organization","name":"Modulo Decorative Solutions","url":"https:\/\/ateliermodulo.fr\/ro\/","logo":{"@type":"ImageObject","inLanguage":"ro-RO","@id":"https:\/\/ateliermodulo.fr\/ro\/#\/schema\/logo\/image\/","url":"https:\/\/ateliermodulo.fr\/wp-content\/uploads\/MODULO-Logo-Color-1000x245-1.png","contentUrl":"https:\/\/ateliermodulo.fr\/wp-content\/uploads\/MODULO-Logo-Color-1000x245-1.png","width":1000,"height":245,"caption":"Modulo Decorative Solutions"},"image":{"@id":"https:\/\/ateliermodulo.fr\/ro\/#\/schema\/logo\/image\/"},"sameAs":["https:\/\/www.facebook.com\/modulostones\/"]}]}},"_links":{"self":[{"href":"https:\/\/ateliermodulo.fr\/ro\/wp-json\/wp\/v2\/product\/18850","targetHints":{"allow":["GET"]}}],"collection":[{"href":"https:\/\/ateliermodulo.fr\/ro\/wp-json\/wp\/v2\/product"}],"about":[{"href":"https:\/\/ateliermodulo.fr\/ro\/wp-json\/wp\/v2\/types\/product"}],"wp:featuredmedia":[{"embeddable":true,"href":"https:\/\/ateliermodulo.fr\/ro\/wp-json\/wp\/v2\/media\/18841"}],"wp:attachment":[{"href":"https:\/\/ateliermodulo.fr\/ro\/wp-json\/wp\/v2\/media?parent=18850"}],"wp:term":[{"taxonomy":"product_brand","embeddable":true,"href":"https:\/\/ateliermodulo.fr\/ro\/wp-json\/wp\/v2\/product_brand?post=18850"},{"taxonomy":"product_cat","embeddable":true,"href":"https:\/\/ateliermodulo.fr\/ro\/wp-json\/wp\/v2\/product_cat?post=18850"},{"taxonomy":"product_tag","embeddable":true,"href":"https:\/\/ateliermodulo.fr\/ro\/wp-json\/wp\/v2\/product_tag?post=18850"}],"curies":[{"name":"wp","href":"https:\/\/api.w.org\/{rel}","templated":true}]}}