{"id":18735,"date":"2023-11-17T13:02:12","date_gmt":"2023-11-17T12:02:12","guid":{"rendered":"https:\/\/ateliermodulo.fr\/product\/camden\/"},"modified":"2023-11-21T16:55:10","modified_gmt":"2023-11-21T15:55:10","slug":"camden","status":"publish","type":"product","link":"https:\/\/ateliermodulo.fr\/ro\/produs\/camden\/","title":{"rendered":"Camden"},"content":{"rendered":"<p>\u00cen \u00eembr\u0103\u021bi\u0219area c\u0103r\u0103mizii Camden, tonuri cremoase de p\u0103m\u00e2ntiu converg cu accente bl\u00e2nde de gri, armoniz\u00e2ndu-se \u00eentru-un echilibru perfect. Asemenea unei p\u00e2nze pictate de pensula naturii, c\u0103r\u0103mida decorativ\u0103 Camden reu\u0219e\u0219te s\u0103 surprind\u0103 echilibrul dintre vechi \u0219i nou.<\/p>\n","protected":false},"excerpt":{"rendered":"<p>\u00cen \u00eembr\u0103\u021bi\u0219area c\u0103r\u0103mizii Camden, tonuri cremoase de p\u0103m\u00e2ntiu converg cu accente bl\u00e2nde de gri, armoniz\u00e2ndu-se \u00eentru-un echilibru perfect. Asemenea unei p\u00e2nze pictate de pensula naturii, c\u0103r\u0103mida decorativ\u0103 Camden reu\u0219e\u0219te s\u0103 surprind\u0103 echilibrul dintre vechi \u0219i nou.<\/p>\n","protected":false},"featured_media":18726,"template":"","meta":[],"product_brand":[],"product_cat":[1297,1316,156],"product_tag":[178],"class_list":{"0":"post-18735","1":"product","2":"type-product","3":"status-publish","4":"has-post-thumbnail","6":"product_cat-caramida-aparenta","7":"product_cat-delistat","8":"product_cat-doar-interior","9":"product_tag-caramida","10":"pa_color-bej","11":"pa_color-crem","12":"pa_color-gri","13":"pa_color-maro","14":"pa_color-multicolor","15":"pa_coverage-per-box-1-m2","16":"pa_installation-cu-chit-de-rost","17":"pa_m-classification-necombustibil","18":"pa_material-ipsos","19":"pa_reaction-to-fire-clasa-a1","20":"pa_shape-dreptunghi-rotunjit","22":"first","23":"instock","24":"shipping-taxable","25":"product-type-simple"},"yoast_head":"<title>Camden | AtelierModulo<\/title>\n<meta name=\"robots\" content=\"index, follow, max-snippet:-1, max-image-preview:large, max-video-preview:-1\" \/>\n<link rel=\"canonical\" href=\"https:\/\/ateliermodulo.fr\/ro\/produs\/camden\/\" \/>\n<meta property=\"og:locale\" content=\"ro_RO\" \/>\n<meta property=\"og:type\" content=\"article\" \/>\n<meta property=\"og:title\" content=\"Camden | AtelierModulo\" \/>\n<meta property=\"og:description\" content=\"\u00cen \u00eembr\u0103\u021bi\u0219area c\u0103r\u0103mizii Camden, tonuri cremoase de p\u0103m\u00e2ntiu converg cu accente bl\u00e2nde de gri, armoniz\u00e2ndu-se \u00eentru-un echilibru perfect. Asemenea unei p\u00e2nze pictate de pensula naturii, c\u0103r\u0103mida decorativ\u0103 Camden reu\u0219e\u0219te s\u0103 surprind\u0103 echilibrul dintre vechi \u0219i nou.\" \/>\n<meta property=\"og:url\" content=\"https:\/\/ateliermodulo.fr\/ro\/produs\/camden\/\" \/>\n<meta property=\"og:site_name\" content=\"AtelierModulo\" \/>\n<meta property=\"article:publisher\" content=\"https:\/\/www.facebook.com\/modulostones\/\" \/>\n<meta property=\"article:modified_time\" content=\"2023-11-21T15:55:10+00:00\" \/>\n<meta property=\"og:image\" content=\"https:\/\/ateliermodulo.fr\/wp-content\/uploads\/Camdem-Brick-Ambiance-2-1200x1200-1.jpg\" \/>\n\t<meta property=\"og:image:width\" content=\"1200\" \/>\n\t<meta property=\"og:image:height\" content=\"1200\" \/>\n\t<meta property=\"og:image:type\" content=\"image\/jpeg\" \/>\n<meta name=\"twitter:card\" content=\"summary_large_image\" \/>","yoast_head_json":{"title":"Camden | AtelierModulo","robots":{"index":"index","follow":"follow","max-snippet":"max-snippet:-1","max-image-preview":"max-image-preview:large","max-video-preview":"max-video-preview:-1"},"canonical":"https:\/\/ateliermodulo.fr\/ro\/produs\/camden\/","og_locale":"ro_RO","og_type":"article","og_title":"Camden | AtelierModulo","og_description":"\u00cen \u00eembr\u0103\u021bi\u0219area c\u0103r\u0103mizii Camden, tonuri cremoase de p\u0103m\u00e2ntiu converg cu accente bl\u00e2nde de gri, armoniz\u00e2ndu-se \u00eentru-un echilibru perfect. Asemenea unei p\u00e2nze pictate de pensula naturii, c\u0103r\u0103mida decorativ\u0103 Camden reu\u0219e\u0219te s\u0103 surprind\u0103 echilibrul dintre vechi \u0219i nou.","og_url":"https:\/\/ateliermodulo.fr\/ro\/produs\/camden\/","og_site_name":"AtelierModulo","article_publisher":"https:\/\/www.facebook.com\/modulostones\/","article_modified_time":"2023-11-21T15:55:10+00:00","og_image":[{"width":1200,"height":1200,"url":"https:\/\/ateliermodulo.fr\/wp-content\/uploads\/Camdem-Brick-Ambiance-2-1200x1200-1.jpg","type":"image\/jpeg"}],"twitter_card":"summary_large_image","schema":{"@context":"https:\/\/schema.org","@graph":[{"@type":"WebPage","@id":"https:\/\/ateliermodulo.fr\/ro\/produs\/camden\/","url":"https:\/\/ateliermodulo.fr\/ro\/produs\/camden\/","name":"Camden | AtelierModulo","isPartOf":{"@id":"https:\/\/ateliermodulo.fr\/ro\/#website"},"primaryImageOfPage":{"@id":"https:\/\/ateliermodulo.fr\/ro\/produs\/camden\/#primaryimage"},"image":{"@id":"https:\/\/ateliermodulo.fr\/ro\/produs\/camden\/#primaryimage"},"thumbnailUrl":"https:\/\/ateliermodulo.fr\/wp-content\/uploads\/Camdem-Brick-Ambiance-2-1200x1200-1.jpg","datePublished":"2023-11-17T12:02:12+00:00","dateModified":"2023-11-21T15:55:10+00:00","breadcrumb":{"@id":"https:\/\/ateliermodulo.fr\/ro\/produs\/camden\/#breadcrumb"},"inLanguage":"ro-RO","potentialAction":[{"@type":"ReadAction","target":["https:\/\/ateliermodulo.fr\/ro\/produs\/camden\/"]}]},{"@type":"ImageObject","inLanguage":"ro-RO","@id":"https:\/\/ateliermodulo.fr\/ro\/produs\/camden\/#primaryimage","url":"https:\/\/ateliermodulo.fr\/wp-content\/uploads\/Camdem-Brick-Ambiance-2-1200x1200-1.jpg","contentUrl":"https:\/\/ateliermodulo.fr\/wp-content\/uploads\/Camdem-Brick-Ambiance-2-1200x1200-1.jpg","width":1200,"height":1200,"caption":"Camdem Brick"},{"@type":"BreadcrumbList","@id":"https:\/\/ateliermodulo.fr\/ro\/produs\/camden\/#breadcrumb","itemListElement":[{"@type":"ListItem","position":1,"name":"Home","item":"https:\/\/ateliermodulo.fr\/ro\/"},{"@type":"ListItem","position":2,"name":"Produse","item":"https:\/\/ateliermodulo.fr\/products\/"},{"@type":"ListItem","position":3,"name":"Camden"}]},{"@type":"WebSite","@id":"https:\/\/ateliermodulo.fr\/ro\/#website","url":"https:\/\/ateliermodulo.fr\/ro\/","name":"AtelierModulo","description":"Since the 1980\u2019s, frequently copied, never surpassed","publisher":{"@id":"https:\/\/ateliermodulo.fr\/ro\/#organization"},"potentialAction":[{"@type":"SearchAction","target":{"@type":"EntryPoint","urlTemplate":"https:\/\/ateliermodulo.fr\/ro\/?s={search_term_string}"},"query-input":{"@type":"PropertyValueSpecification","valueRequired":true,"valueName":"search_term_string"}}],"inLanguage":"ro-RO"},{"@type":"Organization","@id":"https:\/\/ateliermodulo.fr\/ro\/#organization","name":"Modulo Decorative Solutions","url":"https:\/\/ateliermodulo.fr\/ro\/","logo":{"@type":"ImageObject","inLanguage":"ro-RO","@id":"https:\/\/ateliermodulo.fr\/ro\/#\/schema\/logo\/image\/","url":"https:\/\/ateliermodulo.fr\/wp-content\/uploads\/MODULO-Logo-Color-1000x245-1.png","contentUrl":"https:\/\/ateliermodulo.fr\/wp-content\/uploads\/MODULO-Logo-Color-1000x245-1.png","width":1000,"height":245,"caption":"Modulo Decorative Solutions"},"image":{"@id":"https:\/\/ateliermodulo.fr\/ro\/#\/schema\/logo\/image\/"},"sameAs":["https:\/\/www.facebook.com\/modulostones\/"]}]}},"_links":{"self":[{"href":"https:\/\/ateliermodulo.fr\/ro\/wp-json\/wp\/v2\/product\/18735","targetHints":{"allow":["GET"]}}],"collection":[{"href":"https:\/\/ateliermodulo.fr\/ro\/wp-json\/wp\/v2\/product"}],"about":[{"href":"https:\/\/ateliermodulo.fr\/ro\/wp-json\/wp\/v2\/types\/product"}],"wp:featuredmedia":[{"embeddable":true,"href":"https:\/\/ateliermodulo.fr\/ro\/wp-json\/wp\/v2\/media\/18726"}],"wp:attachment":[{"href":"https:\/\/ateliermodulo.fr\/ro\/wp-json\/wp\/v2\/media?parent=18735"}],"wp:term":[{"taxonomy":"product_brand","embeddable":true,"href":"https:\/\/ateliermodulo.fr\/ro\/wp-json\/wp\/v2\/product_brand?post=18735"},{"taxonomy":"product_cat","embeddable":true,"href":"https:\/\/ateliermodulo.fr\/ro\/wp-json\/wp\/v2\/product_cat?post=18735"},{"taxonomy":"product_tag","embeddable":true,"href":"https:\/\/ateliermodulo.fr\/ro\/wp-json\/wp\/v2\/product_tag?post=18735"}],"curies":[{"name":"wp","href":"https:\/\/api.w.org\/{rel}","templated":true}]}}