{"id":18625,"date":"2023-11-17T09:59:26","date_gmt":"2023-11-17T08:59:26","guid":{"rendered":"https:\/\/ateliermodulo.fr\/product\/kodiak-spirit\/"},"modified":"2023-11-22T10:36:32","modified_gmt":"2023-11-22T09:36:32","slug":"kodiak-spirit","status":"publish","type":"product","link":"https:\/\/ateliermodulo.fr\/ro\/produs\/kodiak-spirit\/","title":{"rendered":"Kodiak Spirit"},"content":{"rendered":"<p>\u00cen \u00eembr\u0103\u021bi\u0219area c\u0103r\u0103mizii Kodiak Spirit, tonurile p\u0103m\u00e2ntii danseaz\u0103 armonios, accentuate de \u0219oapte de alb \u0219i gri \u00eenchis. Ca o s\u0103lb\u0103ticie ne\u00eembl\u00e2nzit\u0103, aceast\u0103 c\u0103r\u0103mid\u0103 dezv\u0103luie simfonia naturii.<\/p>\n","protected":false},"excerpt":{"rendered":"<p>\u00cen \u00eembr\u0103\u021bi\u0219area c\u0103r\u0103mizii Kodiak Spirit, tonurile p\u0103m\u00e2ntii danseaz\u0103 armonios, accentuate de \u0219oapte de alb \u0219i gri \u00eenchis. Ca o s\u0103lb\u0103ticie ne\u00eembl\u00e2nzit\u0103, aceast\u0103 c\u0103r\u0103mid\u0103 dezv\u0103luie simfonia naturii.<\/p>\n","protected":false},"featured_media":18611,"template":"","meta":[],"product_brand":[],"product_cat":[1297,156,1314],"product_tag":[178],"class_list":{"0":"post-18625","1":"product","2":"type-product","3":"status-publish","4":"has-post-thumbnail","6":"product_cat-caramida-aparenta","7":"product_cat-doar-interior","8":"product_cat-in-productie","9":"product_tag-caramida","10":"pa_color-alb","11":"pa_color-gri","12":"pa_color-multicolor","13":"pa_color-somon","14":"pa_coverage-per-box-0p90-m2","15":"pa_installation-cu-chit-de-rost","16":"pa_m-classification-necombustibil","17":"pa_material-ipsos","18":"pa_reaction-to-fire-clasa-a1","19":"pa_shape-dreptunghi-rotunjit","21":"first","22":"instock","23":"shipping-taxable","24":"product-type-simple"},"yoast_head":"<title>Kodiak Spirit | AtelierModulo<\/title>\n<meta name=\"robots\" content=\"index, follow, max-snippet:-1, max-image-preview:large, max-video-preview:-1\" \/>\n<link rel=\"canonical\" href=\"https:\/\/ateliermodulo.fr\/ro\/produs\/kodiak-spirit\/\" \/>\n<meta property=\"og:locale\" content=\"ro_RO\" \/>\n<meta property=\"og:type\" content=\"article\" \/>\n<meta property=\"og:title\" content=\"Kodiak Spirit | AtelierModulo\" \/>\n<meta property=\"og:description\" content=\"\u00cen \u00eembr\u0103\u021bi\u0219area c\u0103r\u0103mizii Kodiak Spirit, tonurile p\u0103m\u00e2ntii danseaz\u0103 armonios, accentuate de \u0219oapte de alb \u0219i gri \u00eenchis. Ca o s\u0103lb\u0103ticie ne\u00eembl\u00e2nzit\u0103, aceast\u0103 c\u0103r\u0103mid\u0103 dezv\u0103luie simfonia naturii.\" \/>\n<meta property=\"og:url\" content=\"https:\/\/ateliermodulo.fr\/ro\/produs\/kodiak-spirit\/\" \/>\n<meta property=\"og:site_name\" content=\"AtelierModulo\" \/>\n<meta property=\"article:publisher\" content=\"https:\/\/www.facebook.com\/modulostones\/\" \/>\n<meta property=\"article:modified_time\" content=\"2023-11-22T09:36:32+00:00\" \/>\n<meta property=\"og:image\" content=\"https:\/\/ateliermodulo.fr\/wp-content\/uploads\/Kodiak-Spirit-Ambiance-3-1200x1200-1.jpg\" \/>\n\t<meta property=\"og:image:width\" content=\"1200\" \/>\n\t<meta property=\"og:image:height\" content=\"1200\" \/>\n\t<meta property=\"og:image:type\" content=\"image\/jpeg\" \/>\n<meta name=\"twitter:card\" content=\"summary_large_image\" \/>","yoast_head_json":{"title":"Kodiak Spirit | AtelierModulo","robots":{"index":"index","follow":"follow","max-snippet":"max-snippet:-1","max-image-preview":"max-image-preview:large","max-video-preview":"max-video-preview:-1"},"canonical":"https:\/\/ateliermodulo.fr\/ro\/produs\/kodiak-spirit\/","og_locale":"ro_RO","og_type":"article","og_title":"Kodiak Spirit | AtelierModulo","og_description":"\u00cen \u00eembr\u0103\u021bi\u0219area c\u0103r\u0103mizii Kodiak Spirit, tonurile p\u0103m\u00e2ntii danseaz\u0103 armonios, accentuate de \u0219oapte de alb \u0219i gri \u00eenchis. Ca o s\u0103lb\u0103ticie ne\u00eembl\u00e2nzit\u0103, aceast\u0103 c\u0103r\u0103mid\u0103 dezv\u0103luie simfonia naturii.","og_url":"https:\/\/ateliermodulo.fr\/ro\/produs\/kodiak-spirit\/","og_site_name":"AtelierModulo","article_publisher":"https:\/\/www.facebook.com\/modulostones\/","article_modified_time":"2023-11-22T09:36:32+00:00","og_image":[{"width":1200,"height":1200,"url":"https:\/\/ateliermodulo.fr\/wp-content\/uploads\/Kodiak-Spirit-Ambiance-3-1200x1200-1.jpg","type":"image\/jpeg"}],"twitter_card":"summary_large_image","schema":{"@context":"https:\/\/schema.org","@graph":[{"@type":"WebPage","@id":"https:\/\/ateliermodulo.fr\/ro\/produs\/kodiak-spirit\/","url":"https:\/\/ateliermodulo.fr\/ro\/produs\/kodiak-spirit\/","name":"Kodiak Spirit | AtelierModulo","isPartOf":{"@id":"https:\/\/ateliermodulo.fr\/ro\/#website"},"primaryImageOfPage":{"@id":"https:\/\/ateliermodulo.fr\/ro\/produs\/kodiak-spirit\/#primaryimage"},"image":{"@id":"https:\/\/ateliermodulo.fr\/ro\/produs\/kodiak-spirit\/#primaryimage"},"thumbnailUrl":"https:\/\/ateliermodulo.fr\/wp-content\/uploads\/Kodiak-Spirit-Ambiance-3-1200x1200-1.jpg","datePublished":"2023-11-17T08:59:26+00:00","dateModified":"2023-11-22T09:36:32+00:00","breadcrumb":{"@id":"https:\/\/ateliermodulo.fr\/ro\/produs\/kodiak-spirit\/#breadcrumb"},"inLanguage":"ro-RO","potentialAction":[{"@type":"ReadAction","target":["https:\/\/ateliermodulo.fr\/ro\/produs\/kodiak-spirit\/"]}]},{"@type":"ImageObject","inLanguage":"ro-RO","@id":"https:\/\/ateliermodulo.fr\/ro\/produs\/kodiak-spirit\/#primaryimage","url":"https:\/\/ateliermodulo.fr\/wp-content\/uploads\/Kodiak-Spirit-Ambiance-3-1200x1200-1.jpg","contentUrl":"https:\/\/ateliermodulo.fr\/wp-content\/uploads\/Kodiak-Spirit-Ambiance-3-1200x1200-1.jpg","width":1200,"height":1200,"caption":"Kodiak Spirit"},{"@type":"BreadcrumbList","@id":"https:\/\/ateliermodulo.fr\/ro\/produs\/kodiak-spirit\/#breadcrumb","itemListElement":[{"@type":"ListItem","position":1,"name":"Home","item":"https:\/\/ateliermodulo.fr\/ro\/"},{"@type":"ListItem","position":2,"name":"Produse","item":"https:\/\/ateliermodulo.fr\/products\/"},{"@type":"ListItem","position":3,"name":"Kodiak Spirit"}]},{"@type":"WebSite","@id":"https:\/\/ateliermodulo.fr\/ro\/#website","url":"https:\/\/ateliermodulo.fr\/ro\/","name":"AtelierModulo","description":"Since the 1980\u2019s, frequently copied, never surpassed","publisher":{"@id":"https:\/\/ateliermodulo.fr\/ro\/#organization"},"potentialAction":[{"@type":"SearchAction","target":{"@type":"EntryPoint","urlTemplate":"https:\/\/ateliermodulo.fr\/ro\/?s={search_term_string}"},"query-input":{"@type":"PropertyValueSpecification","valueRequired":true,"valueName":"search_term_string"}}],"inLanguage":"ro-RO"},{"@type":"Organization","@id":"https:\/\/ateliermodulo.fr\/ro\/#organization","name":"Modulo Decorative Solutions","url":"https:\/\/ateliermodulo.fr\/ro\/","logo":{"@type":"ImageObject","inLanguage":"ro-RO","@id":"https:\/\/ateliermodulo.fr\/ro\/#\/schema\/logo\/image\/","url":"https:\/\/ateliermodulo.fr\/wp-content\/uploads\/MODULO-Logo-Color-1000x245-1.png","contentUrl":"https:\/\/ateliermodulo.fr\/wp-content\/uploads\/MODULO-Logo-Color-1000x245-1.png","width":1000,"height":245,"caption":"Modulo Decorative Solutions"},"image":{"@id":"https:\/\/ateliermodulo.fr\/ro\/#\/schema\/logo\/image\/"},"sameAs":["https:\/\/www.facebook.com\/modulostones\/"]}]}},"_links":{"self":[{"href":"https:\/\/ateliermodulo.fr\/ro\/wp-json\/wp\/v2\/product\/18625","targetHints":{"allow":["GET"]}}],"collection":[{"href":"https:\/\/ateliermodulo.fr\/ro\/wp-json\/wp\/v2\/product"}],"about":[{"href":"https:\/\/ateliermodulo.fr\/ro\/wp-json\/wp\/v2\/types\/product"}],"wp:featuredmedia":[{"embeddable":true,"href":"https:\/\/ateliermodulo.fr\/ro\/wp-json\/wp\/v2\/media\/18611"}],"wp:attachment":[{"href":"https:\/\/ateliermodulo.fr\/ro\/wp-json\/wp\/v2\/media?parent=18625"}],"wp:term":[{"taxonomy":"product_brand","embeddable":true,"href":"https:\/\/ateliermodulo.fr\/ro\/wp-json\/wp\/v2\/product_brand?post=18625"},{"taxonomy":"product_cat","embeddable":true,"href":"https:\/\/ateliermodulo.fr\/ro\/wp-json\/wp\/v2\/product_cat?post=18625"},{"taxonomy":"product_tag","embeddable":true,"href":"https:\/\/ateliermodulo.fr\/ro\/wp-json\/wp\/v2\/product_tag?post=18625"}],"curies":[{"name":"wp","href":"https:\/\/api.w.org\/{rel}","templated":true}]}}