{"id":18605,"date":"2023-11-17T09:42:52","date_gmt":"2023-11-17T08:42:52","guid":{"rendered":"https:\/\/ateliermodulo.fr\/product\/imperial-salmon\/"},"modified":"2024-07-08T09:27:53","modified_gmt":"2024-07-08T07:27:53","slug":"imperial-salmon","status":"publish","type":"product","link":"https:\/\/ateliermodulo.fr\/ro\/produs\/imperial-salmon\/","title":{"rendered":"Imperial Salmon"},"content":{"rendered":"<p>Imperial Salmon este o plac\u0103 decorativ\u0103 de c\u0103r\u0103mid\u0103 fermec\u0103toare care armonizeaz\u0103 nuan\u021be moi de portocaliu cu subtilit\u0103\u021bi texturale fine. Tonurile sale elegante \u0219i calde, \u00eempreun\u0103 cu finisajul rafinat, aduc un atingere unic\u0103 \u0219i luxoas\u0103 oric\u0103rui spa\u021biu, combin\u00e2nd farmecul clasic cu stilul contemporan. Ideal\u0103 pentru a crea medii stilizate \u0219i primitoare, at\u00e2t \u00een set\u0103ri reziden\u021biale, c\u00e2t \u0219i comerciale.<\/p>\n","protected":false},"excerpt":{"rendered":"<p>Imperial Salmon este o plac\u0103 decorativ\u0103 de c\u0103r\u0103mid\u0103 fermec\u0103toare care armonizeaz\u0103 nuan\u021be moi de portocaliu cu subtilit\u0103\u021bi texturale fine. Tonurile sale elegante \u0219i calde, \u00eempreun\u0103 cu finisajul rafinat, aduc un atingere unic\u0103 \u0219i luxoas\u0103 oric\u0103rui spa\u021biu, combin\u00e2nd farmecul clasic cu stilul contemporan. Ideal\u0103 pentru a crea medii stilizate \u0219i primitoare, at\u00e2t \u00een set\u0103ri reziden\u021biale, c\u00e2t [&hellip;]<\/p>\n","protected":false},"featured_media":18596,"template":"","meta":[],"product_brand":[],"product_cat":[1297,156,1314],"product_tag":[178],"class_list":{"0":"post-18605","1":"product","2":"type-product","3":"status-publish","4":"has-post-thumbnail","6":"product_cat-caramida-aparenta","7":"product_cat-doar-interior","8":"product_cat-in-productie","9":"product_tag-caramida","10":"pa_color-alb","11":"pa_color-multicolor","12":"pa_color-somon","13":"pa_coverage-per-box-1-m2","14":"pa_installation-cu-chit-de-rost","15":"pa_m-classification-necombustibil","16":"pa_material-ipsos","17":"pa_reaction-to-fire-clasa-a1","18":"pa_shape-dreptunghi-rotunjit","20":"first","21":"instock","22":"shipping-taxable","23":"product-type-simple"},"yoast_head":"<title>Imperial Salmon | AtelierModulo<\/title>\n<meta name=\"robots\" content=\"index, follow, max-snippet:-1, max-image-preview:large, max-video-preview:-1\" \/>\n<link rel=\"canonical\" href=\"https:\/\/ateliermodulo.fr\/ro\/produs\/imperial-salmon\/\" \/>\n<meta property=\"og:locale\" content=\"ro_RO\" \/>\n<meta property=\"og:type\" content=\"article\" \/>\n<meta property=\"og:title\" content=\"Imperial Salmon | AtelierModulo\" \/>\n<meta property=\"og:description\" content=\"Imperial Salmon este o plac\u0103 decorativ\u0103 de c\u0103r\u0103mid\u0103 fermec\u0103toare care armonizeaz\u0103 nuan\u021be moi de portocaliu cu subtilit\u0103\u021bi texturale fine. Tonurile sale elegante \u0219i calde, \u00eempreun\u0103 cu finisajul rafinat, aduc un atingere unic\u0103 \u0219i luxoas\u0103 oric\u0103rui spa\u021biu, combin\u00e2nd farmecul clasic cu stilul contemporan. Ideal\u0103 pentru a crea medii stilizate \u0219i primitoare, at\u00e2t \u00een set\u0103ri reziden\u021biale, c\u00e2t [&hellip;]\" \/>\n<meta property=\"og:url\" content=\"https:\/\/ateliermodulo.fr\/ro\/produs\/imperial-salmon\/\" \/>\n<meta property=\"og:site_name\" content=\"AtelierModulo\" \/>\n<meta property=\"article:publisher\" content=\"https:\/\/www.facebook.com\/modulostones\/\" \/>\n<meta property=\"article:modified_time\" content=\"2024-07-08T07:27:53+00:00\" \/>\n<meta property=\"og:image\" content=\"https:\/\/ateliermodulo.fr\/wp-content\/uploads\/Imperial-Salmon-Ambiance-1200x1200-1.jpg\" \/>\n\t<meta property=\"og:image:width\" content=\"1200\" \/>\n\t<meta property=\"og:image:height\" content=\"1200\" \/>\n\t<meta property=\"og:image:type\" content=\"image\/jpeg\" \/>\n<meta name=\"twitter:card\" content=\"summary_large_image\" \/>","yoast_head_json":{"title":"Imperial Salmon | AtelierModulo","robots":{"index":"index","follow":"follow","max-snippet":"max-snippet:-1","max-image-preview":"max-image-preview:large","max-video-preview":"max-video-preview:-1"},"canonical":"https:\/\/ateliermodulo.fr\/ro\/produs\/imperial-salmon\/","og_locale":"ro_RO","og_type":"article","og_title":"Imperial Salmon | AtelierModulo","og_description":"Imperial Salmon este o plac\u0103 decorativ\u0103 de c\u0103r\u0103mid\u0103 fermec\u0103toare care armonizeaz\u0103 nuan\u021be moi de portocaliu cu subtilit\u0103\u021bi texturale fine. Tonurile sale elegante \u0219i calde, \u00eempreun\u0103 cu finisajul rafinat, aduc un atingere unic\u0103 \u0219i luxoas\u0103 oric\u0103rui spa\u021biu, combin\u00e2nd farmecul clasic cu stilul contemporan. Ideal\u0103 pentru a crea medii stilizate \u0219i primitoare, at\u00e2t \u00een set\u0103ri reziden\u021biale, c\u00e2t [&hellip;]","og_url":"https:\/\/ateliermodulo.fr\/ro\/produs\/imperial-salmon\/","og_site_name":"AtelierModulo","article_publisher":"https:\/\/www.facebook.com\/modulostones\/","article_modified_time":"2024-07-08T07:27:53+00:00","og_image":[{"width":1200,"height":1200,"url":"https:\/\/ateliermodulo.fr\/wp-content\/uploads\/Imperial-Salmon-Ambiance-1200x1200-1.jpg","type":"image\/jpeg"}],"twitter_card":"summary_large_image","schema":{"@context":"https:\/\/schema.org","@graph":[{"@type":"WebPage","@id":"https:\/\/ateliermodulo.fr\/ro\/produs\/imperial-salmon\/","url":"https:\/\/ateliermodulo.fr\/ro\/produs\/imperial-salmon\/","name":"Imperial Salmon | AtelierModulo","isPartOf":{"@id":"https:\/\/ateliermodulo.fr\/ro\/#website"},"primaryImageOfPage":{"@id":"https:\/\/ateliermodulo.fr\/ro\/produs\/imperial-salmon\/#primaryimage"},"image":{"@id":"https:\/\/ateliermodulo.fr\/ro\/produs\/imperial-salmon\/#primaryimage"},"thumbnailUrl":"https:\/\/ateliermodulo.fr\/wp-content\/uploads\/Imperial-Salmon-Ambiance-1200x1200-1.jpg","datePublished":"2023-11-17T08:42:52+00:00","dateModified":"2024-07-08T07:27:53+00:00","breadcrumb":{"@id":"https:\/\/ateliermodulo.fr\/ro\/produs\/imperial-salmon\/#breadcrumb"},"inLanguage":"ro-RO","potentialAction":[{"@type":"ReadAction","target":["https:\/\/ateliermodulo.fr\/ro\/produs\/imperial-salmon\/"]}]},{"@type":"ImageObject","inLanguage":"ro-RO","@id":"https:\/\/ateliermodulo.fr\/ro\/produs\/imperial-salmon\/#primaryimage","url":"https:\/\/ateliermodulo.fr\/wp-content\/uploads\/Imperial-Salmon-Ambiance-1200x1200-1.jpg","contentUrl":"https:\/\/ateliermodulo.fr\/wp-content\/uploads\/Imperial-Salmon-Ambiance-1200x1200-1.jpg","width":1200,"height":1200,"caption":"Imperial Salmon"},{"@type":"BreadcrumbList","@id":"https:\/\/ateliermodulo.fr\/ro\/produs\/imperial-salmon\/#breadcrumb","itemListElement":[{"@type":"ListItem","position":1,"name":"Home","item":"https:\/\/ateliermodulo.fr\/ro\/"},{"@type":"ListItem","position":2,"name":"Produse","item":"https:\/\/ateliermodulo.fr\/products\/"},{"@type":"ListItem","position":3,"name":"Imperial Salmon"}]},{"@type":"WebSite","@id":"https:\/\/ateliermodulo.fr\/ro\/#website","url":"https:\/\/ateliermodulo.fr\/ro\/","name":"AtelierModulo","description":"Since the 1980\u2019s, frequently copied, never surpassed","publisher":{"@id":"https:\/\/ateliermodulo.fr\/ro\/#organization"},"potentialAction":[{"@type":"SearchAction","target":{"@type":"EntryPoint","urlTemplate":"https:\/\/ateliermodulo.fr\/ro\/?s={search_term_string}"},"query-input":{"@type":"PropertyValueSpecification","valueRequired":true,"valueName":"search_term_string"}}],"inLanguage":"ro-RO"},{"@type":"Organization","@id":"https:\/\/ateliermodulo.fr\/ro\/#organization","name":"Modulo Decorative Solutions","url":"https:\/\/ateliermodulo.fr\/ro\/","logo":{"@type":"ImageObject","inLanguage":"ro-RO","@id":"https:\/\/ateliermodulo.fr\/ro\/#\/schema\/logo\/image\/","url":"https:\/\/ateliermodulo.fr\/wp-content\/uploads\/MODULO-Logo-Color-1000x245-1.png","contentUrl":"https:\/\/ateliermodulo.fr\/wp-content\/uploads\/MODULO-Logo-Color-1000x245-1.png","width":1000,"height":245,"caption":"Modulo Decorative Solutions"},"image":{"@id":"https:\/\/ateliermodulo.fr\/ro\/#\/schema\/logo\/image\/"},"sameAs":["https:\/\/www.facebook.com\/modulostones\/"]}]}},"_links":{"self":[{"href":"https:\/\/ateliermodulo.fr\/ro\/wp-json\/wp\/v2\/product\/18605","targetHints":{"allow":["GET"]}}],"collection":[{"href":"https:\/\/ateliermodulo.fr\/ro\/wp-json\/wp\/v2\/product"}],"about":[{"href":"https:\/\/ateliermodulo.fr\/ro\/wp-json\/wp\/v2\/types\/product"}],"wp:featuredmedia":[{"embeddable":true,"href":"https:\/\/ateliermodulo.fr\/ro\/wp-json\/wp\/v2\/media\/18596"}],"wp:attachment":[{"href":"https:\/\/ateliermodulo.fr\/ro\/wp-json\/wp\/v2\/media?parent=18605"}],"wp:term":[{"taxonomy":"product_brand","embeddable":true,"href":"https:\/\/ateliermodulo.fr\/ro\/wp-json\/wp\/v2\/product_brand?post=18605"},{"taxonomy":"product_cat","embeddable":true,"href":"https:\/\/ateliermodulo.fr\/ro\/wp-json\/wp\/v2\/product_cat?post=18605"},{"taxonomy":"product_tag","embeddable":true,"href":"https:\/\/ateliermodulo.fr\/ro\/wp-json\/wp\/v2\/product_tag?post=18605"}],"curies":[{"name":"wp","href":"https:\/\/api.w.org\/{rel}","templated":true}]}}