{"id":18540,"date":"2023-11-15T15:05:39","date_gmt":"2023-11-15T14:05:39","guid":{"rendered":"https:\/\/ateliermodulo.fr\/product\/imperial-spirit\/"},"modified":"2023-11-22T09:10:17","modified_gmt":"2023-11-22T08:10:17","slug":"imperial-spirit","status":"publish","type":"product","link":"https:\/\/ateliermodulo.fr\/ro\/produs\/imperial-spirit\/","title":{"rendered":"Imperial Spirit"},"content":{"rendered":"<p>Impun\u00e2nd o prezen\u021b\u0103 regal\u0103, c\u0103r\u0103mida Imperial Spirit eman\u0103 o elegan\u021b\u0103 atemporal\u0103 \u00een nuan\u021be cremoase. Asemenea pensulelor unui maestru artist, creeaz\u0103 o p\u00e2nz\u0103 \u00een care elegan\u021ba \u0219i natura se \u00eempletesc.<\/p>\n","protected":false},"excerpt":{"rendered":"<p>Impun\u00e2nd o prezen\u021b\u0103 regal\u0103, c\u0103r\u0103mida Imperial Spirit eman\u0103 o elegan\u021b\u0103 atemporal\u0103 \u00een nuan\u021be cremoase. Asemenea pensulelor unui maestru artist, creeaz\u0103 o p\u00e2nz\u0103 \u00een care elegan\u021ba \u0219i natura se \u00eempletesc.<\/p>\n","protected":false},"featured_media":18521,"template":"","meta":[],"product_brand":[],"product_cat":[1297,156,1314],"product_tag":[178],"class_list":{"0":"post-18540","1":"product","2":"type-product","3":"status-publish","4":"has-post-thumbnail","6":"product_cat-caramida-aparenta","7":"product_cat-doar-interior","8":"product_cat-in-productie","9":"product_tag-caramida","10":"pa_color-galben","11":"pa_color-multicolor","12":"pa_color-pamantiu","13":"pa_coverage-per-box-1-m2","14":"pa_installation-cu-chit-de-rost","15":"pa_m-classification-necombustibil","16":"pa_material-ipsos","17":"pa_reaction-to-fire-clasa-a1","18":"pa_shape-dreptunghi-rotunjit","20":"first","21":"instock","22":"shipping-taxable","23":"product-type-simple"},"yoast_head":"<title>Imperial Spirit | AtelierModulo<\/title>\n<meta name=\"robots\" content=\"index, follow, max-snippet:-1, max-image-preview:large, max-video-preview:-1\" \/>\n<link rel=\"canonical\" href=\"https:\/\/ateliermodulo.fr\/ro\/produs\/imperial-spirit\/\" \/>\n<meta property=\"og:locale\" content=\"ro_RO\" \/>\n<meta property=\"og:type\" content=\"article\" \/>\n<meta property=\"og:title\" content=\"Imperial Spirit | AtelierModulo\" \/>\n<meta property=\"og:description\" content=\"Impun\u00e2nd o prezen\u021b\u0103 regal\u0103, c\u0103r\u0103mida Imperial Spirit eman\u0103 o elegan\u021b\u0103 atemporal\u0103 \u00een nuan\u021be cremoase. Asemenea pensulelor unui maestru artist, creeaz\u0103 o p\u00e2nz\u0103 \u00een care elegan\u021ba \u0219i natura se \u00eempletesc.\" \/>\n<meta property=\"og:url\" content=\"https:\/\/ateliermodulo.fr\/ro\/produs\/imperial-spirit\/\" \/>\n<meta property=\"og:site_name\" content=\"AtelierModulo\" \/>\n<meta property=\"article:publisher\" content=\"https:\/\/www.facebook.com\/modulostones\/\" \/>\n<meta property=\"article:modified_time\" content=\"2023-11-22T08:10:17+00:00\" \/>\n<meta property=\"og:image\" content=\"https:\/\/ateliermodulo.fr\/wp-content\/uploads\/Imperial-Spirit-Ambiance-2-1200x1200-1.jpg\" \/>\n\t<meta property=\"og:image:width\" content=\"1200\" \/>\n\t<meta property=\"og:image:height\" content=\"1200\" \/>\n\t<meta property=\"og:image:type\" content=\"image\/jpeg\" \/>\n<meta name=\"twitter:card\" content=\"summary_large_image\" \/>","yoast_head_json":{"title":"Imperial Spirit | AtelierModulo","robots":{"index":"index","follow":"follow","max-snippet":"max-snippet:-1","max-image-preview":"max-image-preview:large","max-video-preview":"max-video-preview:-1"},"canonical":"https:\/\/ateliermodulo.fr\/ro\/produs\/imperial-spirit\/","og_locale":"ro_RO","og_type":"article","og_title":"Imperial Spirit | AtelierModulo","og_description":"Impun\u00e2nd o prezen\u021b\u0103 regal\u0103, c\u0103r\u0103mida Imperial Spirit eman\u0103 o elegan\u021b\u0103 atemporal\u0103 \u00een nuan\u021be cremoase. Asemenea pensulelor unui maestru artist, creeaz\u0103 o p\u00e2nz\u0103 \u00een care elegan\u021ba \u0219i natura se \u00eempletesc.","og_url":"https:\/\/ateliermodulo.fr\/ro\/produs\/imperial-spirit\/","og_site_name":"AtelierModulo","article_publisher":"https:\/\/www.facebook.com\/modulostones\/","article_modified_time":"2023-11-22T08:10:17+00:00","og_image":[{"width":1200,"height":1200,"url":"https:\/\/ateliermodulo.fr\/wp-content\/uploads\/Imperial-Spirit-Ambiance-2-1200x1200-1.jpg","type":"image\/jpeg"}],"twitter_card":"summary_large_image","schema":{"@context":"https:\/\/schema.org","@graph":[{"@type":"WebPage","@id":"https:\/\/ateliermodulo.fr\/ro\/produs\/imperial-spirit\/","url":"https:\/\/ateliermodulo.fr\/ro\/produs\/imperial-spirit\/","name":"Imperial Spirit | AtelierModulo","isPartOf":{"@id":"https:\/\/ateliermodulo.fr\/ro\/#website"},"primaryImageOfPage":{"@id":"https:\/\/ateliermodulo.fr\/ro\/produs\/imperial-spirit\/#primaryimage"},"image":{"@id":"https:\/\/ateliermodulo.fr\/ro\/produs\/imperial-spirit\/#primaryimage"},"thumbnailUrl":"https:\/\/ateliermodulo.fr\/wp-content\/uploads\/Imperial-Spirit-Ambiance-2-1200x1200-1.jpg","datePublished":"2023-11-15T14:05:39+00:00","dateModified":"2023-11-22T08:10:17+00:00","breadcrumb":{"@id":"https:\/\/ateliermodulo.fr\/ro\/produs\/imperial-spirit\/#breadcrumb"},"inLanguage":"ro-RO","potentialAction":[{"@type":"ReadAction","target":["https:\/\/ateliermodulo.fr\/ro\/produs\/imperial-spirit\/"]}]},{"@type":"ImageObject","inLanguage":"ro-RO","@id":"https:\/\/ateliermodulo.fr\/ro\/produs\/imperial-spirit\/#primaryimage","url":"https:\/\/ateliermodulo.fr\/wp-content\/uploads\/Imperial-Spirit-Ambiance-2-1200x1200-1.jpg","contentUrl":"https:\/\/ateliermodulo.fr\/wp-content\/uploads\/Imperial-Spirit-Ambiance-2-1200x1200-1.jpg","width":1200,"height":1200,"caption":"Imperial Spirit"},{"@type":"BreadcrumbList","@id":"https:\/\/ateliermodulo.fr\/ro\/produs\/imperial-spirit\/#breadcrumb","itemListElement":[{"@type":"ListItem","position":1,"name":"Home","item":"https:\/\/ateliermodulo.fr\/ro\/"},{"@type":"ListItem","position":2,"name":"Produse","item":"https:\/\/ateliermodulo.fr\/products\/"},{"@type":"ListItem","position":3,"name":"Imperial Spirit"}]},{"@type":"WebSite","@id":"https:\/\/ateliermodulo.fr\/ro\/#website","url":"https:\/\/ateliermodulo.fr\/ro\/","name":"AtelierModulo","description":"Since the 1980\u2019s, frequently copied, never surpassed","publisher":{"@id":"https:\/\/ateliermodulo.fr\/ro\/#organization"},"potentialAction":[{"@type":"SearchAction","target":{"@type":"EntryPoint","urlTemplate":"https:\/\/ateliermodulo.fr\/ro\/?s={search_term_string}"},"query-input":{"@type":"PropertyValueSpecification","valueRequired":true,"valueName":"search_term_string"}}],"inLanguage":"ro-RO"},{"@type":"Organization","@id":"https:\/\/ateliermodulo.fr\/ro\/#organization","name":"Modulo Decorative Solutions","url":"https:\/\/ateliermodulo.fr\/ro\/","logo":{"@type":"ImageObject","inLanguage":"ro-RO","@id":"https:\/\/ateliermodulo.fr\/ro\/#\/schema\/logo\/image\/","url":"https:\/\/ateliermodulo.fr\/wp-content\/uploads\/MODULO-Logo-Color-1000x245-1.png","contentUrl":"https:\/\/ateliermodulo.fr\/wp-content\/uploads\/MODULO-Logo-Color-1000x245-1.png","width":1000,"height":245,"caption":"Modulo Decorative Solutions"},"image":{"@id":"https:\/\/ateliermodulo.fr\/ro\/#\/schema\/logo\/image\/"},"sameAs":["https:\/\/www.facebook.com\/modulostones\/"]}]}},"_links":{"self":[{"href":"https:\/\/ateliermodulo.fr\/ro\/wp-json\/wp\/v2\/product\/18540","targetHints":{"allow":["GET"]}}],"collection":[{"href":"https:\/\/ateliermodulo.fr\/ro\/wp-json\/wp\/v2\/product"}],"about":[{"href":"https:\/\/ateliermodulo.fr\/ro\/wp-json\/wp\/v2\/types\/product"}],"wp:featuredmedia":[{"embeddable":true,"href":"https:\/\/ateliermodulo.fr\/ro\/wp-json\/wp\/v2\/media\/18521"}],"wp:attachment":[{"href":"https:\/\/ateliermodulo.fr\/ro\/wp-json\/wp\/v2\/media?parent=18540"}],"wp:term":[{"taxonomy":"product_brand","embeddable":true,"href":"https:\/\/ateliermodulo.fr\/ro\/wp-json\/wp\/v2\/product_brand?post=18540"},{"taxonomy":"product_cat","embeddable":true,"href":"https:\/\/ateliermodulo.fr\/ro\/wp-json\/wp\/v2\/product_cat?post=18540"},{"taxonomy":"product_tag","embeddable":true,"href":"https:\/\/ateliermodulo.fr\/ro\/wp-json\/wp\/v2\/product_tag?post=18540"}],"curies":[{"name":"wp","href":"https:\/\/api.w.org\/{rel}","templated":true}]}}