{"id":18431,"date":"2023-11-15T12:34:39","date_gmt":"2023-11-15T11:34:39","guid":{"rendered":"https:\/\/ateliermodulo.fr\/product\/easybrick-aria-natural\/"},"modified":"2023-11-21T16:31:58","modified_gmt":"2023-11-21T15:31:58","slug":"easybrick-aria-natural","status":"publish","type":"product","link":"https:\/\/ateliermodulo.fr\/ro\/produs\/easybrick-aria-natural\/","title":{"rendered":"EasyBrick Aria Natural"},"content":{"rendered":"<p>EasyBrick Aria Natural este o c\u0103r\u0103mid\u0103 luxoas\u0103 cu o textur\u0103 robust\u0103, oferind un amestec unic de sofisticare \u0219i atrac\u021bie natural\u0103. Perfect\u0103 pentru transformarea spa\u021biilor \u00eentr-un ambient cald \u0219i primitor, se potrive\u0219te at\u00e2t stilurilor contemporane, c\u00e2t \u0219i celor clasice, \u00eembun\u0103t\u0103\u021bind estetica cu o elegan\u021b\u0103 durabil\u0103.<\/p>\n","protected":false},"excerpt":{"rendered":"<p>EasyBrick Aria Natural este o c\u0103r\u0103mid\u0103 luxoas\u0103 cu o textur\u0103 robust\u0103, oferind un amestec unic de sofisticare \u0219i atrac\u021bie natural\u0103. Perfect\u0103 pentru transformarea spa\u021biilor \u00eentr-un ambient cald \u0219i primitor, se potrive\u0219te at\u00e2t stilurilor contemporane, c\u00e2t \u0219i celor clasice, \u00eembun\u0103t\u0103\u021bind estetica cu o elegan\u021b\u0103 durabil\u0103.<\/p>\n","protected":false},"featured_media":18417,"template":"","meta":[],"product_brand":[],"product_cat":[156],"product_tag":[178],"class_list":{"0":"post-18431","1":"product","2":"type-product","3":"status-publish","4":"has-post-thumbnail","6":"product_cat-doar-interior","7":"product_tag-caramida","8":"pa_color-multicolor","9":"pa_coverage-per-box-1-m2","10":"pa_installation-fara-chit-de-rost","11":"pa_m-classification-necombustibil","12":"pa_reaction-to-fire-clasa-a1","14":"first","15":"instock","16":"shipping-taxable","17":"product-type-simple"},"yoast_head":"<title>EasyBrick Aria Natural | AtelierModulo<\/title>\n<meta name=\"robots\" content=\"index, follow, max-snippet:-1, max-image-preview:large, max-video-preview:-1\" \/>\n<link rel=\"canonical\" href=\"https:\/\/ateliermodulo.fr\/ro\/produs\/easybrick-aria-natural\/\" \/>\n<meta property=\"og:locale\" content=\"ro_RO\" \/>\n<meta property=\"og:type\" content=\"article\" \/>\n<meta property=\"og:title\" content=\"EasyBrick Aria Natural | AtelierModulo\" \/>\n<meta property=\"og:description\" content=\"EasyBrick Aria Natural este o c\u0103r\u0103mid\u0103 luxoas\u0103 cu o textur\u0103 robust\u0103, oferind un amestec unic de sofisticare \u0219i atrac\u021bie natural\u0103. Perfect\u0103 pentru transformarea spa\u021biilor \u00eentr-un ambient cald \u0219i primitor, se potrive\u0219te at\u00e2t stilurilor contemporane, c\u00e2t \u0219i celor clasice, \u00eembun\u0103t\u0103\u021bind estetica cu o elegan\u021b\u0103 durabil\u0103.\" \/>\n<meta property=\"og:url\" content=\"https:\/\/ateliermodulo.fr\/ro\/produs\/easybrick-aria-natural\/\" \/>\n<meta property=\"og:site_name\" content=\"AtelierModulo\" \/>\n<meta property=\"article:publisher\" content=\"https:\/\/www.facebook.com\/modulostones\/\" \/>\n<meta property=\"article:modified_time\" content=\"2023-11-21T15:31:58+00:00\" \/>\n<meta property=\"og:image\" content=\"https:\/\/ateliermodulo.fr\/wp-content\/uploads\/EasyBrick-Aria-Natural-Ambiance-1200x1200-1.jpg\" \/>\n\t<meta property=\"og:image:width\" content=\"1200\" \/>\n\t<meta property=\"og:image:height\" content=\"1200\" \/>\n\t<meta property=\"og:image:type\" content=\"image\/jpeg\" \/>\n<meta name=\"twitter:card\" content=\"summary_large_image\" \/>","yoast_head_json":{"title":"EasyBrick Aria Natural | AtelierModulo","robots":{"index":"index","follow":"follow","max-snippet":"max-snippet:-1","max-image-preview":"max-image-preview:large","max-video-preview":"max-video-preview:-1"},"canonical":"https:\/\/ateliermodulo.fr\/ro\/produs\/easybrick-aria-natural\/","og_locale":"ro_RO","og_type":"article","og_title":"EasyBrick Aria Natural | AtelierModulo","og_description":"EasyBrick Aria Natural este o c\u0103r\u0103mid\u0103 luxoas\u0103 cu o textur\u0103 robust\u0103, oferind un amestec unic de sofisticare \u0219i atrac\u021bie natural\u0103. Perfect\u0103 pentru transformarea spa\u021biilor \u00eentr-un ambient cald \u0219i primitor, se potrive\u0219te at\u00e2t stilurilor contemporane, c\u00e2t \u0219i celor clasice, \u00eembun\u0103t\u0103\u021bind estetica cu o elegan\u021b\u0103 durabil\u0103.","og_url":"https:\/\/ateliermodulo.fr\/ro\/produs\/easybrick-aria-natural\/","og_site_name":"AtelierModulo","article_publisher":"https:\/\/www.facebook.com\/modulostones\/","article_modified_time":"2023-11-21T15:31:58+00:00","og_image":[{"width":1200,"height":1200,"url":"https:\/\/ateliermodulo.fr\/wp-content\/uploads\/EasyBrick-Aria-Natural-Ambiance-1200x1200-1.jpg","type":"image\/jpeg"}],"twitter_card":"summary_large_image","schema":{"@context":"https:\/\/schema.org","@graph":[{"@type":"WebPage","@id":"https:\/\/ateliermodulo.fr\/ro\/produs\/easybrick-aria-natural\/","url":"https:\/\/ateliermodulo.fr\/ro\/produs\/easybrick-aria-natural\/","name":"EasyBrick Aria Natural | AtelierModulo","isPartOf":{"@id":"https:\/\/ateliermodulo.fr\/ro\/#website"},"primaryImageOfPage":{"@id":"https:\/\/ateliermodulo.fr\/ro\/produs\/easybrick-aria-natural\/#primaryimage"},"image":{"@id":"https:\/\/ateliermodulo.fr\/ro\/produs\/easybrick-aria-natural\/#primaryimage"},"thumbnailUrl":"https:\/\/ateliermodulo.fr\/wp-content\/uploads\/EasyBrick-Aria-Natural-Ambiance-1200x1200-1.jpg","datePublished":"2023-11-15T11:34:39+00:00","dateModified":"2023-11-21T15:31:58+00:00","breadcrumb":{"@id":"https:\/\/ateliermodulo.fr\/ro\/produs\/easybrick-aria-natural\/#breadcrumb"},"inLanguage":"ro-RO","potentialAction":[{"@type":"ReadAction","target":["https:\/\/ateliermodulo.fr\/ro\/produs\/easybrick-aria-natural\/"]}]},{"@type":"ImageObject","inLanguage":"ro-RO","@id":"https:\/\/ateliermodulo.fr\/ro\/produs\/easybrick-aria-natural\/#primaryimage","url":"https:\/\/ateliermodulo.fr\/wp-content\/uploads\/EasyBrick-Aria-Natural-Ambiance-1200x1200-1.jpg","contentUrl":"https:\/\/ateliermodulo.fr\/wp-content\/uploads\/EasyBrick-Aria-Natural-Ambiance-1200x1200-1.jpg","width":1200,"height":1200,"caption":"EasyBrick Aria Natural"},{"@type":"BreadcrumbList","@id":"https:\/\/ateliermodulo.fr\/ro\/produs\/easybrick-aria-natural\/#breadcrumb","itemListElement":[{"@type":"ListItem","position":1,"name":"Home","item":"https:\/\/ateliermodulo.fr\/ro\/"},{"@type":"ListItem","position":2,"name":"Produse","item":"https:\/\/ateliermodulo.fr\/products\/"},{"@type":"ListItem","position":3,"name":"EasyBrick Aria Natural"}]},{"@type":"WebSite","@id":"https:\/\/ateliermodulo.fr\/ro\/#website","url":"https:\/\/ateliermodulo.fr\/ro\/","name":"AtelierModulo","description":"Since the 1980\u2019s, frequently copied, never surpassed","publisher":{"@id":"https:\/\/ateliermodulo.fr\/ro\/#organization"},"potentialAction":[{"@type":"SearchAction","target":{"@type":"EntryPoint","urlTemplate":"https:\/\/ateliermodulo.fr\/ro\/?s={search_term_string}"},"query-input":{"@type":"PropertyValueSpecification","valueRequired":true,"valueName":"search_term_string"}}],"inLanguage":"ro-RO"},{"@type":"Organization","@id":"https:\/\/ateliermodulo.fr\/ro\/#organization","name":"Modulo Decorative Solutions","url":"https:\/\/ateliermodulo.fr\/ro\/","logo":{"@type":"ImageObject","inLanguage":"ro-RO","@id":"https:\/\/ateliermodulo.fr\/ro\/#\/schema\/logo\/image\/","url":"https:\/\/ateliermodulo.fr\/wp-content\/uploads\/MODULO-Logo-Color-1000x245-1.png","contentUrl":"https:\/\/ateliermodulo.fr\/wp-content\/uploads\/MODULO-Logo-Color-1000x245-1.png","width":1000,"height":245,"caption":"Modulo Decorative Solutions"},"image":{"@id":"https:\/\/ateliermodulo.fr\/ro\/#\/schema\/logo\/image\/"},"sameAs":["https:\/\/www.facebook.com\/modulostones\/"]}]}},"_links":{"self":[{"href":"https:\/\/ateliermodulo.fr\/ro\/wp-json\/wp\/v2\/product\/18431","targetHints":{"allow":["GET"]}}],"collection":[{"href":"https:\/\/ateliermodulo.fr\/ro\/wp-json\/wp\/v2\/product"}],"about":[{"href":"https:\/\/ateliermodulo.fr\/ro\/wp-json\/wp\/v2\/types\/product"}],"wp:featuredmedia":[{"embeddable":true,"href":"https:\/\/ateliermodulo.fr\/ro\/wp-json\/wp\/v2\/media\/18417"}],"wp:attachment":[{"href":"https:\/\/ateliermodulo.fr\/ro\/wp-json\/wp\/v2\/media?parent=18431"}],"wp:term":[{"taxonomy":"product_brand","embeddable":true,"href":"https:\/\/ateliermodulo.fr\/ro\/wp-json\/wp\/v2\/product_brand?post=18431"},{"taxonomy":"product_cat","embeddable":true,"href":"https:\/\/ateliermodulo.fr\/ro\/wp-json\/wp\/v2\/product_cat?post=18431"},{"taxonomy":"product_tag","embeddable":true,"href":"https:\/\/ateliermodulo.fr\/ro\/wp-json\/wp\/v2\/product_tag?post=18431"}],"curies":[{"name":"wp","href":"https:\/\/api.w.org\/{rel}","templated":true}]}}