{"id":18350,"date":"2023-11-14T14:02:17","date_gmt":"2023-11-14T13:02:17","guid":{"rendered":"https:\/\/ateliermodulo.fr\/product\/easybrick-red\/"},"modified":"2023-11-21T16:19:12","modified_gmt":"2023-11-21T15:19:12","slug":"easybrick-red","status":"publish","type":"product","link":"https:\/\/ateliermodulo.fr\/ro\/produs\/easybrick-red\/","title":{"rendered":"EasyBrick Red"},"content":{"rendered":"<p>\u00cen ad\u00e2ncurile c\u0103r\u0103mizii Easy Brick Red, nuan\u021be arz\u0103toare de ro\u0219u se \u00eempletesc cu accente reci de gri, cre\u00e2nd un dans armonios de rezilien\u021b\u0103 \u0219i pace. \u00cembr\u0103\u021bi\u0219a\u021bi frumuse\u021bea sa captivant\u0103 \u0219i permite\u021bi design-urilor voastre s\u0103 str\u0103luceasc\u0103 cu o elegan\u021b\u0103 de durat\u0103.<\/p>\n","protected":false},"excerpt":{"rendered":"<p>\u00cen ad\u00e2ncurile c\u0103r\u0103mizii Easy Brick Red, nuan\u021be arz\u0103toare de ro\u0219u se \u00eempletesc cu accente reci de gri, cre\u00e2nd un dans armonios de rezilien\u021b\u0103 \u0219i pace. \u00cembr\u0103\u021bi\u0219a\u021bi frumuse\u021bea sa captivant\u0103 \u0219i permite\u021bi design-urilor voastre s\u0103 str\u0103luceasc\u0103 cu o elegan\u021b\u0103 de durat\u0103.<\/p>\n","protected":false},"featured_media":18331,"template":"","meta":[],"product_brand":[],"product_cat":[1297,161,1314],"product_tag":[178],"class_list":{"0":"post-18350","1":"product","2":"type-product","3":"status-publish","4":"has-post-thumbnail","6":"product_cat-caramida-aparenta","7":"product_cat-exterior-interior","8":"product_cat-in-productie","9":"product_tag-caramida","10":"pa_color-gri","11":"pa_color-rosu","12":"pa_coverage-per-box-0p64-m2","13":"pa_installation-fara-chit-de-rost","14":"pa_m-classification-necombustibil","15":"pa_material-ciment","16":"pa_reaction-to-fire-clasa-a1","17":"pa_shape-easybrick","19":"first","20":"instock","21":"shipping-taxable","22":"product-type-simple"},"yoast_head":"<title>EasyBrick Red | AtelierModulo<\/title>\n<meta name=\"robots\" content=\"index, follow, max-snippet:-1, max-image-preview:large, max-video-preview:-1\" \/>\n<link rel=\"canonical\" href=\"https:\/\/ateliermodulo.fr\/ro\/produs\/easybrick-red\/\" \/>\n<meta property=\"og:locale\" content=\"ro_RO\" \/>\n<meta property=\"og:type\" content=\"article\" \/>\n<meta property=\"og:title\" content=\"EasyBrick Red | AtelierModulo\" \/>\n<meta property=\"og:description\" content=\"\u00cen ad\u00e2ncurile c\u0103r\u0103mizii Easy Brick Red, nuan\u021be arz\u0103toare de ro\u0219u se \u00eempletesc cu accente reci de gri, cre\u00e2nd un dans armonios de rezilien\u021b\u0103 \u0219i pace. \u00cembr\u0103\u021bi\u0219a\u021bi frumuse\u021bea sa captivant\u0103 \u0219i permite\u021bi design-urilor voastre s\u0103 str\u0103luceasc\u0103 cu o elegan\u021b\u0103 de durat\u0103.\" \/>\n<meta property=\"og:url\" content=\"https:\/\/ateliermodulo.fr\/ro\/produs\/easybrick-red\/\" \/>\n<meta property=\"og:site_name\" content=\"AtelierModulo\" \/>\n<meta property=\"article:publisher\" content=\"https:\/\/www.facebook.com\/modulostones\/\" \/>\n<meta property=\"article:modified_time\" content=\"2023-11-21T15:19:12+00:00\" \/>\n<meta property=\"og:image\" content=\"https:\/\/ateliermodulo.fr\/wp-content\/uploads\/EasyBrick-Red-Ambiance-2-1200x1200-1.jpg\" \/>\n\t<meta property=\"og:image:width\" content=\"1200\" \/>\n\t<meta property=\"og:image:height\" content=\"1200\" \/>\n\t<meta property=\"og:image:type\" content=\"image\/jpeg\" \/>\n<meta name=\"twitter:card\" content=\"summary_large_image\" \/>","yoast_head_json":{"title":"EasyBrick Red | AtelierModulo","robots":{"index":"index","follow":"follow","max-snippet":"max-snippet:-1","max-image-preview":"max-image-preview:large","max-video-preview":"max-video-preview:-1"},"canonical":"https:\/\/ateliermodulo.fr\/ro\/produs\/easybrick-red\/","og_locale":"ro_RO","og_type":"article","og_title":"EasyBrick Red | AtelierModulo","og_description":"\u00cen ad\u00e2ncurile c\u0103r\u0103mizii Easy Brick Red, nuan\u021be arz\u0103toare de ro\u0219u se \u00eempletesc cu accente reci de gri, cre\u00e2nd un dans armonios de rezilien\u021b\u0103 \u0219i pace. \u00cembr\u0103\u021bi\u0219a\u021bi frumuse\u021bea sa captivant\u0103 \u0219i permite\u021bi design-urilor voastre s\u0103 str\u0103luceasc\u0103 cu o elegan\u021b\u0103 de durat\u0103.","og_url":"https:\/\/ateliermodulo.fr\/ro\/produs\/easybrick-red\/","og_site_name":"AtelierModulo","article_publisher":"https:\/\/www.facebook.com\/modulostones\/","article_modified_time":"2023-11-21T15:19:12+00:00","og_image":[{"width":1200,"height":1200,"url":"https:\/\/ateliermodulo.fr\/wp-content\/uploads\/EasyBrick-Red-Ambiance-2-1200x1200-1.jpg","type":"image\/jpeg"}],"twitter_card":"summary_large_image","schema":{"@context":"https:\/\/schema.org","@graph":[{"@type":"WebPage","@id":"https:\/\/ateliermodulo.fr\/ro\/produs\/easybrick-red\/","url":"https:\/\/ateliermodulo.fr\/ro\/produs\/easybrick-red\/","name":"EasyBrick Red | AtelierModulo","isPartOf":{"@id":"https:\/\/ateliermodulo.fr\/ro\/#website"},"primaryImageOfPage":{"@id":"https:\/\/ateliermodulo.fr\/ro\/produs\/easybrick-red\/#primaryimage"},"image":{"@id":"https:\/\/ateliermodulo.fr\/ro\/produs\/easybrick-red\/#primaryimage"},"thumbnailUrl":"https:\/\/ateliermodulo.fr\/wp-content\/uploads\/EasyBrick-Red-Ambiance-2-1200x1200-1.jpg","datePublished":"2023-11-14T13:02:17+00:00","dateModified":"2023-11-21T15:19:12+00:00","breadcrumb":{"@id":"https:\/\/ateliermodulo.fr\/ro\/produs\/easybrick-red\/#breadcrumb"},"inLanguage":"ro-RO","potentialAction":[{"@type":"ReadAction","target":["https:\/\/ateliermodulo.fr\/ro\/produs\/easybrick-red\/"]}]},{"@type":"ImageObject","inLanguage":"ro-RO","@id":"https:\/\/ateliermodulo.fr\/ro\/produs\/easybrick-red\/#primaryimage","url":"https:\/\/ateliermodulo.fr\/wp-content\/uploads\/EasyBrick-Red-Ambiance-2-1200x1200-1.jpg","contentUrl":"https:\/\/ateliermodulo.fr\/wp-content\/uploads\/EasyBrick-Red-Ambiance-2-1200x1200-1.jpg","width":1200,"height":1200,"caption":"EasyBrick Red"},{"@type":"BreadcrumbList","@id":"https:\/\/ateliermodulo.fr\/ro\/produs\/easybrick-red\/#breadcrumb","itemListElement":[{"@type":"ListItem","position":1,"name":"Home","item":"https:\/\/ateliermodulo.fr\/ro\/"},{"@type":"ListItem","position":2,"name":"Produse","item":"https:\/\/ateliermodulo.fr\/products\/"},{"@type":"ListItem","position":3,"name":"EasyBrick Red"}]},{"@type":"WebSite","@id":"https:\/\/ateliermodulo.fr\/ro\/#website","url":"https:\/\/ateliermodulo.fr\/ro\/","name":"AtelierModulo","description":"Since the 1980\u2019s, frequently copied, never surpassed","publisher":{"@id":"https:\/\/ateliermodulo.fr\/ro\/#organization"},"potentialAction":[{"@type":"SearchAction","target":{"@type":"EntryPoint","urlTemplate":"https:\/\/ateliermodulo.fr\/ro\/?s={search_term_string}"},"query-input":{"@type":"PropertyValueSpecification","valueRequired":true,"valueName":"search_term_string"}}],"inLanguage":"ro-RO"},{"@type":"Organization","@id":"https:\/\/ateliermodulo.fr\/ro\/#organization","name":"Modulo Decorative Solutions","url":"https:\/\/ateliermodulo.fr\/ro\/","logo":{"@type":"ImageObject","inLanguage":"ro-RO","@id":"https:\/\/ateliermodulo.fr\/ro\/#\/schema\/logo\/image\/","url":"https:\/\/ateliermodulo.fr\/wp-content\/uploads\/MODULO-Logo-Color-1000x245-1.png","contentUrl":"https:\/\/ateliermodulo.fr\/wp-content\/uploads\/MODULO-Logo-Color-1000x245-1.png","width":1000,"height":245,"caption":"Modulo Decorative Solutions"},"image":{"@id":"https:\/\/ateliermodulo.fr\/ro\/#\/schema\/logo\/image\/"},"sameAs":["https:\/\/www.facebook.com\/modulostones\/"]}]}},"_links":{"self":[{"href":"https:\/\/ateliermodulo.fr\/ro\/wp-json\/wp\/v2\/product\/18350","targetHints":{"allow":["GET"]}}],"collection":[{"href":"https:\/\/ateliermodulo.fr\/ro\/wp-json\/wp\/v2\/product"}],"about":[{"href":"https:\/\/ateliermodulo.fr\/ro\/wp-json\/wp\/v2\/types\/product"}],"wp:featuredmedia":[{"embeddable":true,"href":"https:\/\/ateliermodulo.fr\/ro\/wp-json\/wp\/v2\/media\/18331"}],"wp:attachment":[{"href":"https:\/\/ateliermodulo.fr\/ro\/wp-json\/wp\/v2\/media?parent=18350"}],"wp:term":[{"taxonomy":"product_brand","embeddable":true,"href":"https:\/\/ateliermodulo.fr\/ro\/wp-json\/wp\/v2\/product_brand?post=18350"},{"taxonomy":"product_cat","embeddable":true,"href":"https:\/\/ateliermodulo.fr\/ro\/wp-json\/wp\/v2\/product_cat?post=18350"},{"taxonomy":"product_tag","embeddable":true,"href":"https:\/\/ateliermodulo.fr\/ro\/wp-json\/wp\/v2\/product_tag?post=18350"}],"curies":[{"name":"wp","href":"https:\/\/api.w.org\/{rel}","templated":true}]}}