{"id":18165,"date":"2023-11-10T15:49:28","date_gmt":"2023-11-10T14:49:28","guid":{"rendered":"https:\/\/ateliermodulo.fr\/product\/chester-whitewash\/"},"modified":"2024-03-28T10:03:52","modified_gmt":"2024-03-28T09:03:52","slug":"chester-whitewash","status":"publish","type":"product","link":"https:\/\/ateliermodulo.fr\/ro\/produs\/chester-whitewash\/","title":{"rendered":"Chester Whitewash"},"content":{"rendered":"<p>Un autentic omagiu adus esteticii industriale, Chester Whitewash \u00eembin\u0103 cu elegan\u021b\u0103 istoria cu designul modern. Ideal pentru interioare minimaliste, vintage sau clasice. Suprafa\u021ba sa texturat\u0103 \u0219i nuan\u021bele versatile str\u0103lucesc at\u00e2t \u00een lumina natural\u0103 c\u00e2t \u0219i \u00een cea artificial\u0103.<\/p>\n","protected":false},"excerpt":{"rendered":"<p>Un autentic omagiu adus esteticii industriale, Chester Whitewash \u00eembin\u0103 cu elegan\u021b\u0103 istoria cu designul modern. Ideal pentru interioare minimaliste, vintage sau clasice. Suprafa\u021ba sa texturat\u0103 \u0219i nuan\u021bele versatile str\u0103lucesc at\u00e2t \u00een lumina natural\u0103 c\u00e2t \u0219i \u00een cea artificial\u0103.<\/p>\n","protected":false},"featured_media":19771,"template":"","meta":[],"product_brand":[],"product_cat":[1297,1316,161],"product_tag":[178],"class_list":{"0":"post-18165","1":"product","2":"type-product","3":"status-publish","4":"has-post-thumbnail","6":"product_cat-caramida-aparenta","7":"product_cat-delistat","8":"product_cat-exterior-interior","9":"product_tag-caramida","10":"pa_color-alb","11":"pa_color-gri","12":"pa_color-multicolor","13":"pa_color-rosu","14":"pa_coverage-per-box-1-m2","15":"pa_installation-cu-chit-de-rost","16":"pa_m-classification-necombustibil","17":"pa_material-ciment","18":"pa_reaction-to-fire-clasa-a1","19":"pa_shape-dreptunghi-rotunjit","21":"first","22":"instock","23":"shipping-taxable","24":"product-type-simple"},"yoast_head":"<title>Chester Whitewash | AtelierModulo<\/title>\n<meta name=\"robots\" content=\"index, follow, max-snippet:-1, max-image-preview:large, max-video-preview:-1\" \/>\n<link rel=\"canonical\" href=\"https:\/\/ateliermodulo.fr\/ro\/produs\/chester-whitewash\/\" \/>\n<meta property=\"og:locale\" content=\"ro_RO\" \/>\n<meta property=\"og:type\" content=\"article\" \/>\n<meta property=\"og:title\" content=\"Chester Whitewash | AtelierModulo\" \/>\n<meta property=\"og:description\" content=\"Un autentic omagiu adus esteticii industriale, Chester Whitewash \u00eembin\u0103 cu elegan\u021b\u0103 istoria cu designul modern. Ideal pentru interioare minimaliste, vintage sau clasice. Suprafa\u021ba sa texturat\u0103 \u0219i nuan\u021bele versatile str\u0103lucesc at\u00e2t \u00een lumina natural\u0103 c\u00e2t \u0219i \u00een cea artificial\u0103.\" \/>\n<meta property=\"og:url\" content=\"https:\/\/ateliermodulo.fr\/ro\/produs\/chester-whitewash\/\" \/>\n<meta property=\"og:site_name\" content=\"AtelierModulo\" \/>\n<meta property=\"article:publisher\" content=\"https:\/\/www.facebook.com\/modulostones\/\" \/>\n<meta property=\"article:modified_time\" content=\"2024-03-28T09:03:52+00:00\" \/>\n<meta property=\"og:image\" content=\"https:\/\/ateliermodulo.fr\/wp-content\/uploads\/Chester-White-Wash-ambiance-in-1200x1200-1.jpg\" \/>\n\t<meta property=\"og:image:width\" content=\"1200\" \/>\n\t<meta property=\"og:image:height\" content=\"1200\" \/>\n\t<meta property=\"og:image:type\" content=\"image\/jpeg\" \/>\n<meta name=\"twitter:card\" content=\"summary_large_image\" \/>","yoast_head_json":{"title":"Chester Whitewash | AtelierModulo","robots":{"index":"index","follow":"follow","max-snippet":"max-snippet:-1","max-image-preview":"max-image-preview:large","max-video-preview":"max-video-preview:-1"},"canonical":"https:\/\/ateliermodulo.fr\/ro\/produs\/chester-whitewash\/","og_locale":"ro_RO","og_type":"article","og_title":"Chester Whitewash | AtelierModulo","og_description":"Un autentic omagiu adus esteticii industriale, Chester Whitewash \u00eembin\u0103 cu elegan\u021b\u0103 istoria cu designul modern. Ideal pentru interioare minimaliste, vintage sau clasice. Suprafa\u021ba sa texturat\u0103 \u0219i nuan\u021bele versatile str\u0103lucesc at\u00e2t \u00een lumina natural\u0103 c\u00e2t \u0219i \u00een cea artificial\u0103.","og_url":"https:\/\/ateliermodulo.fr\/ro\/produs\/chester-whitewash\/","og_site_name":"AtelierModulo","article_publisher":"https:\/\/www.facebook.com\/modulostones\/","article_modified_time":"2024-03-28T09:03:52+00:00","og_image":[{"width":1200,"height":1200,"url":"https:\/\/ateliermodulo.fr\/wp-content\/uploads\/Chester-White-Wash-ambiance-in-1200x1200-1.jpg","type":"image\/jpeg"}],"twitter_card":"summary_large_image","schema":{"@context":"https:\/\/schema.org","@graph":[{"@type":"WebPage","@id":"https:\/\/ateliermodulo.fr\/ro\/produs\/chester-whitewash\/","url":"https:\/\/ateliermodulo.fr\/ro\/produs\/chester-whitewash\/","name":"Chester Whitewash | AtelierModulo","isPartOf":{"@id":"https:\/\/ateliermodulo.fr\/ro\/#website"},"primaryImageOfPage":{"@id":"https:\/\/ateliermodulo.fr\/ro\/produs\/chester-whitewash\/#primaryimage"},"image":{"@id":"https:\/\/ateliermodulo.fr\/ro\/produs\/chester-whitewash\/#primaryimage"},"thumbnailUrl":"https:\/\/ateliermodulo.fr\/wp-content\/uploads\/Chester-White-Wash-ambiance-in-1200x1200-1.jpg","datePublished":"2023-11-10T14:49:28+00:00","dateModified":"2024-03-28T09:03:52+00:00","breadcrumb":{"@id":"https:\/\/ateliermodulo.fr\/ro\/produs\/chester-whitewash\/#breadcrumb"},"inLanguage":"ro-RO","potentialAction":[{"@type":"ReadAction","target":["https:\/\/ateliermodulo.fr\/ro\/produs\/chester-whitewash\/"]}]},{"@type":"ImageObject","inLanguage":"ro-RO","@id":"https:\/\/ateliermodulo.fr\/ro\/produs\/chester-whitewash\/#primaryimage","url":"https:\/\/ateliermodulo.fr\/wp-content\/uploads\/Chester-White-Wash-ambiance-in-1200x1200-1.jpg","contentUrl":"https:\/\/ateliermodulo.fr\/wp-content\/uploads\/Chester-White-Wash-ambiance-in-1200x1200-1.jpg","width":1200,"height":1200,"caption":"Chester White Wash"},{"@type":"BreadcrumbList","@id":"https:\/\/ateliermodulo.fr\/ro\/produs\/chester-whitewash\/#breadcrumb","itemListElement":[{"@type":"ListItem","position":1,"name":"Home","item":"https:\/\/ateliermodulo.fr\/ro\/"},{"@type":"ListItem","position":2,"name":"Produse","item":"https:\/\/ateliermodulo.fr\/products\/"},{"@type":"ListItem","position":3,"name":"Chester Whitewash"}]},{"@type":"WebSite","@id":"https:\/\/ateliermodulo.fr\/ro\/#website","url":"https:\/\/ateliermodulo.fr\/ro\/","name":"AtelierModulo","description":"Since the 1980\u2019s, frequently copied, never surpassed","publisher":{"@id":"https:\/\/ateliermodulo.fr\/ro\/#organization"},"potentialAction":[{"@type":"SearchAction","target":{"@type":"EntryPoint","urlTemplate":"https:\/\/ateliermodulo.fr\/ro\/?s={search_term_string}"},"query-input":{"@type":"PropertyValueSpecification","valueRequired":true,"valueName":"search_term_string"}}],"inLanguage":"ro-RO"},{"@type":"Organization","@id":"https:\/\/ateliermodulo.fr\/ro\/#organization","name":"Modulo Decorative Solutions","url":"https:\/\/ateliermodulo.fr\/ro\/","logo":{"@type":"ImageObject","inLanguage":"ro-RO","@id":"https:\/\/ateliermodulo.fr\/ro\/#\/schema\/logo\/image\/","url":"https:\/\/ateliermodulo.fr\/wp-content\/uploads\/MODULO-Logo-Color-1000x245-1.png","contentUrl":"https:\/\/ateliermodulo.fr\/wp-content\/uploads\/MODULO-Logo-Color-1000x245-1.png","width":1000,"height":245,"caption":"Modulo Decorative Solutions"},"image":{"@id":"https:\/\/ateliermodulo.fr\/ro\/#\/schema\/logo\/image\/"},"sameAs":["https:\/\/www.facebook.com\/modulostones\/"]}]}},"_links":{"self":[{"href":"https:\/\/ateliermodulo.fr\/ro\/wp-json\/wp\/v2\/product\/18165","targetHints":{"allow":["GET"]}}],"collection":[{"href":"https:\/\/ateliermodulo.fr\/ro\/wp-json\/wp\/v2\/product"}],"about":[{"href":"https:\/\/ateliermodulo.fr\/ro\/wp-json\/wp\/v2\/types\/product"}],"wp:featuredmedia":[{"embeddable":true,"href":"https:\/\/ateliermodulo.fr\/ro\/wp-json\/wp\/v2\/media\/19771"}],"wp:attachment":[{"href":"https:\/\/ateliermodulo.fr\/ro\/wp-json\/wp\/v2\/media?parent=18165"}],"wp:term":[{"taxonomy":"product_brand","embeddable":true,"href":"https:\/\/ateliermodulo.fr\/ro\/wp-json\/wp\/v2\/product_brand?post=18165"},{"taxonomy":"product_cat","embeddable":true,"href":"https:\/\/ateliermodulo.fr\/ro\/wp-json\/wp\/v2\/product_cat?post=18165"},{"taxonomy":"product_tag","embeddable":true,"href":"https:\/\/ateliermodulo.fr\/ro\/wp-json\/wp\/v2\/product_tag?post=18165"}],"curies":[{"name":"wp","href":"https:\/\/api.w.org\/{rel}","templated":true}]}}