{"id":18119,"date":"2023-11-10T15:10:43","date_gmt":"2023-11-10T14:10:43","guid":{"rendered":"https:\/\/ateliermodulo.fr\/product\/chester-antrachite\/"},"modified":"2023-11-23T14:26:57","modified_gmt":"2023-11-23T13:26:57","slug":"chester-anthracite","status":"publish","type":"product","link":"https:\/\/ateliermodulo.fr\/ro\/produs\/chester-anthracite\/","title":{"rendered":"Chester Anthracite"},"content":{"rendered":"<p>Descoperi\u021bi o ambian\u021b\u0103 \u00een care tradi\u021bia se contope\u0219te cu estetica modern\u0103. Chester Anthracite prezint\u0103 o aranjare structurat\u0103, ecou al farmecului atemporal al zid\u0103riei clasice. Fiecare pies\u0103 se completeaz\u0103 armonios cu vecina sa, cultiv\u00e2nd un fundal care eman\u0103 at\u00e2t autenticitate, c\u00e2t \u0219i cu elegan\u021b\u0103.<\/p>\n","protected":false},"excerpt":{"rendered":"<p>Descoperi\u021bi o ambian\u021b\u0103 \u00een care tradi\u021bia se contope\u0219te cu estetica modern\u0103. Chester Anthracite prezint\u0103 o aranjare structurat\u0103, ecou al farmecului atemporal al zid\u0103riei clasice. Fiecare pies\u0103 se completeaz\u0103 armonios cu vecina sa, cultiv\u00e2nd un fundal care eman\u0103 at\u00e2t autenticitate, c\u00e2t \u0219i cu elegan\u021b\u0103.<\/p>\n","protected":false},"featured_media":18110,"template":"","meta":[],"product_brand":[],"product_cat":[1297,1316,161],"product_tag":[178],"class_list":{"0":"post-18119","1":"product","2":"type-product","3":"status-publish","4":"has-post-thumbnail","6":"product_cat-caramida-aparenta","7":"product_cat-delistat","8":"product_cat-exterior-interior","9":"product_tag-caramida","10":"pa_color-gri","11":"pa_coverage-per-box-1-m2","12":"pa_installation-cu-chit-de-rost","13":"pa_m-classification-necombustibil","14":"pa_material-ciment","15":"pa_reaction-to-fire-clasa-a1","16":"pa_shape-dreptunghi-rotunjit","18":"first","19":"instock","20":"shipping-taxable","21":"product-type-simple"},"yoast_head":"<title>Chester Anthracite | AtelierModulo<\/title>\n<meta name=\"robots\" content=\"index, follow, max-snippet:-1, max-image-preview:large, max-video-preview:-1\" \/>\n<link rel=\"canonical\" href=\"https:\/\/ateliermodulo.fr\/ro\/produs\/chester-anthracite\/\" \/>\n<meta property=\"og:locale\" content=\"ro_RO\" \/>\n<meta property=\"og:type\" content=\"article\" \/>\n<meta property=\"og:title\" content=\"Chester Anthracite | AtelierModulo\" \/>\n<meta property=\"og:description\" content=\"Descoperi\u021bi o ambian\u021b\u0103 \u00een care tradi\u021bia se contope\u0219te cu estetica modern\u0103. Chester Anthracite prezint\u0103 o aranjare structurat\u0103, ecou al farmecului atemporal al zid\u0103riei clasice. Fiecare pies\u0103 se completeaz\u0103 armonios cu vecina sa, cultiv\u00e2nd un fundal care eman\u0103 at\u00e2t autenticitate, c\u00e2t \u0219i cu elegan\u021b\u0103.\" \/>\n<meta property=\"og:url\" content=\"https:\/\/ateliermodulo.fr\/ro\/produs\/chester-anthracite\/\" \/>\n<meta property=\"og:site_name\" content=\"AtelierModulo\" \/>\n<meta property=\"article:publisher\" content=\"https:\/\/www.facebook.com\/modulostones\/\" \/>\n<meta property=\"article:modified_time\" content=\"2023-11-23T13:26:57+00:00\" \/>\n<meta property=\"og:image\" content=\"https:\/\/ateliermodulo.fr\/wp-content\/uploads\/chester-anthrachite-ambiance-1200x1200-1.jpg\" \/>\n\t<meta property=\"og:image:width\" content=\"1200\" \/>\n\t<meta property=\"og:image:height\" content=\"1200\" \/>\n\t<meta property=\"og:image:type\" content=\"image\/jpeg\" \/>\n<meta name=\"twitter:card\" content=\"summary_large_image\" \/>","yoast_head_json":{"title":"Chester Anthracite | AtelierModulo","robots":{"index":"index","follow":"follow","max-snippet":"max-snippet:-1","max-image-preview":"max-image-preview:large","max-video-preview":"max-video-preview:-1"},"canonical":"https:\/\/ateliermodulo.fr\/ro\/produs\/chester-anthracite\/","og_locale":"ro_RO","og_type":"article","og_title":"Chester Anthracite | AtelierModulo","og_description":"Descoperi\u021bi o ambian\u021b\u0103 \u00een care tradi\u021bia se contope\u0219te cu estetica modern\u0103. Chester Anthracite prezint\u0103 o aranjare structurat\u0103, ecou al farmecului atemporal al zid\u0103riei clasice. Fiecare pies\u0103 se completeaz\u0103 armonios cu vecina sa, cultiv\u00e2nd un fundal care eman\u0103 at\u00e2t autenticitate, c\u00e2t \u0219i cu elegan\u021b\u0103.","og_url":"https:\/\/ateliermodulo.fr\/ro\/produs\/chester-anthracite\/","og_site_name":"AtelierModulo","article_publisher":"https:\/\/www.facebook.com\/modulostones\/","article_modified_time":"2023-11-23T13:26:57+00:00","og_image":[{"width":1200,"height":1200,"url":"https:\/\/ateliermodulo.fr\/wp-content\/uploads\/chester-anthrachite-ambiance-1200x1200-1.jpg","type":"image\/jpeg"}],"twitter_card":"summary_large_image","schema":{"@context":"https:\/\/schema.org","@graph":[{"@type":"WebPage","@id":"https:\/\/ateliermodulo.fr\/ro\/produs\/chester-anthracite\/","url":"https:\/\/ateliermodulo.fr\/ro\/produs\/chester-anthracite\/","name":"Chester Anthracite | AtelierModulo","isPartOf":{"@id":"https:\/\/ateliermodulo.fr\/ro\/#website"},"primaryImageOfPage":{"@id":"https:\/\/ateliermodulo.fr\/ro\/produs\/chester-anthracite\/#primaryimage"},"image":{"@id":"https:\/\/ateliermodulo.fr\/ro\/produs\/chester-anthracite\/#primaryimage"},"thumbnailUrl":"https:\/\/ateliermodulo.fr\/wp-content\/uploads\/chester-anthrachite-ambiance-1200x1200-1.jpg","datePublished":"2023-11-10T14:10:43+00:00","dateModified":"2023-11-23T13:26:57+00:00","breadcrumb":{"@id":"https:\/\/ateliermodulo.fr\/ro\/produs\/chester-anthracite\/#breadcrumb"},"inLanguage":"ro-RO","potentialAction":[{"@type":"ReadAction","target":["https:\/\/ateliermodulo.fr\/ro\/produs\/chester-anthracite\/"]}]},{"@type":"ImageObject","inLanguage":"ro-RO","@id":"https:\/\/ateliermodulo.fr\/ro\/produs\/chester-anthracite\/#primaryimage","url":"https:\/\/ateliermodulo.fr\/wp-content\/uploads\/chester-anthrachite-ambiance-1200x1200-1.jpg","contentUrl":"https:\/\/ateliermodulo.fr\/wp-content\/uploads\/chester-anthrachite-ambiance-1200x1200-1.jpg","width":1200,"height":1200,"caption":"Chester Anthrachite"},{"@type":"BreadcrumbList","@id":"https:\/\/ateliermodulo.fr\/ro\/produs\/chester-anthracite\/#breadcrumb","itemListElement":[{"@type":"ListItem","position":1,"name":"Home","item":"https:\/\/ateliermodulo.fr\/ro\/"},{"@type":"ListItem","position":2,"name":"Produse","item":"https:\/\/ateliermodulo.fr\/products\/"},{"@type":"ListItem","position":3,"name":"Chester Anthracite"}]},{"@type":"WebSite","@id":"https:\/\/ateliermodulo.fr\/ro\/#website","url":"https:\/\/ateliermodulo.fr\/ro\/","name":"AtelierModulo","description":"Since the 1980\u2019s, frequently copied, never surpassed","publisher":{"@id":"https:\/\/ateliermodulo.fr\/ro\/#organization"},"potentialAction":[{"@type":"SearchAction","target":{"@type":"EntryPoint","urlTemplate":"https:\/\/ateliermodulo.fr\/ro\/?s={search_term_string}"},"query-input":{"@type":"PropertyValueSpecification","valueRequired":true,"valueName":"search_term_string"}}],"inLanguage":"ro-RO"},{"@type":"Organization","@id":"https:\/\/ateliermodulo.fr\/ro\/#organization","name":"Modulo Decorative Solutions","url":"https:\/\/ateliermodulo.fr\/ro\/","logo":{"@type":"ImageObject","inLanguage":"ro-RO","@id":"https:\/\/ateliermodulo.fr\/ro\/#\/schema\/logo\/image\/","url":"https:\/\/ateliermodulo.fr\/wp-content\/uploads\/MODULO-Logo-Color-1000x245-1.png","contentUrl":"https:\/\/ateliermodulo.fr\/wp-content\/uploads\/MODULO-Logo-Color-1000x245-1.png","width":1000,"height":245,"caption":"Modulo Decorative Solutions"},"image":{"@id":"https:\/\/ateliermodulo.fr\/ro\/#\/schema\/logo\/image\/"},"sameAs":["https:\/\/www.facebook.com\/modulostones\/"]}]}},"_links":{"self":[{"href":"https:\/\/ateliermodulo.fr\/ro\/wp-json\/wp\/v2\/product\/18119","targetHints":{"allow":["GET"]}}],"collection":[{"href":"https:\/\/ateliermodulo.fr\/ro\/wp-json\/wp\/v2\/product"}],"about":[{"href":"https:\/\/ateliermodulo.fr\/ro\/wp-json\/wp\/v2\/types\/product"}],"wp:featuredmedia":[{"embeddable":true,"href":"https:\/\/ateliermodulo.fr\/ro\/wp-json\/wp\/v2\/media\/18110"}],"wp:attachment":[{"href":"https:\/\/ateliermodulo.fr\/ro\/wp-json\/wp\/v2\/media?parent=18119"}],"wp:term":[{"taxonomy":"product_brand","embeddable":true,"href":"https:\/\/ateliermodulo.fr\/ro\/wp-json\/wp\/v2\/product_brand?post=18119"},{"taxonomy":"product_cat","embeddable":true,"href":"https:\/\/ateliermodulo.fr\/ro\/wp-json\/wp\/v2\/product_cat?post=18119"},{"taxonomy":"product_tag","embeddable":true,"href":"https:\/\/ateliermodulo.fr\/ro\/wp-json\/wp\/v2\/product_tag?post=18119"}],"curies":[{"name":"wp","href":"https:\/\/api.w.org\/{rel}","templated":true}]}}