{"id":18099,"date":"2023-11-10T13:49:37","date_gmt":"2023-11-10T12:49:37","guid":{"rendered":"https:\/\/ateliermodulo.fr\/product\/chester-white\/"},"modified":"2023-11-21T11:24:44","modified_gmt":"2023-11-21T10:24:44","slug":"chester-white","status":"publish","type":"product","link":"https:\/\/ateliermodulo.fr\/ro\/produs\/chester-white\/","title":{"rendered":"Chester White"},"content":{"rendered":"<p>Inspir\u00e2ndu-se din dimine\u021bile lini\u0219tite \u0219i din farmecul imaculat al naturii, Chester White se prezint\u0103 ca un simbol al sofistic\u0103rii subtile. Nuan\u021bele sale delicate albe, ce amintesc de bruma dimine\u021bilor timpurii, eman\u0103 o aur\u0103 de serenitate \u0219i gra\u021bie atemporal\u0103. Fie c\u0103 lumineaz\u0103 interioarele cu o luminozitate moale, fie c\u0103 \u00eennobileaz\u0103 exterioarele cu o not\u0103 de modernitate, Chester White se integreaz\u0103 armonios \u00een orice viziune de design.<\/p>\n","protected":false},"excerpt":{"rendered":"<p>Inspir\u00e2ndu-se din dimine\u021bile lini\u0219tite \u0219i din farmecul imaculat al naturii, Chester White se prezint\u0103 ca un simbol al sofistic\u0103rii subtile. Nuan\u021bele sale delicate albe, ce amintesc de bruma dimine\u021bilor timpurii, eman\u0103 o aur\u0103 de serenitate \u0219i gra\u021bie atemporal\u0103. Fie c\u0103 lumineaz\u0103 interioarele cu o luminozitate moale, fie c\u0103 \u00eennobileaz\u0103 exterioarele cu o not\u0103 de modernitate, [&hellip;]<\/p>\n","protected":false},"featured_media":18090,"template":"","meta":[],"product_brand":[],"product_cat":[1297,161,1314],"product_tag":[178],"class_list":{"0":"post-18099","1":"product","2":"type-product","3":"status-publish","4":"has-post-thumbnail","6":"product_cat-caramida-aparenta","7":"product_cat-exterior-interior","8":"product_cat-in-productie","9":"product_tag-caramida","10":"pa_color-alb","11":"pa_coverage-per-box-1-m2","12":"pa_installation-cu-chit-de-rost","13":"pa_m-classification-necombustibil","14":"pa_material-ciment","15":"pa_reaction-to-fire-clasa-a1","16":"pa_shape-dreptunghi-rotunjit","18":"first","19":"instock","20":"shipping-taxable","21":"product-type-simple"},"yoast_head":"<title>Chester White | AtelierModulo<\/title>\n<meta name=\"robots\" content=\"index, follow, max-snippet:-1, max-image-preview:large, max-video-preview:-1\" \/>\n<link rel=\"canonical\" href=\"https:\/\/ateliermodulo.fr\/ro\/produs\/chester-white\/\" \/>\n<meta property=\"og:locale\" content=\"ro_RO\" \/>\n<meta property=\"og:type\" content=\"article\" \/>\n<meta property=\"og:title\" content=\"Chester White | AtelierModulo\" \/>\n<meta property=\"og:description\" content=\"Inspir\u00e2ndu-se din dimine\u021bile lini\u0219tite \u0219i din farmecul imaculat al naturii, Chester White se prezint\u0103 ca un simbol al sofistic\u0103rii subtile. Nuan\u021bele sale delicate albe, ce amintesc de bruma dimine\u021bilor timpurii, eman\u0103 o aur\u0103 de serenitate \u0219i gra\u021bie atemporal\u0103. Fie c\u0103 lumineaz\u0103 interioarele cu o luminozitate moale, fie c\u0103 \u00eennobileaz\u0103 exterioarele cu o not\u0103 de modernitate, [&hellip;]\" \/>\n<meta property=\"og:url\" content=\"https:\/\/ateliermodulo.fr\/ro\/produs\/chester-white\/\" \/>\n<meta property=\"og:site_name\" content=\"AtelierModulo\" \/>\n<meta property=\"article:publisher\" content=\"https:\/\/www.facebook.com\/modulostones\/\" \/>\n<meta property=\"article:modified_time\" content=\"2023-11-21T10:24:44+00:00\" \/>\n<meta property=\"og:image\" content=\"https:\/\/ateliermodulo.fr\/wp-content\/uploads\/Chester-White-Ambiance-1200x1200-1-1.jpg\" \/>\n\t<meta property=\"og:image:width\" content=\"1200\" \/>\n\t<meta property=\"og:image:height\" content=\"1200\" \/>\n\t<meta property=\"og:image:type\" content=\"image\/jpeg\" \/>\n<meta name=\"twitter:card\" content=\"summary_large_image\" \/>","yoast_head_json":{"title":"Chester White | AtelierModulo","robots":{"index":"index","follow":"follow","max-snippet":"max-snippet:-1","max-image-preview":"max-image-preview:large","max-video-preview":"max-video-preview:-1"},"canonical":"https:\/\/ateliermodulo.fr\/ro\/produs\/chester-white\/","og_locale":"ro_RO","og_type":"article","og_title":"Chester White | AtelierModulo","og_description":"Inspir\u00e2ndu-se din dimine\u021bile lini\u0219tite \u0219i din farmecul imaculat al naturii, Chester White se prezint\u0103 ca un simbol al sofistic\u0103rii subtile. Nuan\u021bele sale delicate albe, ce amintesc de bruma dimine\u021bilor timpurii, eman\u0103 o aur\u0103 de serenitate \u0219i gra\u021bie atemporal\u0103. Fie c\u0103 lumineaz\u0103 interioarele cu o luminozitate moale, fie c\u0103 \u00eennobileaz\u0103 exterioarele cu o not\u0103 de modernitate, [&hellip;]","og_url":"https:\/\/ateliermodulo.fr\/ro\/produs\/chester-white\/","og_site_name":"AtelierModulo","article_publisher":"https:\/\/www.facebook.com\/modulostones\/","article_modified_time":"2023-11-21T10:24:44+00:00","og_image":[{"width":1200,"height":1200,"url":"https:\/\/ateliermodulo.fr\/wp-content\/uploads\/Chester-White-Ambiance-1200x1200-1-1.jpg","type":"image\/jpeg"}],"twitter_card":"summary_large_image","schema":{"@context":"https:\/\/schema.org","@graph":[{"@type":"WebPage","@id":"https:\/\/ateliermodulo.fr\/ro\/produs\/chester-white\/","url":"https:\/\/ateliermodulo.fr\/ro\/produs\/chester-white\/","name":"Chester White | AtelierModulo","isPartOf":{"@id":"https:\/\/ateliermodulo.fr\/ro\/#website"},"primaryImageOfPage":{"@id":"https:\/\/ateliermodulo.fr\/ro\/produs\/chester-white\/#primaryimage"},"image":{"@id":"https:\/\/ateliermodulo.fr\/ro\/produs\/chester-white\/#primaryimage"},"thumbnailUrl":"https:\/\/ateliermodulo.fr\/wp-content\/uploads\/Chester-White-Ambiance-1200x1200-1-1.jpg","datePublished":"2023-11-10T12:49:37+00:00","dateModified":"2023-11-21T10:24:44+00:00","breadcrumb":{"@id":"https:\/\/ateliermodulo.fr\/ro\/produs\/chester-white\/#breadcrumb"},"inLanguage":"ro-RO","potentialAction":[{"@type":"ReadAction","target":["https:\/\/ateliermodulo.fr\/ro\/produs\/chester-white\/"]}]},{"@type":"ImageObject","inLanguage":"ro-RO","@id":"https:\/\/ateliermodulo.fr\/ro\/produs\/chester-white\/#primaryimage","url":"https:\/\/ateliermodulo.fr\/wp-content\/uploads\/Chester-White-Ambiance-1200x1200-1-1.jpg","contentUrl":"https:\/\/ateliermodulo.fr\/wp-content\/uploads\/Chester-White-Ambiance-1200x1200-1-1.jpg","width":1200,"height":1200,"caption":"Chester White"},{"@type":"BreadcrumbList","@id":"https:\/\/ateliermodulo.fr\/ro\/produs\/chester-white\/#breadcrumb","itemListElement":[{"@type":"ListItem","position":1,"name":"Home","item":"https:\/\/ateliermodulo.fr\/ro\/"},{"@type":"ListItem","position":2,"name":"Produse","item":"https:\/\/ateliermodulo.fr\/products\/"},{"@type":"ListItem","position":3,"name":"Chester White"}]},{"@type":"WebSite","@id":"https:\/\/ateliermodulo.fr\/ro\/#website","url":"https:\/\/ateliermodulo.fr\/ro\/","name":"AtelierModulo","description":"Since the 1980\u2019s, frequently copied, never surpassed","publisher":{"@id":"https:\/\/ateliermodulo.fr\/ro\/#organization"},"potentialAction":[{"@type":"SearchAction","target":{"@type":"EntryPoint","urlTemplate":"https:\/\/ateliermodulo.fr\/ro\/?s={search_term_string}"},"query-input":{"@type":"PropertyValueSpecification","valueRequired":true,"valueName":"search_term_string"}}],"inLanguage":"ro-RO"},{"@type":"Organization","@id":"https:\/\/ateliermodulo.fr\/ro\/#organization","name":"Modulo Decorative Solutions","url":"https:\/\/ateliermodulo.fr\/ro\/","logo":{"@type":"ImageObject","inLanguage":"ro-RO","@id":"https:\/\/ateliermodulo.fr\/ro\/#\/schema\/logo\/image\/","url":"https:\/\/ateliermodulo.fr\/wp-content\/uploads\/MODULO-Logo-Color-1000x245-1.png","contentUrl":"https:\/\/ateliermodulo.fr\/wp-content\/uploads\/MODULO-Logo-Color-1000x245-1.png","width":1000,"height":245,"caption":"Modulo Decorative Solutions"},"image":{"@id":"https:\/\/ateliermodulo.fr\/ro\/#\/schema\/logo\/image\/"},"sameAs":["https:\/\/www.facebook.com\/modulostones\/"]}]}},"_links":{"self":[{"href":"https:\/\/ateliermodulo.fr\/ro\/wp-json\/wp\/v2\/product\/18099","targetHints":{"allow":["GET"]}}],"collection":[{"href":"https:\/\/ateliermodulo.fr\/ro\/wp-json\/wp\/v2\/product"}],"about":[{"href":"https:\/\/ateliermodulo.fr\/ro\/wp-json\/wp\/v2\/types\/product"}],"wp:featuredmedia":[{"embeddable":true,"href":"https:\/\/ateliermodulo.fr\/ro\/wp-json\/wp\/v2\/media\/18090"}],"wp:attachment":[{"href":"https:\/\/ateliermodulo.fr\/ro\/wp-json\/wp\/v2\/media?parent=18099"}],"wp:term":[{"taxonomy":"product_brand","embeddable":true,"href":"https:\/\/ateliermodulo.fr\/ro\/wp-json\/wp\/v2\/product_brand?post=18099"},{"taxonomy":"product_cat","embeddable":true,"href":"https:\/\/ateliermodulo.fr\/ro\/wp-json\/wp\/v2\/product_cat?post=18099"},{"taxonomy":"product_tag","embeddable":true,"href":"https:\/\/ateliermodulo.fr\/ro\/wp-json\/wp\/v2\/product_tag?post=18099"}],"curies":[{"name":"wp","href":"https:\/\/api.w.org\/{rel}","templated":true}]}}