{"id":17860,"date":"2023-10-10T12:18:48","date_gmt":"2023-10-10T10:18:48","guid":{"rendered":"https:\/\/ateliermodulo.fr\/product\/amstel-midnight\/"},"modified":"2023-11-21T09:14:52","modified_gmt":"2023-11-21T08:14:52","slug":"amstel-midnight","status":"publish","type":"product","link":"https:\/\/ateliermodulo.fr\/ro\/produs\/amstel-midnight\/","title":{"rendered":"Amstel Midnight"},"content":{"rendered":"<p>O capodoper\u0103 a versatilit\u0103\u021bii, aceast\u0103 c\u0103r\u0103mid\u0103 \u00eenchis\u0103 la culoare transcende limitele designului. Nuan\u021ba sa profund\u0103 \u0219i enigmatic\u0103 completeaz\u0103 at\u00e2t estetica modern\u0103, c\u00e2t \u0219i cea rustic\u0103; duce viziunea arhitectural\u0103 la un alt nivel \u0219i transform\u0103 fiecare proiect \u00eentr-o oper\u0103 de art\u0103.<\/p>\n","protected":false},"excerpt":{"rendered":"<p>O capodoper\u0103 a versatilit\u0103\u021bii, aceast\u0103 c\u0103r\u0103mid\u0103 \u00eenchis\u0103 la culoare transcende limitele designului. Nuan\u021ba sa profund\u0103 \u0219i enigmatic\u0103 completeaz\u0103 at\u00e2t estetica modern\u0103, c\u00e2t \u0219i cea rustic\u0103; duce viziunea arhitectural\u0103 la un alt nivel \u0219i transform\u0103 fiecare proiect \u00eentr-o oper\u0103 de art\u0103.<\/p>\n","protected":false},"featured_media":18195,"template":"","meta":[],"product_brand":[],"product_cat":[1297,161,1314],"product_tag":[178],"class_list":{"0":"post-17860","1":"product","2":"type-product","3":"status-publish","4":"has-post-thumbnail","6":"product_cat-caramida-aparenta","7":"product_cat-exterior-interior","8":"product_cat-in-productie","9":"product_tag-caramida","10":"pa_color-gri","11":"pa_coverage-per-box-1-m2","12":"pa_installation-cu-chit-de-rost","13":"pa_m-classification-necombustibil","14":"pa_material-ciment","15":"pa_reaction-to-fire-clasa-a1","16":"pa_shape-dreptunghi-rotunjit","18":"first","19":"instock","20":"shipping-taxable","21":"product-type-simple"},"yoast_head":"<title>Amstel Midnight | AtelierModulo<\/title>\n<meta name=\"robots\" content=\"index, follow, max-snippet:-1, max-image-preview:large, max-video-preview:-1\" \/>\n<link rel=\"canonical\" href=\"https:\/\/ateliermodulo.fr\/ro\/produs\/amstel-midnight\/\" \/>\n<meta property=\"og:locale\" content=\"ro_RO\" \/>\n<meta property=\"og:type\" content=\"article\" \/>\n<meta property=\"og:title\" content=\"Amstel Midnight | AtelierModulo\" \/>\n<meta property=\"og:description\" content=\"O capodoper\u0103 a versatilit\u0103\u021bii, aceast\u0103 c\u0103r\u0103mid\u0103 \u00eenchis\u0103 la culoare transcende limitele designului. Nuan\u021ba sa profund\u0103 \u0219i enigmatic\u0103 completeaz\u0103 at\u00e2t estetica modern\u0103, c\u00e2t \u0219i cea rustic\u0103; duce viziunea arhitectural\u0103 la un alt nivel \u0219i transform\u0103 fiecare proiect \u00eentr-o oper\u0103 de art\u0103.\" \/>\n<meta property=\"og:url\" content=\"https:\/\/ateliermodulo.fr\/ro\/produs\/amstel-midnight\/\" \/>\n<meta property=\"og:site_name\" content=\"AtelierModulo\" \/>\n<meta property=\"article:publisher\" content=\"https:\/\/www.facebook.com\/modulostones\/\" \/>\n<meta property=\"article:modified_time\" content=\"2023-11-21T08:14:52+00:00\" \/>\n<meta property=\"og:image\" content=\"https:\/\/ateliermodulo.fr\/wp-content\/uploads\/Amstel-Midnight-Ambiance-2-1200x1200-1.jpg\" \/>\n\t<meta property=\"og:image:width\" content=\"1200\" \/>\n\t<meta property=\"og:image:height\" content=\"1200\" \/>\n\t<meta property=\"og:image:type\" content=\"image\/jpeg\" \/>\n<meta name=\"twitter:card\" content=\"summary_large_image\" \/>","yoast_head_json":{"title":"Amstel Midnight | AtelierModulo","robots":{"index":"index","follow":"follow","max-snippet":"max-snippet:-1","max-image-preview":"max-image-preview:large","max-video-preview":"max-video-preview:-1"},"canonical":"https:\/\/ateliermodulo.fr\/ro\/produs\/amstel-midnight\/","og_locale":"ro_RO","og_type":"article","og_title":"Amstel Midnight | AtelierModulo","og_description":"O capodoper\u0103 a versatilit\u0103\u021bii, aceast\u0103 c\u0103r\u0103mid\u0103 \u00eenchis\u0103 la culoare transcende limitele designului. Nuan\u021ba sa profund\u0103 \u0219i enigmatic\u0103 completeaz\u0103 at\u00e2t estetica modern\u0103, c\u00e2t \u0219i cea rustic\u0103; duce viziunea arhitectural\u0103 la un alt nivel \u0219i transform\u0103 fiecare proiect \u00eentr-o oper\u0103 de art\u0103.","og_url":"https:\/\/ateliermodulo.fr\/ro\/produs\/amstel-midnight\/","og_site_name":"AtelierModulo","article_publisher":"https:\/\/www.facebook.com\/modulostones\/","article_modified_time":"2023-11-21T08:14:52+00:00","og_image":[{"width":1200,"height":1200,"url":"https:\/\/ateliermodulo.fr\/wp-content\/uploads\/Amstel-Midnight-Ambiance-2-1200x1200-1.jpg","type":"image\/jpeg"}],"twitter_card":"summary_large_image","schema":{"@context":"https:\/\/schema.org","@graph":[{"@type":"WebPage","@id":"https:\/\/ateliermodulo.fr\/ro\/produs\/amstel-midnight\/","url":"https:\/\/ateliermodulo.fr\/ro\/produs\/amstel-midnight\/","name":"Amstel Midnight | AtelierModulo","isPartOf":{"@id":"https:\/\/ateliermodulo.fr\/ro\/#website"},"primaryImageOfPage":{"@id":"https:\/\/ateliermodulo.fr\/ro\/produs\/amstel-midnight\/#primaryimage"},"image":{"@id":"https:\/\/ateliermodulo.fr\/ro\/produs\/amstel-midnight\/#primaryimage"},"thumbnailUrl":"https:\/\/ateliermodulo.fr\/wp-content\/uploads\/Amstel-Midnight-Ambiance-2-1200x1200-1.jpg","datePublished":"2023-10-10T10:18:48+00:00","dateModified":"2023-11-21T08:14:52+00:00","breadcrumb":{"@id":"https:\/\/ateliermodulo.fr\/ro\/produs\/amstel-midnight\/#breadcrumb"},"inLanguage":"ro-RO","potentialAction":[{"@type":"ReadAction","target":["https:\/\/ateliermodulo.fr\/ro\/produs\/amstel-midnight\/"]}]},{"@type":"ImageObject","inLanguage":"ro-RO","@id":"https:\/\/ateliermodulo.fr\/ro\/produs\/amstel-midnight\/#primaryimage","url":"https:\/\/ateliermodulo.fr\/wp-content\/uploads\/Amstel-Midnight-Ambiance-2-1200x1200-1.jpg","contentUrl":"https:\/\/ateliermodulo.fr\/wp-content\/uploads\/Amstel-Midnight-Ambiance-2-1200x1200-1.jpg","width":1200,"height":1200,"caption":"Amstel Midnight"},{"@type":"BreadcrumbList","@id":"https:\/\/ateliermodulo.fr\/ro\/produs\/amstel-midnight\/#breadcrumb","itemListElement":[{"@type":"ListItem","position":1,"name":"Home","item":"https:\/\/ateliermodulo.fr\/ro\/"},{"@type":"ListItem","position":2,"name":"Produse","item":"https:\/\/ateliermodulo.fr\/products\/"},{"@type":"ListItem","position":3,"name":"Amstel Midnight"}]},{"@type":"WebSite","@id":"https:\/\/ateliermodulo.fr\/ro\/#website","url":"https:\/\/ateliermodulo.fr\/ro\/","name":"AtelierModulo","description":"Since the 1980\u2019s, frequently copied, never surpassed","publisher":{"@id":"https:\/\/ateliermodulo.fr\/ro\/#organization"},"potentialAction":[{"@type":"SearchAction","target":{"@type":"EntryPoint","urlTemplate":"https:\/\/ateliermodulo.fr\/ro\/?s={search_term_string}"},"query-input":{"@type":"PropertyValueSpecification","valueRequired":true,"valueName":"search_term_string"}}],"inLanguage":"ro-RO"},{"@type":"Organization","@id":"https:\/\/ateliermodulo.fr\/ro\/#organization","name":"Modulo Decorative Solutions","url":"https:\/\/ateliermodulo.fr\/ro\/","logo":{"@type":"ImageObject","inLanguage":"ro-RO","@id":"https:\/\/ateliermodulo.fr\/ro\/#\/schema\/logo\/image\/","url":"https:\/\/ateliermodulo.fr\/wp-content\/uploads\/MODULO-Logo-Color-1000x245-1.png","contentUrl":"https:\/\/ateliermodulo.fr\/wp-content\/uploads\/MODULO-Logo-Color-1000x245-1.png","width":1000,"height":245,"caption":"Modulo Decorative Solutions"},"image":{"@id":"https:\/\/ateliermodulo.fr\/ro\/#\/schema\/logo\/image\/"},"sameAs":["https:\/\/www.facebook.com\/modulostones\/"]}]}},"_links":{"self":[{"href":"https:\/\/ateliermodulo.fr\/ro\/wp-json\/wp\/v2\/product\/17860","targetHints":{"allow":["GET"]}}],"collection":[{"href":"https:\/\/ateliermodulo.fr\/ro\/wp-json\/wp\/v2\/product"}],"about":[{"href":"https:\/\/ateliermodulo.fr\/ro\/wp-json\/wp\/v2\/types\/product"}],"wp:featuredmedia":[{"embeddable":true,"href":"https:\/\/ateliermodulo.fr\/ro\/wp-json\/wp\/v2\/media\/18195"}],"wp:attachment":[{"href":"https:\/\/ateliermodulo.fr\/ro\/wp-json\/wp\/v2\/media?parent=17860"}],"wp:term":[{"taxonomy":"product_brand","embeddable":true,"href":"https:\/\/ateliermodulo.fr\/ro\/wp-json\/wp\/v2\/product_brand?post=17860"},{"taxonomy":"product_cat","embeddable":true,"href":"https:\/\/ateliermodulo.fr\/ro\/wp-json\/wp\/v2\/product_cat?post=17860"},{"taxonomy":"product_tag","embeddable":true,"href":"https:\/\/ateliermodulo.fr\/ro\/wp-json\/wp\/v2\/product_tag?post=17860"}],"curies":[{"name":"wp","href":"https:\/\/api.w.org\/{rel}","templated":true}]}}