{"id":22037,"date":"2026-04-09T07:50:48","date_gmt":"2026-04-09T04:50:48","guid":{"rendered":"https:\/\/ateliermodulo.fr\/ecovadis-rating-2026\/"},"modified":"2026-04-09T08:00:30","modified_gmt":"2026-04-09T05:00:30","slug":"evaluare-ecovadis-2026","status":"publish","type":"page","link":"https:\/\/ateliermodulo.fr\/ro\/evaluare-ecovadis-2026\/","title":{"rendered":"Evaluare Ecovadis"},"content":{"rendered":"<div class=\"wpb-content-wrapper\"><p>[vc_row][vc_column][vc_column_text]<\/p>\n<div class=\"wrap smc-ecovadis\">\n<section class=\"section card hero\">\n<div>\n<div class=\"eyebrow\">Recunoa\u0219tere EcoVadis 2026<\/div>\n<h1>Cre\u0219tere responsabil\u0103,<br \/>\nevaluat\u0103 independent.<\/h1>\n<p class=\"lead\">\n          MODULO Decorative Solutions a ob\u021binut un scor general EcoVadis de <strong>68\/100<\/strong>, cu rezultate solide \u00een<br \/>\n          <strong>Mediu<\/strong> \u0219i <strong>Achizi\u021bii sustenabile<\/strong>. Compania a primit, de asemenea, \u00een aprilie 2026,<br \/>\n          <strong>Medalia EcoVadis Bronze<\/strong>.<\/p>\n<div class=\"hero-kpis\">\n<div class=\"pill\">\n            <span class=\"label\">Scor general<\/span><br \/>\n            <strong>68\/100<\/strong><br \/>\n            <small>Evaluare la nivel de grup<\/small><\/div>\n<div class=\"pill\">\n            <span class=\"label\">Percentil\u0103<\/span><br \/>\n            <strong>76<\/strong><br \/>\n            <small>Top 24% dintre companii evaluate<\/small><\/div>\n<div class=\"pill\">\n            <span class=\"label\">Valabilitate evaluare<\/span><br \/>\n            <strong>2026\u20132027<\/strong><br \/>\n            <small>Valabil p\u00e2n\u0103 la 6 aprilie 2027<\/small><\/div>\n<\/div>\n<\/div>\n<aside class=\"medal-card\">\n        <img decoding=\"async\" src=\"data:image\/gif;base64,R0lGODlhAQABAIAAAAAAAP\/\/\/yH5BAEAAAAALAAAAAABAAEAAAIBRAA7\" data-src=\"https:\/\/ateliermodulo.fr\/wp-content\/uploads\/MODULO-DECORATIVE-SOLUTIONS-SRL-GROUP_EV_Recognition-275x275.png\" alt=\"Medalie EcoVadis Bronze Aprilie 2026\" width=\"275\" height=\"275\" class=\"alignnone size-medium wp-image-22017 lazyload\" \/><noscript><img decoding=\"async\" src=\"https:\/\/ateliermodulo.fr\/wp-content\/uploads\/MODULO-DECORATIVE-SOLUTIONS-SRL-GROUP_EV_Recognition-275x275.png\" alt=\"Medalie EcoVadis Bronze Aprilie 2026\" width=\"275\" height=\"275\" class=\"alignnone size-medium wp-image-22017 lazyload\" \/><\/noscript><\/p>\n<div class=\"meta\">\n<div>\n            <span>Recunoa\u0219tere<\/span><br \/>\n            <strong>Medalie Bronze<\/strong><\/div>\n<div>\n            <span>Detaliu badge<\/span><br \/>\n            <strong>Top 35%<\/strong><\/div>\n<\/div>\n<\/aside>\n<\/section>\n<section class=\"section\">\n<div class=\"grid-4\">\n<article class=\"card score-card\">\n<h3>Mediu<\/h3>\n<div class=\"ring\" style=\"--val:70; --ring-color:#6f8572\">\n<div style=\"text-align:center\">\n              <span>70<\/span><br \/>\n<small>\/100<\/small><\/div>\n<\/div>\n<p>Structur\u0103 solid\u0103 de mediu, certific\u0103ri, energie regenerabil\u0103 \u0219i m\u0103suri opera\u021bionale implementate.<\/p>\n<\/article>\n<article class=\"card score-card\">\n<h3>Munc\u0103 &#038; Drepturile Omului<\/h3>\n<div class=\"ring\" style=\"--val:64; --ring-color:#c8a93c\">\n<div style=\"text-align:center\">\n              <span>64<\/span><br \/>\n<small>\/100<\/small><\/div>\n<\/div>\n<p>Baz\u0103 solid\u0103 \u00een s\u0103n\u0103tate \u0219i securitate, condi\u021bii de munc\u0103, formare profesional\u0103 \u0219i dialog social.<\/p>\n<\/article>\n<article class=\"card score-card\">\n<h3>Etic\u0103<\/h3>\n<div class=\"ring\" style=\"--val:66; --ring-color:#5c8d8a\">\n<div style=\"text-align:center\">\n              <span>66<\/span><br \/>\n<small>\/100<\/small><\/div>\n<\/div>\n<p>Politici structurate privind anticorup\u021bia, conflictele de interese \u0219i gestionarea responsabil\u0103 a informa\u021biilor.<\/p>\n<\/article>\n<article class=\"card score-card\">\n<h3>Achizi\u021bii sustenabile<\/h3>\n<div class=\"ring\" style=\"--val:75; --ring-color:#c48a67\">\n<div style=\"text-align:center\">\n              <span>75<\/span><br \/>\n<small>\/100<\/small><\/div>\n<\/div>\n<p>Cea mai puternic\u0103 tem\u0103, sus\u021binut\u0103 de evaluarea furnizorilor, clauze contractuale, audituri \u0219i training.<\/p>\n<\/article>\n<\/div>\n<\/section>\n<section class=\"section card benchmark\">\n<div class=\"section-title\">\n<div>\n<div class=\"eyebrow\">Benchmark vizual<\/div>\n<h2>Pozi\u021bionare \u00een zona avansat\u0103<\/h2>\n<\/div>\n<p>Graficul de mai jos recreeaz\u0103 distribu\u021bia scorurilor din EcoVadis \u0219i pozi\u021bioneaz\u0103<br \/>\n          MODULO la <strong>68 puncte<\/strong>, corespunz\u0103tor <strong>percentilei 76<\/strong>.<\/p>\n<\/div>\n<div class=\"benchmark-box\">\n<div class=\"bands\">\n<div class=\"distribution\">\n            <svg viewBox=\"0 0 1000 520\" preserveAspectRatio=\"none\" aria-hidden=\"true\">\n              <path d=\"M0,510 L60,510 L90,506 L120,505 L150,502 L180,496 L220,485 L260,470 L300,430 L330,360 L350,290 L370,250 L395,210 L420,240 L445,335 L470,430 L500,470 L540,440 L580,390 L620,290 L650,120 L670,40 L690,160 L720,290 L760,350 L800,380 L840,420 L880,465 L920,492 L960,503 L1000,508 L1000,520 L0,520 Z\" fill=\"rgba(92,141,138,.18)\"><\/path>\n              <path d=\"M0,510 L60,510 L90,506 L120,505 L150,502 L180,496 L220,485 L260,470 L300,430 L330,360 L350,290 L370,250 L395,210 L420,240 L445,335 L470,430 L500,470 L540,440 L580,390 L620,290 L650,120 L670,40 L690,160 L720,290 L760,350 L800,380 L840,420 L880,465 L920,492 L960,503 L1000,508\" fill=\"none\" stroke=\"#5c8d8a\" stroke-width=\"8\" stroke-linejoin=\"round\"><\/path>\n            <\/svg><\/div>\n<div class=\"band-zone\" aria-hidden=\"true\">\n<div class=\"zone-1\"><\/div>\n<div class=\"zone-2\"><\/div>\n<div class=\"zone-3\"><\/div>\n<div class=\"zone-4\"><\/div>\n<div class=\"zone-5\"><\/div>\n<\/div>\n<div class=\"marker\" aria-hidden=\"true\"><\/div>\n<div class=\"marker-label\">MODULO \u00b7 68\/100<\/div>\n<\/div>\n<div class=\"xlabels\">\n<div>Insuficient<\/div>\n<div>Par\u021bial<\/div>\n<div>Bun<\/div>\n<div>Avansat<\/div>\n<div>Excelent<\/div>\n<\/div>\n<\/div>\n<\/section>\n<section class=\"section narrative\">\n<article class=\"card copy-card\">\n<div class=\"eyebrow\">Interpretare<\/div>\n<h2>Ce \u00eenseamn\u0103 aceast\u0103 recunoa\u0219tere pentru MODULO<\/h2>\n<p>Rezultatul EcoVadis 2026 eviden\u021biaz\u0103 o companie cu o structur\u0103 de sustenabilitate bine dezvoltat\u0103,<br \/>\n          \u00een special \u00een managementul de mediu \u0219i rela\u021bia cu furnizorii. Profilul general indic\u0103 o baz\u0103 opera\u021bional\u0103 solid\u0103,<br \/>\n          sus\u021binut\u0103 de politici formale, certific\u0103ri externe \u0219i implementare documentat\u0103.<\/p>\n<p>Cea mai puternic\u0103 zon\u0103 este cea a achizi\u021biilor sustenabile, unde MODULO performeaz\u0103 foarte bine prin evaluarea<br \/>\n          furnizorilor, clauze ESG \u00een contracte, audituri \u0219i instruirea echipelor. Domeniul de mediu se eviden\u021biaz\u0103<br \/>\n          prin politici clare, certificare ISO 14001 \u0219i utilizarea energiei regenerabile.<\/p>\n<p>Principala oportunitate de dezvoltare este raportarea: extinderea indicatorilor cantitativi ar consolida<br \/>\n          \u0219i mai mult profilul ESG al companiei.<\/p>\n<div class=\"quote\">\n          La MODULO, sustenabilitatea nu este un mesaj separat. Este parte din modul \u00een care compania produce,<br \/>\n          \u00ee\u0219i evalueaz\u0103 furnizorii, gestioneaz\u0103 riscurile \u0219i construie\u0219te rela\u021bii pe termen lung cu clien\u021bii \u0219i partenerii.\n<\/div>\n<\/article>\n<article class=\"card strength-card\">\n<div class=\"eyebrow\">Puncte forte<\/div>\n<h2>Elemente cheie eviden\u021biate \u00een evaluare<\/h2>\n<div class=\"strength-grid\">\n<div class=\"strength\">\n<strong>Sisteme certificate ISO<\/strong><br \/>\n<span>Scor maxim pe certific\u0103ri de mediu \u0219i suport solid \u00een munc\u0103 \u0219i achizi\u021bii.<\/span>\n<\/div>\n<div class=\"strength\">\n<strong>Progres \u00een energie regenerabil\u0103<\/strong><br \/>\n<span>EcoVadis recunoa\u0219te m\u0103surile de tranzi\u021bie energetic\u0103 implementate.<\/span>\n<\/div>\n<div class=\"strength\">\n<strong>Integrarea ESG \u00een lan\u021bul de aprovizionare<\/strong><br \/>\n<span>Achizi\u021biile se eviden\u021biaz\u0103 prin audituri, evalu\u0103ri \u0219i cod de conduit\u0103 pentru furnizori.<\/span>\n<\/div>\n<div class=\"strength\">\n<strong>Maturitate \u00een s\u0103n\u0103tate \u0219i securitate<\/strong><br \/>\n<span>Training, evalu\u0103ri de risc \u0219i sisteme formale bine documentate.<\/span>\n<\/div>\n<div class=\"strength\">\n<strong>Cadru etic structurat<\/strong><br \/>\n<span>Politici clare privind anticorup\u021bia, frauda \u0219i gestionarea informa\u021biilor.<\/span>\n<\/div>\n<div class=\"strength\">\n<strong>Direc\u021bie clar\u0103 de \u00eembun\u0103t\u0103\u021bire<\/strong><br \/>\n<span>Raportarea este principalul motor pentru cre\u0219terea scorului viitor.<\/span>\n<\/div>\n<\/div>\n<\/article>\n<\/section>\n<section class=\"section card cta\">\n<div>\n<h2>Ave\u021bi nevoie de documenta\u021bie ESG sau suport pentru proiecte?<\/h2>\n<p>Pentru parteneriate, licita\u021bii sau solicit\u0103ri ESG din partea clien\u021bilor, echipa MODULO v\u0103 poate<br \/>\n          oferi toate informa\u021biile necesare.<\/p>\n<\/div>\n<p><a class=\"btn\" href=\"https:\/\/ateliermodulo.fr\/ro\/contactati-ne\/\">Contacta\u021bi MODULO<\/a><br \/>\n<\/section>\n<div class=\"footer-note\"><\/div>\n<\/div>\n<p>[\/vc_column_text][\/vc_column][\/vc_row][vc_row][vc_column][vc_text_separator title=&#8221;Downloads&#8221; css=&#8221;&#8221; css_params=&#8221;&#8221;][vc_row_inner][vc_column_inner][vc_btn title=&#8221;MODULO Disassembly &#038; Reclycling Statment 2026&#8243; shape=&#8221;round&#8221; i_icon_fontawesome=&#8221;fas fa-download&#8221; skin=&#8221;primary&#8221; btn_fw=&#8221;200&#8243; add_icon=&#8221;true&#8221; link=&#8221;url:https%3A%2F%2Fateliermodulo.fr%2Fsupport%2Fecovadis%2FMODULO-Disassembly%26Reclycling-Statment-v26-2-1-0.pdf|target:_blank|rel:nofollow&#8221; css_params=&#8221;&#8221;][\/vc_column_inner][\/vc_row_inner][vc_row_inner][vc_column_inner][vc_btn title=&#8221;MODULO Ecovadis Scorecard 2026&#8243; shape=&#8221;round&#8221; i_icon_fontawesome=&#8221;fas fa-download&#8221; skin=&#8221;primary&#8221; btn_fw=&#8221;200&#8243; add_icon=&#8221;true&#8221; link=&#8221;url:https%3A%2F%2Fateliermodulo.fr%2Fsupport%2Fecovadis%2FMODULO_Ecovadis_Scorecard_2026.pdf|target:_blank|rel:nofollow&#8221; css_params=&#8221;&#8221;][\/vc_column_inner][\/vc_row_inner][\/vc_column][\/vc_row]<\/p>\n<\/div>","protected":false},"excerpt":{"rendered":"<p>[vc_row][vc_column][vc_column_text] Recunoa\u0219tere EcoVadis 2026 Cre\u0219tere responsabil\u0103, evaluat\u0103 independent. MODULO Decorative Solutions a ob\u021binut un scor general EcoVadis de 68\/100, cu rezultate solide \u00een Mediu \u0219i Achizi\u021bii sustenabile. Compania a primit, de asemenea, \u00een aprilie 2026, Medalia EcoVadis Bronze. Scor general 68\/100 Evaluare la nivel de grup Percentil\u0103 76 Top 24% dintre companii evaluate Valabilitate evaluare [&hellip;]<\/p>\n","protected":false},"author":6,"featured_media":0,"parent":0,"menu_order":0,"comment_status":"closed","ping_status":"closed","template":"","meta":{"footnotes":""},"class_list":["post-22037","page","type-page","status-publish","hentry"],"yoast_head":"<title>Evaluare Ecovadis | AtelierModulo<\/title>\n<meta name=\"robots\" content=\"index, follow, max-snippet:-1, max-image-preview:large, max-video-preview:-1\" \/>\n<link rel=\"canonical\" href=\"https:\/\/ateliermodulo.fr\/ro\/evaluare-ecovadis-2026\/\" \/>\n<meta property=\"og:locale\" content=\"ro_RO\" \/>\n<meta property=\"og:type\" content=\"article\" \/>\n<meta property=\"og:title\" content=\"Evaluare Ecovadis | AtelierModulo\" \/>\n<meta property=\"og:description\" content=\"[vc_row][vc_column][vc_column_text] Recunoa\u0219tere EcoVadis 2026 Cre\u0219tere responsabil\u0103, evaluat\u0103 independent. MODULO Decorative Solutions a ob\u021binut un scor general EcoVadis de 68\/100, cu rezultate solide \u00een Mediu \u0219i Achizi\u021bii sustenabile. Compania a primit, de asemenea, \u00een aprilie 2026, Medalia EcoVadis Bronze. Scor general 68\/100 Evaluare la nivel de grup Percentil\u0103 76 Top 24% dintre companii evaluate Valabilitate evaluare [&hellip;]\" \/>\n<meta property=\"og:url\" content=\"https:\/\/ateliermodulo.fr\/ro\/evaluare-ecovadis-2026\/\" \/>\n<meta property=\"og:site_name\" content=\"AtelierModulo\" \/>\n<meta property=\"article:publisher\" content=\"https:\/\/www.facebook.com\/modulostones\/\" \/>\n<meta property=\"article:modified_time\" content=\"2026-04-09T05:00:30+00:00\" \/>\n<meta property=\"og:image\" content=\"https:\/\/ateliermodulo.fr\/wp-content\/uploads\/MODULO-DECORATIVE-SOLUTIONS-SRL-GROUP_EV_Recognition.png\" \/>\n\t<meta property=\"og:image:width\" content=\"1667\" \/>\n\t<meta property=\"og:image:height\" content=\"1667\" \/>\n\t<meta property=\"og:image:type\" content=\"image\/png\" \/>\n<meta name=\"twitter:card\" content=\"summary_large_image\" \/>\n<meta name=\"twitter:label1\" content=\"Timp estimat pentru citire\" \/>\n\t<meta name=\"twitter:data1\" content=\"3 minute\" \/>","yoast_head_json":{"title":"Evaluare Ecovadis | AtelierModulo","robots":{"index":"index","follow":"follow","max-snippet":"max-snippet:-1","max-image-preview":"max-image-preview:large","max-video-preview":"max-video-preview:-1"},"canonical":"https:\/\/ateliermodulo.fr\/ro\/evaluare-ecovadis-2026\/","og_locale":"ro_RO","og_type":"article","og_title":"Evaluare Ecovadis | AtelierModulo","og_description":"[vc_row][vc_column][vc_column_text] Recunoa\u0219tere EcoVadis 2026 Cre\u0219tere responsabil\u0103, evaluat\u0103 independent. MODULO Decorative Solutions a ob\u021binut un scor general EcoVadis de 68\/100, cu rezultate solide \u00een Mediu \u0219i Achizi\u021bii sustenabile. Compania a primit, de asemenea, \u00een aprilie 2026, Medalia EcoVadis Bronze. Scor general 68\/100 Evaluare la nivel de grup Percentil\u0103 76 Top 24% dintre companii evaluate Valabilitate evaluare [&hellip;]","og_url":"https:\/\/ateliermodulo.fr\/ro\/evaluare-ecovadis-2026\/","og_site_name":"AtelierModulo","article_publisher":"https:\/\/www.facebook.com\/modulostones\/","article_modified_time":"2026-04-09T05:00:30+00:00","og_image":[{"width":1667,"height":1667,"url":"https:\/\/ateliermodulo.fr\/wp-content\/uploads\/MODULO-DECORATIVE-SOLUTIONS-SRL-GROUP_EV_Recognition.png","type":"image\/png"}],"twitter_card":"summary_large_image","twitter_misc":{"Timp estimat pentru citire":"3 minute"},"schema":{"@context":"https:\/\/schema.org","@graph":[{"@type":"WebPage","@id":"https:\/\/ateliermodulo.fr\/ro\/evaluare-ecovadis-2026\/","url":"https:\/\/ateliermodulo.fr\/ro\/evaluare-ecovadis-2026\/","name":"Evaluare Ecovadis | AtelierModulo","isPartOf":{"@id":"https:\/\/ateliermodulo.fr\/ro\/#website"},"primaryImageOfPage":{"@id":"https:\/\/ateliermodulo.fr\/ro\/evaluare-ecovadis-2026\/#primaryimage"},"image":{"@id":"https:\/\/ateliermodulo.fr\/ro\/evaluare-ecovadis-2026\/#primaryimage"},"thumbnailUrl":"https:\/\/ateliermodulo.fr\/wp-content\/uploads\/MODULO-DECORATIVE-SOLUTIONS-SRL-GROUP_EV_Recognition-275x275.png","datePublished":"2026-04-09T04:50:48+00:00","dateModified":"2026-04-09T05:00:30+00:00","breadcrumb":{"@id":"https:\/\/ateliermodulo.fr\/ro\/evaluare-ecovadis-2026\/#breadcrumb"},"inLanguage":"ro-RO","potentialAction":[{"@type":"ReadAction","target":["https:\/\/ateliermodulo.fr\/ro\/evaluare-ecovadis-2026\/"]}]},{"@type":"ImageObject","inLanguage":"ro-RO","@id":"https:\/\/ateliermodulo.fr\/ro\/evaluare-ecovadis-2026\/#primaryimage","url":"https:\/\/ateliermodulo.fr\/wp-content\/uploads\/MODULO-DECORATIVE-SOLUTIONS-SRL-GROUP_EV_Recognition-275x275.png","contentUrl":"https:\/\/ateliermodulo.fr\/wp-content\/uploads\/MODULO-DECORATIVE-SOLUTIONS-SRL-GROUP_EV_Recognition-275x275.png"},{"@type":"BreadcrumbList","@id":"https:\/\/ateliermodulo.fr\/ro\/evaluare-ecovadis-2026\/#breadcrumb","itemListElement":[{"@type":"ListItem","position":1,"name":"Home","item":"https:\/\/ateliermodulo.fr\/ro\/"},{"@type":"ListItem","position":2,"name":"Evaluare Ecovadis"}]},{"@type":"WebSite","@id":"https:\/\/ateliermodulo.fr\/ro\/#website","url":"https:\/\/ateliermodulo.fr\/ro\/","name":"AtelierModulo","description":"Since the 1980\u2019s, frequently copied, never surpassed","publisher":{"@id":"https:\/\/ateliermodulo.fr\/ro\/#organization"},"potentialAction":[{"@type":"SearchAction","target":{"@type":"EntryPoint","urlTemplate":"https:\/\/ateliermodulo.fr\/ro\/?s={search_term_string}"},"query-input":{"@type":"PropertyValueSpecification","valueRequired":true,"valueName":"search_term_string"}}],"inLanguage":"ro-RO"},{"@type":"Organization","@id":"https:\/\/ateliermodulo.fr\/ro\/#organization","name":"Modulo Decorative Solutions","url":"https:\/\/ateliermodulo.fr\/ro\/","logo":{"@type":"ImageObject","inLanguage":"ro-RO","@id":"https:\/\/ateliermodulo.fr\/ro\/#\/schema\/logo\/image\/","url":"https:\/\/ateliermodulo.fr\/wp-content\/uploads\/MODULO-Logo-Color-1000x245-1.png","contentUrl":"https:\/\/ateliermodulo.fr\/wp-content\/uploads\/MODULO-Logo-Color-1000x245-1.png","width":1000,"height":245,"caption":"Modulo Decorative Solutions"},"image":{"@id":"https:\/\/ateliermodulo.fr\/ro\/#\/schema\/logo\/image\/"},"sameAs":["https:\/\/www.facebook.com\/modulostones\/"]}]}},"_links":{"self":[{"href":"https:\/\/ateliermodulo.fr\/ro\/wp-json\/wp\/v2\/pages\/22037","targetHints":{"allow":["GET"]}}],"collection":[{"href":"https:\/\/ateliermodulo.fr\/ro\/wp-json\/wp\/v2\/pages"}],"about":[{"href":"https:\/\/ateliermodulo.fr\/ro\/wp-json\/wp\/v2\/types\/page"}],"author":[{"embeddable":true,"href":"https:\/\/ateliermodulo.fr\/ro\/wp-json\/wp\/v2\/users\/6"}],"replies":[{"embeddable":true,"href":"https:\/\/ateliermodulo.fr\/ro\/wp-json\/wp\/v2\/comments?post=22037"}],"version-history":[{"count":3,"href":"https:\/\/ateliermodulo.fr\/ro\/wp-json\/wp\/v2\/pages\/22037\/revisions"}],"predecessor-version":[{"id":22044,"href":"https:\/\/ateliermodulo.fr\/ro\/wp-json\/wp\/v2\/pages\/22037\/revisions\/22044"}],"wp:attachment":[{"href":"https:\/\/ateliermodulo.fr\/ro\/wp-json\/wp\/v2\/media?parent=22037"}],"curies":[{"name":"wp","href":"https:\/\/api.w.org\/{rel}","templated":true}]}}